{"id":12017,"date":"2021-10-21T09:38:09","date_gmt":"2021-10-21T16:38:09","guid":{"rendered":"https:\/\/www-bromic-ca.bromicpimstg.sites.hosting.454.agency\/concevoir-votre-espace\/"},"modified":"2022-12-05T17:54:47","modified_gmt":"2022-12-06T00:54:47","slug":"concevoir-votre-espace","status":"publish","type":"page","link":"https:\/\/www-bromic-ca.bromicpimstg.sites.hosting.454.agency\/fr-ca\/concevoir-votre-espace\/","title":{"rendered":"Concevoir votre espace"},"content":{"rendered":"\n<div class=\"wp-block-group alignfull has-pearl-background-color has-background\"><div class=\"wp-block-group__inner-container is-layout-flow wp-block-group-is-layout-flow\">\n<div style=\"height:100px\" aria-hidden=\"true\" class=\"wp-block-spacer\"><\/div>\n\n\n\n<div class=\"wp-block-columns alignwide is-layout-flex wp-container-core-columns-is-layout-9d6595d7 wp-block-columns-is-layout-flex\">\n<div class=\"wp-block-column is-layout-flow wp-block-column-is-layout-flow\" style=\"flex-basis:40%\">\n<h3 class=\"wp-block-heading\">Voir un exemple de conception<\/h3>\n\n\n\n<p><strong>Dessins techniques et soutien aux sp\u00e9cifications du chauffage ext\u00e9rieur<\/strong><\/p>\n\n\n\n<p>Qu&rsquo;il s\u2019agisse d&rsquo;inclure la diffusion de chaleur dans vos dessins techniques ou d&rsquo;une liste d\u2019options compl\u00e8tes r\u00e9pondant \u00e0 vos besoins, notre service de conception r\u00e9pondra \u00e0 vos questions et vous aidera \u00e0 commander exactement ce qu\u2019il vous faut.<\/p>\n\n\n\n<ul class=\"wp-block-list\"><li>Superposition de plans par \u00e9tage<\/li><li>Agencement et environnement<\/li><li>Types d&rsquo;\u00e9nergie<\/li><li>Budget du projet<\/li><li>S\u00e9lection de l&rsquo;appareil de chauffage<\/li><li>Exigences d&rsquo;installation<\/li><\/ul>\n\n\n\n<div style=\"height:20px\" aria-hidden=\"true\" class=\"wp-block-spacer\"><\/div>\n\n\n\n<div class=\"wp-block-buttons is-layout-flex wp-block-buttons-is-layout-flex\">\n<div class=\"wp-block-button\"><a class=\"wp-block-button__link has-orange-background-color has-background\" href=\"https:\/\/bromicpimstg.sites.hosting.454.agency\/wp-content\/uploads\/2021\/09\/Design-Services-Project-Example.pdf\" target=\"_blank\" rel=\"noreferrer noopener\">T\u00e9l\u00e9charger l&rsquo;\u00e9chantillon de conception<\/a><\/div>\n<\/div>\n<\/div>\n\n\n\n<div class=\"wp-block-column has-white-background-color has-background is-layout-flow wp-block-column-is-layout-flow\" style=\"padding-top:40px;padding-right:40px;padding-bottom:40px;padding-left:40px;flex-basis:60%\">\n<h4 class=\"wp-block-heading\">Parlez-nous de votre projet<\/h4>\n\n\n<script charset=\"utf-8\" type=\"text\/javascript\" src=\"\/\/js.hsforms.net\/forms\/embed\/v2.js\"><\/script>\r\n<script>\r\n  hbspt.forms.create({\r\n    region: \"na1\",\r\n    portalId: \"21962787\",\r\n    formId: \"bdfcf85b-32d6-499b-b49c-4f495749704b\"\r\n  });\r\n<\/script><\/div>\n<\/div>\n\n\n\n<div style=\"height:100px\" aria-hidden=\"true\" class=\"wp-block-spacer\"><\/div>\n<\/div><\/div>\n\n\n\n<div style=\"height:100px\" aria-hidden=\"true\" class=\"wp-block-spacer\"><\/div>\n\n\n\n<h2 class=\"has-text-align-center wp-block-heading\">Derniers projets<\/h2>\n\n\n\n<div style=\"height:20px\" aria-hidden=\"true\" class=\"wp-block-spacer\"><\/div>\n\n\n<section class=\"blocks block-case-studies alignwide \" id=\"block_6ab52dfd7e2486b7baa6abcf6e2cc3dc\">\n\n                <ul class=\"wp-block-latest-posts__list is-grid columns-3 wp-block-latest-posts\">\n                            <li>\n                    <div class=\"wp-block-latest-posts__featured-image\">\n                        <img decoding=\"async\" width=\"2500\" height=\"1682\" src=\"https:\/\/www-bromic-ca.bromicpimstg.sites.hosting.454.agency\/wp-content\/uploads\/sites\/3\/2025\/07\/BromicHeaters_OranParkHotel_StevenWoodburn_3.jpg\" class=\"attachment-mediunm size-mediunm wp-post-image\" alt=\"\" srcset=\"https:\/\/www-bromic-ca.bromicpimstg.sites.hosting.454.agency\/wp-content\/uploads\/sites\/3\/2025\/07\/BromicHeaters_OranParkHotel_StevenWoodburn_3.jpg 2500w, https:\/\/www-bromic-ca.bromicpimstg.sites.hosting.454.agency\/wp-content\/uploads\/sites\/3\/2025\/07\/BromicHeaters_OranParkHotel_StevenWoodburn_3-1024x689.jpg 1024w, https:\/\/www-bromic-ca.bromicpimstg.sites.hosting.454.agency\/wp-content\/uploads\/sites\/3\/2025\/07\/BromicHeaters_OranParkHotel_StevenWoodburn_3-1600x1076.jpg 1600w\" sizes=\"(max-width: 2500px) 100vw, 2500px\" \/>                    <\/div>\n                    <a href=\"case-study\/elegance-terrestre-a-lhotel-oran-park-grace\/\">\u00c9l\u00e9gance Terrestre \u00e0 l\u2019H\u00f4tel Oran Park gr\u00e2ce<\/a>\n                    <div class=\"wp-block-latest-posts__post-excerpt\">Situ\u00e9 dans le sud-ouest de Sydney, Oran Park est un quartier r\u00e9sidentiel en pleine croissance,&#8230;<\/div>\n                    <a href=\"case-study\/elegance-terrestre-a-lhotel-oran-park-grace\/\" class=\"button-link\" aria-label=\"Continuer la Lecture \u00c9l\u00e9gance Terrestre \u00e0 l\u2019H\u00f4tel Oran Park gr\u00e2ce\">Continuer la Lecture<\/a>\n                <\/li>\n                            <li>\n                    <div class=\"wp-block-latest-posts__featured-image\">\n                        <img decoding=\"async\" width=\"2560\" height=\"2030\" src=\"https:\/\/www-bromic-ca.bromicpimstg.sites.hosting.454.agency\/wp-content\/uploads\/sites\/3\/2025\/03\/Industrie-Apartments-Exterior-1-scaled.jpg\" class=\"attachment-mediunm size-mediunm wp-post-image\" alt=\"\" srcset=\"https:\/\/www-bromic-ca.bromicpimstg.sites.hosting.454.agency\/wp-content\/uploads\/sites\/3\/2025\/03\/Industrie-Apartments-Exterior-1-scaled.jpg 2560w, https:\/\/www-bromic-ca.bromicpimstg.sites.hosting.454.agency\/wp-content\/uploads\/sites\/3\/2025\/03\/Industrie-Apartments-Exterior-1024x812.jpg 1024w, https:\/\/www-bromic-ca.bromicpimstg.sites.hosting.454.agency\/wp-content\/uploads\/sites\/3\/2025\/03\/Industrie-Apartments-Exterior-1600x1269.jpg 1600w\" sizes=\"(max-width: 2560px) 100vw, 2560px\" \/>                    <\/div>\n                    <a href=\"case-study\/creating-a-year-round-rooftop-retreat-in-albanys-first-zero-emissions-multifamily-building\/\">Cr\u00e9er une Terrasse Sur le Toit Utilisable Toute L\u2019ann\u00e9e Dans le Premier Immeuble Multifamilial Z\u00e9ro \u00c9mission d\u2019Albany<\/a>\n                    <div class=\"wp-block-latest-posts__post-excerpt\">Aper\u00e7u du Projet Industrie, un projet r\u00e9sidentiel multifamilial z\u00e9ro \u00e9mission d\u00e9velopp\u00e9 par The Rosenblum Companies,&#8230;<\/div>\n                    <a href=\"case-study\/creating-a-year-round-rooftop-retreat-in-albanys-first-zero-emissions-multifamily-building\/\" class=\"button-link\" aria-label=\"Continuer la Lecture Cr\u00e9er une Terrasse Sur le Toit Utilisable Toute L\u2019ann\u00e9e Dans le Premier Immeuble Multifamilial Z\u00e9ro \u00c9mission d\u2019Albany\">Continuer la Lecture<\/a>\n                <\/li>\n                            <li>\n                    <div class=\"wp-block-latest-posts__featured-image\">\n                        <img decoding=\"async\" width=\"1920\" height=\"1080\" src=\"https:\/\/www-bromic-ca.bromicpimstg.sites.hosting.454.agency\/wp-content\/uploads\/sites\/3\/2023\/08\/Christophers-Wrigley-Mansion.png\" class=\"attachment-mediunm size-mediunm wp-post-image\" alt=\"Bromic Heating Case Studies - Eclipse Portable Heaters Wringley&#039;s Mansion in Phoenix, Arizona\" srcset=\"https:\/\/www-bromic-ca.bromicpimstg.sites.hosting.454.agency\/wp-content\/uploads\/sites\/3\/2023\/08\/Christophers-Wrigley-Mansion.png 1920w, https:\/\/www-bromic-ca.bromicpimstg.sites.hosting.454.agency\/wp-content\/uploads\/sites\/3\/2023\/08\/Christophers-Wrigley-Mansion-1024x576.png 1024w, https:\/\/www-bromic-ca.bromicpimstg.sites.hosting.454.agency\/wp-content\/uploads\/sites\/3\/2023\/08\/Christophers-Wrigley-Mansion-1600x900.png 1600w, https:\/\/www-bromic-ca.bromicpimstg.sites.hosting.454.agency\/wp-content\/uploads\/sites\/3\/2023\/08\/Christophers-Wrigley-Mansion-1280x720.png 1280w, https:\/\/www-bromic-ca.bromicpimstg.sites.hosting.454.agency\/wp-content\/uploads\/sites\/3\/2023\/08\/Christophers-Wrigley-Mansion-1536x864.png 1536w, https:\/\/www-bromic-ca.bromicpimstg.sites.hosting.454.agency\/wp-content\/uploads\/sites\/3\/2023\/08\/Christophers-Wrigley-Mansion-500x281.png 500w\" sizes=\"(max-width: 1920px) 100vw, 1920px\" \/>                    <\/div>\n                    <a href=\"case-study\/eclipse-portable-pour-le-christophers-au-wrigley-mansion\/\">Eclipse portable pour le Christopher&rsquo;s au Manoir Wrigley<\/a>\n                    <div class=\"wp-block-latest-posts__post-excerpt\">Le manoir historique de Wrigley, con\u00e7u par William Wrigley et achev\u00e9 en 1931, est un&#8230;<\/div>\n                    <a href=\"case-study\/eclipse-portable-pour-le-christophers-au-wrigley-mansion\/\" class=\"button-link\" aria-label=\"Continuer la Lecture Eclipse portable pour le Christopher&rsquo;s au Manoir Wrigley\">Continuer la Lecture<\/a>\n                <\/li>\n                    <\/ul>\n        \n<\/section>\n","protected":false},"excerpt":{"rendered":"<p>Voir un exemple de conception Dessins techniques et soutien aux sp\u00e9cifications du chauffage ext\u00e9rieur Qu&rsquo;il s\u2019agisse d&rsquo;inclure la diffusion de chaleur dans vos dessins techniques ou d&rsquo;une liste d\u2019options compl\u00e8tes r\u00e9pondant \u00e0 vos besoins, notre service de conception r\u00e9pondra \u00e0 vos questions et vous aidera \u00e0 commander exactement ce qu\u2019il vous faut. Superposition de plans [&hellip;]<\/p>\n","protected":false},"author":8,"featured_media":63889,"parent":0,"menu_order":0,"comment_status":"closed","ping_status":"closed","template":"","meta":{"_acf_changed":false,"footnotes":""},"class_list":["post-12017","page","type-page","status-publish","has-post-thumbnail","hentry"],"acf":[],"yoast_head":"<!-- This site is optimized with the Yoast SEO plugin v26.1.1 - https:\/\/yoast.com\/wordpress\/plugins\/seo\/ -->\n<title>Concevoir votre espace - Bromic Heating Canada<\/title>\n<meta name=\"description\" content=\"Voir un exemple de conception Dessins techniques et soutien aux sp\u00e9cifications du chauffage ext\u00e9rieur Qu&#039;il s\u2019agisse d&#039;inclure la diffusion de chaleur\" \/>\n<meta name=\"robots\" content=\"index, follow, max-snippet:-1, max-image-preview:large, max-video-preview:-1\" \/>\n<link rel=\"canonical\" href=\"https:\/\/www-bromic-ca.bromicpimstg.sites.hosting.454.agency\/fr-ca\/concevoir-votre-espace\/\" \/>\n<meta property=\"og:locale\" content=\"fr_CA\" \/>\n<meta property=\"og:type\" content=\"article\" \/>\n<meta property=\"og:title\" content=\"Concevoir votre espace - Bromic Heating Canada\" \/>\n<meta property=\"og:description\" content=\"Voir un exemple de conception Dessins techniques et soutien aux sp\u00e9cifications du chauffage ext\u00e9rieur Qu&#039;il s\u2019agisse d&#039;inclure la diffusion de chaleur\" \/>\n<meta property=\"og:url\" content=\"https:\/\/www-bromic-ca.bromicpimstg.sites.hosting.454.agency\/fr-ca\/concevoir-votre-espace\/\" \/>\n<meta property=\"og:site_name\" content=\"Bromic Heating Canada\" \/>\n<meta property=\"article:modified_time\" content=\"2022-12-06T00:54:47+00:00\" \/>\n<meta property=\"og:image\" content=\"https:\/\/www-bromic-ca.bromicpimstg.sites.hosting.454.agency\/wp-content\/uploads\/sites\/3\/2023\/08\/Tungsten_Portable_HR-1-1600x1131-1.jpg\" \/>\n\t<meta property=\"og:image:width\" content=\"1600\" \/>\n\t<meta property=\"og:image:height\" content=\"1131\" \/>\n\t<meta property=\"og:image:type\" content=\"image\/jpeg\" \/>\n<meta name=\"twitter:card\" content=\"summary_large_image\" \/>\n<meta name=\"twitter:label1\" content=\"Estimation du temps de lecture\" \/>\n\t<meta name=\"twitter:data1\" content=\"1 minute\" \/>\n<script type=\"application\/ld+json\" class=\"yoast-schema-graph\">{\"@context\":\"https:\/\/schema.org\",\"@graph\":[{\"@type\":\"WebPage\",\"@id\":\"https:\/\/www-bromic-ca.bromicpimstg.sites.hosting.454.agency\/fr-ca\/concevoir-votre-espace\/\",\"url\":\"https:\/\/www-bromic-ca.bromicpimstg.sites.hosting.454.agency\/fr-ca\/concevoir-votre-espace\/\",\"name\":\"Concevoir votre espace - Bromic Heating Canada\",\"isPartOf\":{\"@id\":\"https:\/\/www-bromic-ca.bromicpimstg.sites.hosting.454.agency\/fr-ca\/#website\"},\"primaryImageOfPage\":{\"@id\":\"https:\/\/www-bromic-ca.bromicpimstg.sites.hosting.454.agency\/fr-ca\/concevoir-votre-espace\/#primaryimage\"},\"image\":{\"@id\":\"https:\/\/www-bromic-ca.bromicpimstg.sites.hosting.454.agency\/fr-ca\/concevoir-votre-espace\/#primaryimage\"},\"thumbnailUrl\":\"https:\/\/www-bromic-ca.bromicpimstg.sites.hosting.454.agency\/wp-content\/uploads\/sites\/3\/2023\/08\/Tungsten_Portable_HR-1-1600x1131-1.jpg\",\"datePublished\":\"2021-10-21T16:38:09+00:00\",\"dateModified\":\"2022-12-06T00:54:47+00:00\",\"description\":\"Voir un exemple de conception Dessins techniques et soutien aux sp\u00e9cifications du chauffage ext\u00e9rieur Qu'il s\u2019agisse d'inclure la diffusion de chaleur\",\"breadcrumb\":{\"@id\":\"https:\/\/www-bromic-ca.bromicpimstg.sites.hosting.454.agency\/fr-ca\/concevoir-votre-espace\/#breadcrumb\"},\"inLanguage\":\"fr-CA\",\"potentialAction\":[{\"@type\":\"ReadAction\",\"target\":[\"https:\/\/www-bromic-ca.bromicpimstg.sites.hosting.454.agency\/fr-ca\/concevoir-votre-espace\/\"]}]},{\"@type\":\"ImageObject\",\"inLanguage\":\"fr-CA\",\"@id\":\"https:\/\/www-bromic-ca.bromicpimstg.sites.hosting.454.agency\/fr-ca\/concevoir-votre-espace\/#primaryimage\",\"url\":\"https:\/\/www-bromic-ca.bromicpimstg.sites.hosting.454.agency\/wp-content\/uploads\/sites\/3\/2023\/08\/Tungsten_Portable_HR-1-1600x1131-1.jpg\",\"contentUrl\":\"https:\/\/www-bromic-ca.bromicpimstg.sites.hosting.454.agency\/wp-content\/uploads\/sites\/3\/2023\/08\/Tungsten_Portable_HR-1-1600x1131-1.jpg\",\"width\":1600,\"height\":1131,\"caption\":\"Tungsten Portable\"},{\"@type\":\"BreadcrumbList\",\"@id\":\"https:\/\/www-bromic-ca.bromicpimstg.sites.hosting.454.agency\/fr-ca\/concevoir-votre-espace\/#breadcrumb\",\"itemListElement\":[{\"@type\":\"ListItem\",\"position\":1,\"name\":\"Home\",\"item\":\"https:\/\/www-bromic-ca.bromicpimstg.sites.hosting.454.agency\/fr-ca\/\"},{\"@type\":\"ListItem\",\"position\":2,\"name\":\"Concevoir votre espace\"}]},{\"@type\":\"WebSite\",\"@id\":\"https:\/\/www-bromic-ca.bromicpimstg.sites.hosting.454.agency\/fr-ca\/#website\",\"url\":\"https:\/\/www-bromic-ca.bromicpimstg.sites.hosting.454.agency\/fr-ca\/\",\"name\":\"Bromic Heating Canada\",\"description\":\"\",\"publisher\":{\"@id\":\"https:\/\/www-bromic-ca.bromicpimstg.sites.hosting.454.agency\/fr-ca\/#organization\"},\"potentialAction\":[{\"@type\":\"SearchAction\",\"target\":{\"@type\":\"EntryPoint\",\"urlTemplate\":\"https:\/\/www-bromic-ca.bromicpimstg.sites.hosting.454.agency\/fr-ca\/?s={search_term_string}\"},\"query-input\":{\"@type\":\"PropertyValueSpecification\",\"valueRequired\":true,\"valueName\":\"search_term_string\"}}],\"inLanguage\":\"fr-CA\"},{\"@type\":\"Organization\",\"@id\":\"https:\/\/www-bromic-ca.bromicpimstg.sites.hosting.454.agency\/fr-ca\/#organization\",\"name\":\"Bromic Heating Canada\",\"url\":\"https:\/\/www-bromic-ca.bromicpimstg.sites.hosting.454.agency\/fr-ca\/\",\"logo\":{\"@type\":\"ImageObject\",\"inLanguage\":\"fr-CA\",\"@id\":\"https:\/\/www-bromic-ca.bromicpimstg.sites.hosting.454.agency\/fr-ca\/#\/schema\/logo\/image\/\",\"url\":\"https:\/\/www-bromic-ca.bromicpimstg.sites.hosting.454.agency\/wp-content\/uploads\/sites\/3\/2021\/09\/bromic-logo.png\",\"contentUrl\":\"https:\/\/www-bromic-ca.bromicpimstg.sites.hosting.454.agency\/wp-content\/uploads\/sites\/3\/2021\/09\/bromic-logo.png\",\"width\":1000,\"height\":342,\"caption\":\"Bromic Heating Canada\"},\"image\":{\"@id\":\"https:\/\/www-bromic-ca.bromicpimstg.sites.hosting.454.agency\/fr-ca\/#\/schema\/logo\/image\/\"}}]}<\/script>\n<!-- \/ Yoast SEO plugin. -->","yoast_head_json":{"title":"Concevoir votre espace - Bromic Heating Canada","description":"Voir un exemple de conception Dessins techniques et soutien aux sp\u00e9cifications du chauffage ext\u00e9rieur Qu'il s\u2019agisse d'inclure la diffusion de chaleur","robots":{"index":"index","follow":"follow","max-snippet":"max-snippet:-1","max-image-preview":"max-image-preview:large","max-video-preview":"max-video-preview:-1"},"canonical":"https:\/\/www-bromic-ca.bromicpimstg.sites.hosting.454.agency\/fr-ca\/concevoir-votre-espace\/","og_locale":"fr_CA","og_type":"article","og_title":"Concevoir votre espace - Bromic Heating Canada","og_description":"Voir un exemple de conception Dessins techniques et soutien aux sp\u00e9cifications du chauffage ext\u00e9rieur Qu'il s\u2019agisse d'inclure la diffusion de chaleur","og_url":"https:\/\/www-bromic-ca.bromicpimstg.sites.hosting.454.agency\/fr-ca\/concevoir-votre-espace\/","og_site_name":"Bromic Heating Canada","article_modified_time":"2022-12-06T00:54:47+00:00","og_image":[{"width":1600,"height":1131,"url":"https:\/\/www-bromic-ca.bromicpimstg.sites.hosting.454.agency\/wp-content\/uploads\/sites\/3\/2023\/08\/Tungsten_Portable_HR-1-1600x1131-1.jpg","type":"image\/jpeg"}],"twitter_card":"summary_large_image","twitter_misc":{"Estimation du temps de lecture":"1 minute"},"schema":{"@context":"https:\/\/schema.org","@graph":[{"@type":"WebPage","@id":"https:\/\/www-bromic-ca.bromicpimstg.sites.hosting.454.agency\/fr-ca\/concevoir-votre-espace\/","url":"https:\/\/www-bromic-ca.bromicpimstg.sites.hosting.454.agency\/fr-ca\/concevoir-votre-espace\/","name":"Concevoir votre espace - Bromic Heating Canada","isPartOf":{"@id":"https:\/\/www-bromic-ca.bromicpimstg.sites.hosting.454.agency\/fr-ca\/#website"},"primaryImageOfPage":{"@id":"https:\/\/www-bromic-ca.bromicpimstg.sites.hosting.454.agency\/fr-ca\/concevoir-votre-espace\/#primaryimage"},"image":{"@id":"https:\/\/www-bromic-ca.bromicpimstg.sites.hosting.454.agency\/fr-ca\/concevoir-votre-espace\/#primaryimage"},"thumbnailUrl":"https:\/\/www-bromic-ca.bromicpimstg.sites.hosting.454.agency\/wp-content\/uploads\/sites\/3\/2023\/08\/Tungsten_Portable_HR-1-1600x1131-1.jpg","datePublished":"2021-10-21T16:38:09+00:00","dateModified":"2022-12-06T00:54:47+00:00","description":"Voir un exemple de conception Dessins techniques et soutien aux sp\u00e9cifications du chauffage ext\u00e9rieur Qu'il s\u2019agisse d'inclure la diffusion de chaleur","breadcrumb":{"@id":"https:\/\/www-bromic-ca.bromicpimstg.sites.hosting.454.agency\/fr-ca\/concevoir-votre-espace\/#breadcrumb"},"inLanguage":"fr-CA","potentialAction":[{"@type":"ReadAction","target":["https:\/\/www-bromic-ca.bromicpimstg.sites.hosting.454.agency\/fr-ca\/concevoir-votre-espace\/"]}]},{"@type":"ImageObject","inLanguage":"fr-CA","@id":"https:\/\/www-bromic-ca.bromicpimstg.sites.hosting.454.agency\/fr-ca\/concevoir-votre-espace\/#primaryimage","url":"https:\/\/www-bromic-ca.bromicpimstg.sites.hosting.454.agency\/wp-content\/uploads\/sites\/3\/2023\/08\/Tungsten_Portable_HR-1-1600x1131-1.jpg","contentUrl":"https:\/\/www-bromic-ca.bromicpimstg.sites.hosting.454.agency\/wp-content\/uploads\/sites\/3\/2023\/08\/Tungsten_Portable_HR-1-1600x1131-1.jpg","width":1600,"height":1131,"caption":"Tungsten Portable"},{"@type":"BreadcrumbList","@id":"https:\/\/www-bromic-ca.bromicpimstg.sites.hosting.454.agency\/fr-ca\/concevoir-votre-espace\/#breadcrumb","itemListElement":[{"@type":"ListItem","position":1,"name":"Home","item":"https:\/\/www-bromic-ca.bromicpimstg.sites.hosting.454.agency\/fr-ca\/"},{"@type":"ListItem","position":2,"name":"Concevoir votre espace"}]},{"@type":"WebSite","@id":"https:\/\/www-bromic-ca.bromicpimstg.sites.hosting.454.agency\/fr-ca\/#website","url":"https:\/\/www-bromic-ca.bromicpimstg.sites.hosting.454.agency\/fr-ca\/","name":"Bromic Heating Canada","description":"","publisher":{"@id":"https:\/\/www-bromic-ca.bromicpimstg.sites.hosting.454.agency\/fr-ca\/#organization"},"potentialAction":[{"@type":"SearchAction","target":{"@type":"EntryPoint","urlTemplate":"https:\/\/www-bromic-ca.bromicpimstg.sites.hosting.454.agency\/fr-ca\/?s={search_term_string}"},"query-input":{"@type":"PropertyValueSpecification","valueRequired":true,"valueName":"search_term_string"}}],"inLanguage":"fr-CA"},{"@type":"Organization","@id":"https:\/\/www-bromic-ca.bromicpimstg.sites.hosting.454.agency\/fr-ca\/#organization","name":"Bromic Heating Canada","url":"https:\/\/www-bromic-ca.bromicpimstg.sites.hosting.454.agency\/fr-ca\/","logo":{"@type":"ImageObject","inLanguage":"fr-CA","@id":"https:\/\/www-bromic-ca.bromicpimstg.sites.hosting.454.agency\/fr-ca\/#\/schema\/logo\/image\/","url":"https:\/\/www-bromic-ca.bromicpimstg.sites.hosting.454.agency\/wp-content\/uploads\/sites\/3\/2021\/09\/bromic-logo.png","contentUrl":"https:\/\/www-bromic-ca.bromicpimstg.sites.hosting.454.agency\/wp-content\/uploads\/sites\/3\/2021\/09\/bromic-logo.png","width":1000,"height":342,"caption":"Bromic Heating Canada"},"image":{"@id":"https:\/\/www-bromic-ca.bromicpimstg.sites.hosting.454.agency\/fr-ca\/#\/schema\/logo\/image\/"}}]}},"_links":{"self":[{"href":"https:\/\/www-bromic-ca.bromicpimstg.sites.hosting.454.agency\/fr-ca\/wp-json\/wp\/v2\/pages\/12017","targetHints":{"allow":["GET"]}}],"collection":[{"href":"https:\/\/www-bromic-ca.bromicpimstg.sites.hosting.454.agency\/fr-ca\/wp-json\/wp\/v2\/pages"}],"about":[{"href":"https:\/\/www-bromic-ca.bromicpimstg.sites.hosting.454.agency\/fr-ca\/wp-json\/wp\/v2\/types\/page"}],"author":[{"embeddable":true,"href":"https:\/\/www-bromic-ca.bromicpimstg.sites.hosting.454.agency\/fr-ca\/wp-json\/wp\/v2\/users\/8"}],"replies":[{"embeddable":true,"href":"https:\/\/www-bromic-ca.bromicpimstg.sites.hosting.454.agency\/fr-ca\/wp-json\/wp\/v2\/comments?post=12017"}],"version-history":[{"count":0,"href":"https:\/\/www-bromic-ca.bromicpimstg.sites.hosting.454.agency\/fr-ca\/wp-json\/wp\/v2\/pages\/12017\/revisions"}],"wp:featuredmedia":[{"embeddable":true,"href":"https:\/\/www-bromic-ca.bromicpimstg.sites.hosting.454.agency\/fr-ca\/wp-json\/wp\/v2\/media\/63889"}],"wp:attachment":[{"href":"https:\/\/www-bromic-ca.bromicpimstg.sites.hosting.454.agency\/fr-ca\/wp-json\/wp\/v2\/media?parent=12017"}],"curies":[{"name":"wp","href":"https:\/\/api.w.org\/{rel}","templated":true}]}}