{"id":12022,"date":"2021-10-21T08:37:55","date_gmt":"2021-10-21T16:37:55","guid":{"rendered":"https:\/\/www-bromic-ca.bromicpimstg.sites.hosting.454.agency\/a-propos-de-bromic\/"},"modified":"2025-02-13T05:51:35","modified_gmt":"2025-02-13T13:51:35","slug":"a-propos-de-bromic","status":"publish","type":"page","link":"https:\/\/www-bromic-ca.bromicpimstg.sites.hosting.454.agency\/fr-ca\/a-propos-de-bromic\/","title":{"rendered":"\u00c0 propos de Bromic"},"content":{"rendered":"\n<div class=\"wp-block-group alignfull has-pearl-background-color has-background\"><div class=\"wp-block-group__inner-container is-layout-flow wp-block-group-is-layout-flow\">\n<div style=\"height:100px\" aria-hidden=\"true\" class=\"wp-block-spacer\"><\/div>\n\n\n\n<div class=\"wp-block-columns alignwide is-layout-flex wp-container-core-columns-is-layout-9d6595d7 wp-block-columns-is-layout-flex\">\n<div class=\"wp-block-column is-layout-flow wp-block-column-is-layout-flow\" style=\"flex-basis:40%\">\n<h4 class=\"wp-block-heading\">Bromic Heating est la seule entreprise \u00e0 concevoir, \u00e9laborer et fabriquer des produits de chauffage ext\u00e9rieur au gaz, \u00e9lectriques et portables.<\/h4>\n<\/div>\n\n\n\n<div class=\"wp-block-column is-layout-flow wp-block-column-is-layout-flow\" style=\"flex-basis:60%\">\n<p style=\"font-size:18px\">Bromic Heating est une entreprise australienne qui con\u00e7oit et d\u00e9veloppe fi\u00e8rement tous ses chauffages ext\u00e9rieurs haut de gamme dans son si\u00e8ge social \u00e0 Sydney, cr\u00e9ant des solutions innovantes et performantes pour am\u00e9liorer le confort des espaces ext\u00e9rieurs. Gr\u00e2ce \u00e0 un investissement continu dans notre technologie brevet\u00e9e Smart-Heat\u2122, les ing\u00e9nieurs de Bromic sont parvenus \u00e0 mettre au point des solutions de chauffage radiant qui offrent \u00e0 la fois des performances de chauffage sup\u00e9rieures et des designs de pointe, ce dont les concurrents ne sont tout simplement pas capables. Les appareils de chauffage Bromic constituent le choix pr\u00e9f\u00e9r\u00e9 des meilleurs architectes et designers et on les trouve dans les lieux d\u2019accueil les plus prestigieux du monde. Nos clients nous confient leur confort, car ils savent que nos syst\u00e8mes seront \u00e0 la hauteur en termes de performances, de conception et de fiabilit\u00e9. Ce n\u2019est pas de la vantardise, c\u2019est un fait.<\/p>\n\n\n\n<div style=\"height:30px\" aria-hidden=\"true\" class=\"wp-block-spacer\"><\/div>\n\n\n\n<h4 class=\"wp-block-heading has-text-align-center\">Nos prix<\/h4>\n\n\n\n<div style=\"height:20px\" aria-hidden=\"true\" class=\"wp-block-spacer\"><\/div>\n\n\n<section class=\"blocks block-logos   has-color-logos  align\" id=\"block_7c073175c5a4336038b88721209d3cf0\" style=\"margin-top: px; margin-bottom: px;\">\n    <div class=\"container\">\n                    <\/div>\n<\/section>\n<\/div>\n<\/div>\n\n\n\n<div style=\"height:100px\" aria-hidden=\"true\" class=\"wp-block-spacer\"><\/div>\n<\/div><\/div>\n\n\n\n<div style=\"height:100px\" aria-hidden=\"true\" class=\"wp-block-spacer\"><\/div>\n\n\n<section class=\"blocks block-media-overlap alignwide \" id=\"block_0a11e33c091f4b701f4710e435b1d822\">\n    <div class=\"heading\">\n                <h2>La gamme Smart-Heat\u2122<\/h2>\n    <\/div>\n    <div class=\"wrapper\">\n        <div class=\"media\"\n        data-rellax-speed=\"-2\"\n        data-rellax-xs-speed=\"0\"\n        data-rellax-mobile-speed=\"0\"\n        data-rellax-tablet-speed=\"0\"\n        data-rellax-desktop-speed=\"-2\"\n        data-rellax-percentage=\"0.5\">\n                    <\/div>\n        <div class=\"content\">\n                        \n\n<p class=\"has-medium-font-size\">Disponible dans nos diff\u00e9rentes gammes Eclipse, Platinum et Tungsten Smart-Heat\u2122, chaque appareil de chauffage ext\u00e9rieur Bromic est con\u00e7u et \u00e9tudi\u00e9 en interne pour garantir une qualit\u00e9 parfaite et des performances durables, puis fabriqu\u00e9 \u00e0 partir de mat\u00e9riaux de premi\u00e8re qualit\u00e9 pour offrir des produits de chauffage ext\u00e9rieur qui garantissent un \u00e9quilibre parfait entre performances, fiabilit\u00e9 et esth\u00e9tique.<\/p>\n\n\n\n<div style=\"height:30px\" aria-hidden=\"true\" class=\"wp-block-spacer\"><\/div>\n\n\n\n<div class=\"wp-block-buttons is-layout-flex wp-block-buttons-is-layout-flex\">\n<div class=\"wp-block-button\"><a class=\"wp-block-button__link has-orange-background-color has-background no-border-radius wp-element-button\" href=\"https:\/\/www-bromic-ca.bromicpimstg.sites.hosting.454.agency\/fr-ca\/produire\/?_product_type=chauffages-fr-ca\">En savoir plus<\/a><\/div>\n<\/div>\n\n        <\/div>\n    <\/div>\n    <script>\n    jQuery(document).ready(function($){\n        var rellax = new Rellax('#block_0a11e33c091f4b701f4710e435b1d822 .media', {\n            breakpoints:[480, 576, 1024]\n        });\n    });\n    <\/script>\n<\/section>\n\n\n\n<div style=\"height:100px\" aria-hidden=\"true\" class=\"wp-block-spacer\"><\/div>\n\n\n\n<h3 class=\"wp-block-heading has-text-align-center\">Nos clients<\/h3>\n\n\n\n<div style=\"height:50px\" aria-hidden=\"true\" class=\"wp-block-spacer\"><\/div>\n\n\n<section class=\"blocks block-logos   has-color-logos  alignwide\" id=\"block_a75b0099215b48da4ad13162482b70e7\" style=\"margin-top: 0px; margin-bottom: 0px;\">\n    <div class=\"container\">\n                    <\/div>\n<\/section>\n\n\n\n<div style=\"height:100px\" aria-hidden=\"true\" class=\"wp-block-spacer\"><\/div>\n\n\n\n<div class=\"wp-block-group alignfull bg-cutoff-pearl\"><div class=\"wp-block-group__inner-container is-layout-flow wp-block-group-is-layout-flow\">\n<div style=\"height:100px\" aria-hidden=\"true\" class=\"wp-block-spacer\"><\/div>\n\n\n\n<h6 class=\"wp-block-heading alignwide has-orange-color has-text-color\">QUOI DE NEUF CHEZ BROMIC HEATING<\/h6>\n\n\n\n<h2 class=\"wp-block-heading alignwide\">Tout Chaud, Tout Juste Sorti De Presse<\/h2>\n\n\n\n<div style=\"height:20px\" aria-hidden=\"true\" class=\"wp-block-spacer\"><\/div>\n\n\n<section class=\"blocks alignfull \" id=\"block_27c92a3e8e0ba296011b64b23195217d\" style=\"padding: 0;\">\n    <div class=\"container\" style=\"max-width: 1460px;\">\n                <ul class=\"wp-block-latest-posts__list is-grid columns-3 wp-block-latest-posts\">\n                            <li>\n                    <div class=\"wp-block-latest-posts__featured-image\">\n                        <img decoding=\"async\" width=\"1024\" height=\"683\" src=\"https:\/\/www-bromic-ca.bromicpimstg.sites.hosting.454.agency\/wp-content\/uploads\/sites\/3\/2025\/06\/Home-Automation-Image-Residential-1024x683.jpg\" class=\"attachment-medium size-medium wp-post-image\" alt=\"\" srcset=\"https:\/\/www-bromic-ca.bromicpimstg.sites.hosting.454.agency\/wp-content\/uploads\/sites\/3\/2025\/06\/Home-Automation-Image-Residential-1024x683.jpg 1024w, https:\/\/www-bromic-ca.bromicpimstg.sites.hosting.454.agency\/wp-content\/uploads\/sites\/3\/2025\/06\/Home-Automation-Image-Residential-1600x1067.jpg 1600w\" sizes=\"(max-width: 1024px) 100vw, 1024px\" \/>                    <\/div>\n                    <a href=\"blog\/amenager-les-espaces-exterieurs-avec-la-technologie-intelligente\/\">L\u2019avenir de la domotique : Transformer les espaces ext\u00e9rieurs gr\u00e2ce \u00e0 la technologie intelligente<\/a>\n                    <div class=\"wp-block-latest-posts__post-excerpt\">Dans le plus r\u00e9cent \u00e9pisode du balado Designing Outdoor Spaces, nous plongeons dans l\u2019avenir de&#8230;<\/div>\n                    <span class=\"button-link\">Continuer la Lecture<\/span>\n                <\/li>\n                            <li>\n                    <div class=\"wp-block-latest-posts__featured-image\">\n                        <img decoding=\"async\" width=\"1024\" height=\"768\" src=\"https:\/\/www-bromic-ca.bromicpimstg.sites.hosting.454.agency\/wp-content\/uploads\/sites\/3\/2025\/04\/Princess-Sanctuary-1024x768.jpg\" class=\"attachment-medium size-medium wp-post-image\" alt=\"\" srcset=\"https:\/\/www-bromic-ca.bromicpimstg.sites.hosting.454.agency\/wp-content\/uploads\/sites\/3\/2025\/04\/Princess-Sanctuary-1024x768.jpg 1024w, https:\/\/www-bromic-ca.bromicpimstg.sites.hosting.454.agency\/wp-content\/uploads\/sites\/3\/2025\/04\/Princess-Sanctuary.jpg 1050w\" sizes=\"(max-width: 1024px) 100vw, 1024px\" \/>                    <\/div>\n                    <a href=\"blog\/design-sans-frontieres-espaces-exterieurs\/\">Un design sans fronti\u00e8res : des espaces ext\u00e9rieurs qui voyagent autour du monde<\/a>\n                    <div class=\"wp-block-latest-posts__post-excerpt\">Concevoir des espaces ext\u00e9rieurs vient avec son lot de d\u00e9fis uniques \u2014 mais qu\u2019en est-il&#8230;<\/div>\n                    <span class=\"button-link\">Continuer la Lecture<\/span>\n                <\/li>\n                            <li>\n                    <div class=\"wp-block-latest-posts__featured-image\">\n                        <img decoding=\"async\" width=\"1024\" height=\"683\" src=\"https:\/\/www-bromic-ca.bromicpimstg.sites.hosting.454.agency\/wp-content\/uploads\/sites\/3\/2024\/12\/Eclipse-Pendant_UK-Residential-1024x683.jpeg\" class=\"attachment-medium size-medium wp-post-image\" alt=\"\" srcset=\"https:\/\/www-bromic-ca.bromicpimstg.sites.hosting.454.agency\/wp-content\/uploads\/sites\/3\/2024\/12\/Eclipse-Pendant_UK-Residential-1024x683.jpeg 1024w, https:\/\/www-bromic-ca.bromicpimstg.sites.hosting.454.agency\/wp-content\/uploads\/sites\/3\/2024\/12\/Eclipse-Pendant_UK-Residential-1600x1067.jpeg 1600w\" sizes=\"(max-width: 1024px) 100vw, 1024px\" \/>                    <\/div>\n                    <a href=\"blog\/lavenir-du-confort-et-du-design\/\">Rehausser la Vie Ext\u00e9rieure : L&rsquo;avenir du Confort et du Design<\/a>\n                    <div class=\"wp-block-latest-posts__post-excerpt\">Chez Bromic Heating, nous sommes fiers d\u2019\u00eatre des leaders en innovation pour les solutions de&#8230;<\/div>\n                    <span class=\"button-link\">Continuer la Lecture<\/span>\n                <\/li>\n                    <\/ul>\n            <\/div>\n<\/section>\n<\/div><\/div>\n\n\n\n<div style=\"height:100px\" aria-hidden=\"true\" class=\"wp-block-spacer\"><\/div>\n","protected":false},"excerpt":{"rendered":"<p>Bromic Heating est la seule entreprise \u00e0 concevoir, \u00e9laborer et fabriquer des produits de chauffage ext\u00e9rieur au gaz, \u00e9lectriques et portables. Bromic Heating est une entreprise australienne qui con\u00e7oit et d\u00e9veloppe fi\u00e8rement tous ses chauffages ext\u00e9rieurs haut de gamme dans son si\u00e8ge social \u00e0 Sydney, cr\u00e9ant des solutions innovantes et performantes pour am\u00e9liorer le confort [&hellip;]<\/p>\n","protected":false},"author":8,"featured_media":62969,"parent":0,"menu_order":0,"comment_status":"closed","ping_status":"closed","template":"","meta":{"_acf_changed":false,"footnotes":""},"class_list":["post-12022","page","type-page","status-publish","has-post-thumbnail","hentry"],"acf":[],"yoast_head":"<!-- This site is optimized with the Yoast SEO plugin v26.1.1 - https:\/\/yoast.com\/wordpress\/plugins\/seo\/ -->\n<title>\u00c0 propos de Bromic - Bromic Heating Canada<\/title>\n<meta name=\"description\" content=\"Bromic Heating est la seule entreprise \u00e0 concevoir, \u00e9laborer et fabriquer des produits de chauffage ext\u00e9rieur au gaz, \u00e9lectriques et portables. Bromic\" \/>\n<meta name=\"robots\" content=\"index, follow, max-snippet:-1, max-image-preview:large, max-video-preview:-1\" \/>\n<link rel=\"canonical\" href=\"https:\/\/www-bromic-ca.bromicpimstg.sites.hosting.454.agency\/fr-ca\/a-propos-de-bromic\/\" \/>\n<meta property=\"og:locale\" content=\"fr_CA\" \/>\n<meta property=\"og:type\" content=\"article\" \/>\n<meta property=\"og:title\" content=\"\u00c0 propos de Bromic - Bromic Heating Canada\" \/>\n<meta property=\"og:description\" content=\"Bromic Heating est la seule entreprise \u00e0 concevoir, \u00e9laborer et fabriquer des produits de chauffage ext\u00e9rieur au gaz, \u00e9lectriques et portables. Bromic\" \/>\n<meta property=\"og:url\" content=\"https:\/\/www-bromic-ca.bromicpimstg.sites.hosting.454.agency\/fr-ca\/a-propos-de-bromic\/\" \/>\n<meta property=\"og:site_name\" content=\"Bromic Heating Canada\" \/>\n<meta property=\"article:modified_time\" content=\"2025-02-13T13:51:35+00:00\" \/>\n<meta property=\"og:image\" content=\"https:\/\/www-bromic-ca.bromicpimstg.sites.hosting.454.agency\/wp-content\/uploads\/sites\/3\/2023\/08\/eclipse_portable_residential-scene_web.jpg\" \/>\n\t<meta property=\"og:image:width\" content=\"2560\" \/>\n\t<meta property=\"og:image:height\" content=\"1706\" \/>\n\t<meta property=\"og:image:type\" content=\"image\/jpeg\" \/>\n<meta name=\"twitter:card\" content=\"summary_large_image\" \/>\n<meta name=\"twitter:label1\" content=\"Estimation du temps de lecture\" \/>\n\t<meta name=\"twitter:data1\" content=\"1 minute\" \/>\n<script type=\"application\/ld+json\" class=\"yoast-schema-graph\">{\"@context\":\"https:\/\/schema.org\",\"@graph\":[{\"@type\":\"WebPage\",\"@id\":\"https:\/\/www-bromic-ca.bromicpimstg.sites.hosting.454.agency\/fr-ca\/a-propos-de-bromic\/\",\"url\":\"https:\/\/www-bromic-ca.bromicpimstg.sites.hosting.454.agency\/fr-ca\/a-propos-de-bromic\/\",\"name\":\"\u00c0 propos de Bromic - Bromic Heating Canada\",\"isPartOf\":{\"@id\":\"https:\/\/www-bromic-ca.bromicpimstg.sites.hosting.454.agency\/fr-ca\/#website\"},\"primaryImageOfPage\":{\"@id\":\"https:\/\/www-bromic-ca.bromicpimstg.sites.hosting.454.agency\/fr-ca\/a-propos-de-bromic\/#primaryimage\"},\"image\":{\"@id\":\"https:\/\/www-bromic-ca.bromicpimstg.sites.hosting.454.agency\/fr-ca\/a-propos-de-bromic\/#primaryimage\"},\"thumbnailUrl\":\"https:\/\/www-bromic-ca.bromicpimstg.sites.hosting.454.agency\/wp-content\/uploads\/sites\/3\/2023\/08\/eclipse_portable_residential-scene_web.jpg\",\"datePublished\":\"2021-10-21T16:37:55+00:00\",\"dateModified\":\"2025-02-13T13:51:35+00:00\",\"description\":\"Bromic Heating est la seule entreprise \u00e0 concevoir, \u00e9laborer et fabriquer des produits de chauffage ext\u00e9rieur au gaz, \u00e9lectriques et portables. Bromic\",\"breadcrumb\":{\"@id\":\"https:\/\/www-bromic-ca.bromicpimstg.sites.hosting.454.agency\/fr-ca\/a-propos-de-bromic\/#breadcrumb\"},\"inLanguage\":\"fr-CA\",\"potentialAction\":[{\"@type\":\"ReadAction\",\"target\":[\"https:\/\/www-bromic-ca.bromicpimstg.sites.hosting.454.agency\/fr-ca\/a-propos-de-bromic\/\"]}]},{\"@type\":\"ImageObject\",\"inLanguage\":\"fr-CA\",\"@id\":\"https:\/\/www-bromic-ca.bromicpimstg.sites.hosting.454.agency\/fr-ca\/a-propos-de-bromic\/#primaryimage\",\"url\":\"https:\/\/www-bromic-ca.bromicpimstg.sites.hosting.454.agency\/wp-content\/uploads\/sites\/3\/2023\/08\/eclipse_portable_residential-scene_web.jpg\",\"contentUrl\":\"https:\/\/www-bromic-ca.bromicpimstg.sites.hosting.454.agency\/wp-content\/uploads\/sites\/3\/2023\/08\/eclipse_portable_residential-scene_web.jpg\",\"width\":2560,\"height\":1706,\"caption\":\"Residential Portable Outside Heaters - Bromic Eclipse Portable\"},{\"@type\":\"BreadcrumbList\",\"@id\":\"https:\/\/www-bromic-ca.bromicpimstg.sites.hosting.454.agency\/fr-ca\/a-propos-de-bromic\/#breadcrumb\",\"itemListElement\":[{\"@type\":\"ListItem\",\"position\":1,\"name\":\"Home\",\"item\":\"https:\/\/www-bromic-ca.bromicpimstg.sites.hosting.454.agency\/fr-ca\/\"},{\"@type\":\"ListItem\",\"position\":2,\"name\":\"\u00c0 propos de Bromic\"}]},{\"@type\":\"WebSite\",\"@id\":\"https:\/\/www-bromic-ca.bromicpimstg.sites.hosting.454.agency\/fr-ca\/#website\",\"url\":\"https:\/\/www-bromic-ca.bromicpimstg.sites.hosting.454.agency\/fr-ca\/\",\"name\":\"Bromic Heating Canada\",\"description\":\"\",\"publisher\":{\"@id\":\"https:\/\/www-bromic-ca.bromicpimstg.sites.hosting.454.agency\/fr-ca\/#organization\"},\"potentialAction\":[{\"@type\":\"SearchAction\",\"target\":{\"@type\":\"EntryPoint\",\"urlTemplate\":\"https:\/\/www-bromic-ca.bromicpimstg.sites.hosting.454.agency\/fr-ca\/?s={search_term_string}\"},\"query-input\":{\"@type\":\"PropertyValueSpecification\",\"valueRequired\":true,\"valueName\":\"search_term_string\"}}],\"inLanguage\":\"fr-CA\"},{\"@type\":\"Organization\",\"@id\":\"https:\/\/www-bromic-ca.bromicpimstg.sites.hosting.454.agency\/fr-ca\/#organization\",\"name\":\"Bromic Heating Canada\",\"url\":\"https:\/\/www-bromic-ca.bromicpimstg.sites.hosting.454.agency\/fr-ca\/\",\"logo\":{\"@type\":\"ImageObject\",\"inLanguage\":\"fr-CA\",\"@id\":\"https:\/\/www-bromic-ca.bromicpimstg.sites.hosting.454.agency\/fr-ca\/#\/schema\/logo\/image\/\",\"url\":\"https:\/\/www-bromic-ca.bromicpimstg.sites.hosting.454.agency\/wp-content\/uploads\/sites\/3\/2021\/09\/bromic-logo.png\",\"contentUrl\":\"https:\/\/www-bromic-ca.bromicpimstg.sites.hosting.454.agency\/wp-content\/uploads\/sites\/3\/2021\/09\/bromic-logo.png\",\"width\":1000,\"height\":342,\"caption\":\"Bromic Heating Canada\"},\"image\":{\"@id\":\"https:\/\/www-bromic-ca.bromicpimstg.sites.hosting.454.agency\/fr-ca\/#\/schema\/logo\/image\/\"}}]}<\/script>\n<!-- \/ Yoast SEO plugin. -->","yoast_head_json":{"title":"\u00c0 propos de Bromic - Bromic Heating Canada","description":"Bromic Heating est la seule entreprise \u00e0 concevoir, \u00e9laborer et fabriquer des produits de chauffage ext\u00e9rieur au gaz, \u00e9lectriques et portables. Bromic","robots":{"index":"index","follow":"follow","max-snippet":"max-snippet:-1","max-image-preview":"max-image-preview:large","max-video-preview":"max-video-preview:-1"},"canonical":"https:\/\/www-bromic-ca.bromicpimstg.sites.hosting.454.agency\/fr-ca\/a-propos-de-bromic\/","og_locale":"fr_CA","og_type":"article","og_title":"\u00c0 propos de Bromic - Bromic Heating Canada","og_description":"Bromic Heating est la seule entreprise \u00e0 concevoir, \u00e9laborer et fabriquer des produits de chauffage ext\u00e9rieur au gaz, \u00e9lectriques et portables. Bromic","og_url":"https:\/\/www-bromic-ca.bromicpimstg.sites.hosting.454.agency\/fr-ca\/a-propos-de-bromic\/","og_site_name":"Bromic Heating Canada","article_modified_time":"2025-02-13T13:51:35+00:00","og_image":[{"width":2560,"height":1706,"url":"https:\/\/www-bromic-ca.bromicpimstg.sites.hosting.454.agency\/wp-content\/uploads\/sites\/3\/2023\/08\/eclipse_portable_residential-scene_web.jpg","type":"image\/jpeg"}],"twitter_card":"summary_large_image","twitter_misc":{"Estimation du temps de lecture":"1 minute"},"schema":{"@context":"https:\/\/schema.org","@graph":[{"@type":"WebPage","@id":"https:\/\/www-bromic-ca.bromicpimstg.sites.hosting.454.agency\/fr-ca\/a-propos-de-bromic\/","url":"https:\/\/www-bromic-ca.bromicpimstg.sites.hosting.454.agency\/fr-ca\/a-propos-de-bromic\/","name":"\u00c0 propos de Bromic - Bromic Heating Canada","isPartOf":{"@id":"https:\/\/www-bromic-ca.bromicpimstg.sites.hosting.454.agency\/fr-ca\/#website"},"primaryImageOfPage":{"@id":"https:\/\/www-bromic-ca.bromicpimstg.sites.hosting.454.agency\/fr-ca\/a-propos-de-bromic\/#primaryimage"},"image":{"@id":"https:\/\/www-bromic-ca.bromicpimstg.sites.hosting.454.agency\/fr-ca\/a-propos-de-bromic\/#primaryimage"},"thumbnailUrl":"https:\/\/www-bromic-ca.bromicpimstg.sites.hosting.454.agency\/wp-content\/uploads\/sites\/3\/2023\/08\/eclipse_portable_residential-scene_web.jpg","datePublished":"2021-10-21T16:37:55+00:00","dateModified":"2025-02-13T13:51:35+00:00","description":"Bromic Heating est la seule entreprise \u00e0 concevoir, \u00e9laborer et fabriquer des produits de chauffage ext\u00e9rieur au gaz, \u00e9lectriques et portables. Bromic","breadcrumb":{"@id":"https:\/\/www-bromic-ca.bromicpimstg.sites.hosting.454.agency\/fr-ca\/a-propos-de-bromic\/#breadcrumb"},"inLanguage":"fr-CA","potentialAction":[{"@type":"ReadAction","target":["https:\/\/www-bromic-ca.bromicpimstg.sites.hosting.454.agency\/fr-ca\/a-propos-de-bromic\/"]}]},{"@type":"ImageObject","inLanguage":"fr-CA","@id":"https:\/\/www-bromic-ca.bromicpimstg.sites.hosting.454.agency\/fr-ca\/a-propos-de-bromic\/#primaryimage","url":"https:\/\/www-bromic-ca.bromicpimstg.sites.hosting.454.agency\/wp-content\/uploads\/sites\/3\/2023\/08\/eclipse_portable_residential-scene_web.jpg","contentUrl":"https:\/\/www-bromic-ca.bromicpimstg.sites.hosting.454.agency\/wp-content\/uploads\/sites\/3\/2023\/08\/eclipse_portable_residential-scene_web.jpg","width":2560,"height":1706,"caption":"Residential Portable Outside Heaters - Bromic Eclipse Portable"},{"@type":"BreadcrumbList","@id":"https:\/\/www-bromic-ca.bromicpimstg.sites.hosting.454.agency\/fr-ca\/a-propos-de-bromic\/#breadcrumb","itemListElement":[{"@type":"ListItem","position":1,"name":"Home","item":"https:\/\/www-bromic-ca.bromicpimstg.sites.hosting.454.agency\/fr-ca\/"},{"@type":"ListItem","position":2,"name":"\u00c0 propos de Bromic"}]},{"@type":"WebSite","@id":"https:\/\/www-bromic-ca.bromicpimstg.sites.hosting.454.agency\/fr-ca\/#website","url":"https:\/\/www-bromic-ca.bromicpimstg.sites.hosting.454.agency\/fr-ca\/","name":"Bromic Heating Canada","description":"","publisher":{"@id":"https:\/\/www-bromic-ca.bromicpimstg.sites.hosting.454.agency\/fr-ca\/#organization"},"potentialAction":[{"@type":"SearchAction","target":{"@type":"EntryPoint","urlTemplate":"https:\/\/www-bromic-ca.bromicpimstg.sites.hosting.454.agency\/fr-ca\/?s={search_term_string}"},"query-input":{"@type":"PropertyValueSpecification","valueRequired":true,"valueName":"search_term_string"}}],"inLanguage":"fr-CA"},{"@type":"Organization","@id":"https:\/\/www-bromic-ca.bromicpimstg.sites.hosting.454.agency\/fr-ca\/#organization","name":"Bromic Heating Canada","url":"https:\/\/www-bromic-ca.bromicpimstg.sites.hosting.454.agency\/fr-ca\/","logo":{"@type":"ImageObject","inLanguage":"fr-CA","@id":"https:\/\/www-bromic-ca.bromicpimstg.sites.hosting.454.agency\/fr-ca\/#\/schema\/logo\/image\/","url":"https:\/\/www-bromic-ca.bromicpimstg.sites.hosting.454.agency\/wp-content\/uploads\/sites\/3\/2021\/09\/bromic-logo.png","contentUrl":"https:\/\/www-bromic-ca.bromicpimstg.sites.hosting.454.agency\/wp-content\/uploads\/sites\/3\/2021\/09\/bromic-logo.png","width":1000,"height":342,"caption":"Bromic Heating Canada"},"image":{"@id":"https:\/\/www-bromic-ca.bromicpimstg.sites.hosting.454.agency\/fr-ca\/#\/schema\/logo\/image\/"}}]}},"_links":{"self":[{"href":"https:\/\/www-bromic-ca.bromicpimstg.sites.hosting.454.agency\/fr-ca\/wp-json\/wp\/v2\/pages\/12022","targetHints":{"allow":["GET"]}}],"collection":[{"href":"https:\/\/www-bromic-ca.bromicpimstg.sites.hosting.454.agency\/fr-ca\/wp-json\/wp\/v2\/pages"}],"about":[{"href":"https:\/\/www-bromic-ca.bromicpimstg.sites.hosting.454.agency\/fr-ca\/wp-json\/wp\/v2\/types\/page"}],"author":[{"embeddable":true,"href":"https:\/\/www-bromic-ca.bromicpimstg.sites.hosting.454.agency\/fr-ca\/wp-json\/wp\/v2\/users\/8"}],"replies":[{"embeddable":true,"href":"https:\/\/www-bromic-ca.bromicpimstg.sites.hosting.454.agency\/fr-ca\/wp-json\/wp\/v2\/comments?post=12022"}],"version-history":[{"count":0,"href":"https:\/\/www-bromic-ca.bromicpimstg.sites.hosting.454.agency\/fr-ca\/wp-json\/wp\/v2\/pages\/12022\/revisions"}],"wp:featuredmedia":[{"embeddable":true,"href":"https:\/\/www-bromic-ca.bromicpimstg.sites.hosting.454.agency\/fr-ca\/wp-json\/wp\/v2\/media\/62969"}],"wp:attachment":[{"href":"https:\/\/www-bromic-ca.bromicpimstg.sites.hosting.454.agency\/fr-ca\/wp-json\/wp\/v2\/media?parent=12022"}],"curies":[{"name":"wp","href":"https:\/\/api.w.org\/{rel}","templated":true}]}}