{"id":12095,"date":"2021-10-21T09:37:20","date_gmt":"2021-10-21T16:37:20","guid":{"rendered":"https:\/\/www-bromic-ca.bromicpimstg.sites.hosting.454.agency\/ressources-techniques\/"},"modified":"2025-06-27T14:41:21","modified_gmt":"2025-06-27T21:41:21","slug":"ressources-techniques","status":"publish","type":"page","link":"https:\/\/www-bromic-ca.bromicpimstg.sites.hosting.454.agency\/fr-ca\/ressources-techniques\/","title":{"rendered":"Ressources Techniques"},"content":{"rendered":"\n<h2 class=\"wp-block-heading has-text-align-center\" id=\"eclipse\" style=\"padding-bottom:10px\">Collection Eclipse <\/h2>\n\n\n\n<div class=\"wp-block-group alignfull row-gap-2 is-content-justification-center is-layout-flex wp-container-core-group-is-layout-4b652c7d wp-block-group-is-layout-flex\" style=\"padding-top:0;padding-bottom:0\">\n<section class=\"blocks block-product-files \" id=\"block_744b5fd0e0b6c4bdaab418bfd23a839c\">\n\n  \n<\/section>\n\n\n\n<section class=\"blocks block-product-files \" id=\"block_76382b0cd955527eb50437b88eea2aa5\">\n\n  \n<\/section>\n<\/div>\n\n\n\n<div style=\"height:60px\" aria-hidden=\"true\" class=\"wp-block-spacer\"><\/div>\n\n\n\n<h2 class=\"wp-block-heading has-text-align-center\" id=\"platinum\" style=\"padding-bottom:10px\">Collection Platinum <\/h2>\n\n\n\n<div class=\"wp-block-group alignfull row-gap-1 is-content-justification-center is-layout-flex wp-container-core-group-is-layout-6274c98b wp-block-group-is-layout-flex\">\n<section class=\"blocks block-product-files \" id=\"block_00e024806d19a2a5f4b74b5c2a14fc0d\">\n\n  \n<\/section>\n\n\n\n<section class=\"blocks block-product-files \" id=\"block_4c2d173d2036452c373b65b89f8a7b53\">\n\n  \n<\/section>\n\n\n\n<section class=\"blocks block-product-files \" id=\"block_42ca26167a83efb08867eef2553b6bff\">\n\n  \n<\/section>\n\n\n\n<section class=\"blocks block-product-files \" id=\"block_5071cbf0044727773ed381c81f934d41\">\n\n  \n<\/section>\n<\/div>\n\n\n\n<div style=\"height:60px\" aria-hidden=\"true\" class=\"wp-block-spacer\"><\/div>\n\n\n\n<h2 class=\"wp-block-heading has-text-align-center\" id=\"tungsten\" style=\"padding-bottom:10px\">Collection Tungsten <\/h2>\n\n\n\n<div class=\"wp-block-group alignfull row-gap-1 is-content-justification-center is-layout-flex wp-container-core-group-is-layout-6274c98b wp-block-group-is-layout-flex\">\n<section class=\"blocks block-product-files \" id=\"block_7348e4a04f6821395399f9045e1b02c6\">\n\n  \n<\/section>\n\n\n\n<section class=\"blocks block-product-files \" id=\"block_b481da77cf754e9a54d1e82261249f99\">\n\n  \n<\/section>\n\n\n\n<section class=\"blocks block-product-files \" id=\"block_c221a95ba5ba801827bee301c388b7b4\">\n\n  \n<\/section>\n<\/div>\n\n\n\n<div style=\"height:60px\" aria-hidden=\"true\" class=\"wp-block-spacer\"><\/div>\n\n\n\n<h2 class=\"wp-block-heading has-text-align-center\" id=\"cobalt\" style=\"padding-bottom:10px\">Collection Cobalt <\/h2>\n\n\n\n<div class=\"wp-block-group alignfull row-gap-1 is-content-justification-center is-layout-flex wp-container-core-group-is-layout-6274c98b wp-block-group-is-layout-flex\">\n<section class=\"blocks block-product-files \" id=\"block_7edd3fc030077a11c4f689c183cdb3a7\">\n\n  \n<\/section>\n<\/div>\n\n\n\n<div style=\"height:60px\" aria-hidden=\"true\" class=\"wp-block-spacer\"><\/div>\n\n\n\n<h2 class=\"wp-block-heading has-text-align-center\" id=\"controls\" style=\"padding-bottom:10px\">Collection des Appareils de Chauffage Affinity<\/h2>\n\n\n\n<div class=\"wp-block-group alignfull row-gap-1 is-content-justification-center is-layout-flex wp-container-core-group-is-layout-6274c98b wp-block-group-is-layout-flex\">\n<section class=\"blocks block-product-files \" id=\"block_3b9842ecbf32849ebb4cbaa08ce7c67f\">\n\n  \n<\/section>\n\n\n\n<section class=\"blocks block-product-files \" id=\"block_e406ad2739bd06597e34233d2558beaa\">\n\n  \n<\/section>\n\n\n\n<section class=\"blocks block-product-files \" id=\"block_7123d82d2362e9fd6b209406fa8edfa9\">\n\n  \n<\/section>\n<\/div>\n\n\n\n<div style=\"height:60px\" aria-hidden=\"true\" class=\"wp-block-spacer\"><\/div>\n\n\n\n<div class=\"wp-block-group\"><div class=\"wp-block-group__inner-container is-layout-constrained wp-block-group-is-layout-constrained\">\n<h2 class=\"wp-block-heading has-black-color has-text-color\">T\u00e9l\u00e9commandes Legacy de Bromic<\/h2>\n\n\n<section class=\"blocks block-single-accordion  align \" id=\"block_6149c421c5fc7e9e62e1dc1cf2a75ae1\" data-size=\"md\">\n    <div class=\"anchor\" id=\"\"><\/div>\n    <div class=\"accordion-button\">\n        <h2>T\u00e9l\u00e9chargements Contr\u00f4leur On\/Off Smart-Heat<i><\/i><\/h2>\n    <\/div>\n    <div class=\"accordion-content\">\n        \n\n<div class=\"wp-block-file\"><a id=\"wp-block-file--media-49e71d5b-142f-4d5c-bf74-aa46ebcb3f64\" href=\"https:\/\/www-bromic-ca.bromicpimstg.sites.hosting.454.agency\/wp-content\/uploads\/sites\/3\/2023\/08\/OnOff-instruction-manual_BROMIC_V1.2_au.pdf\">Manuel d&rsquo;instruction<\/a><a href=\"https:\/\/www-bromic-ca.bromicpimstg.sites.hosting.454.agency\/wp-content\/uploads\/sites\/3\/2023\/08\/OnOff-instruction-manual_BROMIC_V1.2_au.pdf\" class=\"wp-block-file__button wp-element-button\" download aria-describedby=\"wp-block-file--media-49e71d5b-142f-4d5c-bf74-aa46ebcb3f64\">T\u00e9l\u00e9charger<\/a><\/div>\n\n\n    <\/div>\n            <script>\n        jQuery(function($) {\n            $('body').ready(function() {\n                $( '#block_6149c421c5fc7e9e62e1dc1cf2a75ae1 .accordion-button' ).click(function() {\n                    $(this).parent().toggleClass('open');\n                });\n            });\n        });\n        <\/script>\n    <\/section>\n\n\n<section class=\"blocks block-single-accordion  align \" id=\"block_eb0ac782e9384041f45bfc56015453c3\" data-size=\"md\">\n    <div class=\"anchor\" id=\"\"><\/div>\n    <div class=\"accordion-button\">\n        <h2>T\u00e9l\u00e9chargements Variateur Smart-Heat Electric<i><\/i><\/h2>\n    <\/div>\n    <div class=\"accordion-content\">\n        \n\n<div class=\"wp-block-file\"><a id=\"wp-block-file--media-05856b63-dcdf-4162-b831-f585afef9b27\" href=\"https:\/\/www-bromic-ca.bromicpimstg.sites.hosting.454.agency\/wp-content\/uploads\/sites\/3\/2023\/08\/Smart-Heat-Electric-Dimmer-Control-Product-Brief-AU.jpg\">D\u00e9pliants<\/a><a href=\"https:\/\/www-bromic-ca.bromicpimstg.sites.hosting.454.agency\/wp-content\/uploads\/sites\/3\/2023\/08\/Smart-Heat-Electric-Dimmer-Control-Product-Brief-AU.jpg\" class=\"wp-block-file__button wp-element-button\" download aria-describedby=\"wp-block-file--media-05856b63-dcdf-4162-b831-f585afef9b27\">T\u00e9l\u00e9charger<\/a><\/div>\n\n\n\n<div class=\"wp-block-file\"><a id=\"wp-block-file--media-e77d678a-df24-44c2-bb77-ec237bca0f74\" href=\"https:\/\/www-bromic-ca.bromicpimstg.sites.hosting.454.agency\/wp-content\/uploads\/sites\/3\/2023\/08\/Dimmer_Bromic-instruction-manual_V1.2_au.pdf\">Manuel d&rsquo;instruction<\/a><a href=\"https:\/\/www-bromic-ca.bromicpimstg.sites.hosting.454.agency\/wp-content\/uploads\/sites\/3\/2023\/08\/Dimmer_Bromic-instruction-manual_V1.2_au.pdf\" class=\"wp-block-file__button wp-element-button\" download aria-describedby=\"wp-block-file--media-e77d678a-df24-44c2-bb77-ec237bca0f74\">T\u00e9l\u00e9charger<\/a><\/div>\n\n\n<section class=\"blocks block-single-accordion  align \" id=\"block_389b2f3d42fa745499e3a13fb624c763\" data-size=\"md\">\n    <div class=\"anchor\" id=\"\"><\/div>\n    <div class=\"accordion-button\">\n        <h2>T\u00e9l\u00e9chargements Eclipse Variateur Smart-Heat Electric<i><\/i><\/h2>\n    <\/div>\n    <div class=\"accordion-content\">\n        \n\n<div class=\"wp-block-file\"><a id=\"wp-block-file--media-e77d678a-df24-44c2-bb77-ec237bca0f74\" href=\"https:\/\/bromicpimstg.sites.hosting.454.agency\/wp-content\/uploads\/2024\/04\/Bromic-Eclipse-Remote-Master-Eclipse-Remote-Manual-V1.3-CA-FR.pdf\">Manuel d\u2019instruction<\/a><a href=\"https:\/\/bromicpimstg.sites.hosting.454.agency\/wp-content\/uploads\/2024\/04\/Bromic-Eclipse-Remote-Master-Eclipse-Remote-Manual-V1.3-CA-FR.pdf\" class=\"wp-block-file__button wp-element-button\" download aria-describedby=\"wp-block-file--media-e77d678a-df24-44c2-bb77-ec237bca0f74\">T\u00e9l\u00e9charger<\/a><\/div>\n\n\n    <\/div>\n            <script>\n        jQuery(function($) {\n            $('body').ready(function() {\n                $( '#block_389b2f3d42fa745499e3a13fb624c763 .accordion-button' ).click(function() {\n                    $(this).parent().toggleClass('open');\n                });\n            });\n        });\n        <\/script>\n    <\/section>\n\n\n    <\/div>\n            <script>\n        jQuery(function($) {\n            $('body').ready(function() {\n                $( '#block_eb0ac782e9384041f45bfc56015453c3 .accordion-button' ).click(function() {\n                    $(this).parent().toggleClass('open');\n                });\n            });\n        });\n        <\/script>\n    <\/section>\n\n\n<section class=\"blocks block-single-accordion  align \" id=\"block_97bb25c073b8de1d67a17989c5d2b7f6\" data-size=\"md\">\n    <div class=\"anchor\" id=\"\"><\/div>\n    <div class=\"accordion-button\">\n        <h2>T\u00e9l\u00e9chargements domotique Smart-Heat Link<i><\/i><\/h2>\n    <\/div>\n    <div class=\"accordion-content\">\n        \n\n<div class=\"wp-block-file\"><a id=\"wp-block-file--media-05a827ad-2baa-414e-80a2-0877620b5780\" href=\"https:\/\/www-bromic-ca.bromicpimstg.sites.hosting.454.agency\/wp-content\/uploads\/sites\/3\/2023\/08\/Home-automation-Flyer_AUS.pdf\">D\u00e9pliants<\/a><a href=\"https:\/\/www-bromic-ca.bromicpimstg.sites.hosting.454.agency\/wp-content\/uploads\/sites\/3\/2023\/08\/Home-automation-Flyer_AUS.pdf\" class=\"wp-block-file__button wp-element-button\" download aria-describedby=\"wp-block-file--media-05a827ad-2baa-414e-80a2-0877620b5780\">T\u00e9l\u00e9charger<\/a><\/div>\n\n\n\n<div class=\"wp-block-file\"><a id=\"wp-block-file--media-05a827ad-2baa-414e-80a2-0877620b5780\" href=\"https:\/\/bromicpimstg.sites.hosting.454.agency\/wp-content\/uploads\/2021\/09\/Bromic-Smart-Heat-Link-Installation-Guide.pdf\">Manuel d&rsquo;instruction<\/a><a href=\"https:\/\/bromicpimstg.sites.hosting.454.agency\/wp-content\/uploads\/2021\/09\/Bromic-Smart-Heat-Link-Installation-Guide.pdf\" class=\"wp-block-file__button wp-element-button\" download aria-describedby=\"wp-block-file--media-05a827ad-2baa-414e-80a2-0877620b5780\">T\u00e9l\u00e9charger<\/a><\/div>\n\n\n\n<div class=\"wp-block-file\"><a id=\"wp-block-file--media-618a7e4f-2462-4d56-bb6b-ef1456bc8f8d\" href=\"https:\/\/www-bromic-ca.bromicpimstg.sites.hosting.454.agency\/wp-content\/uploads\/sites\/3\/2023\/08\/Bromic-Smart-Heat-Link-Protocol-Tool_rev4.0-1.xlsx\">Outil de protocole pour la liaison Smart-Heat<\/a><a href=\"https:\/\/www-bromic-ca.bromicpimstg.sites.hosting.454.agency\/wp-content\/uploads\/sites\/3\/2023\/08\/Bromic-Smart-Heat-Link-Protocol-Tool_rev4.0-1.xlsx\" class=\"wp-block-file__button wp-element-button\" download aria-describedby=\"wp-block-file--media-618a7e4f-2462-4d56-bb6b-ef1456bc8f8d\">T\u00e9l\u00e9charger<\/a><\/div>\n\n\n    <\/div>\n            <script>\n        jQuery(function($) {\n            $('body').ready(function() {\n                $( '#block_97bb25c073b8de1d67a17989c5d2b7f6 .accordion-button' ).click(function() {\n                    $(this).parent().toggleClass('open');\n                });\n            });\n        });\n        <\/script>\n    <\/section>\n<\/div><\/div>\n","protected":false},"excerpt":{"rendered":"<p>Collection Eclipse Collection Platinum Collection Tungsten Collection Cobalt Collection des Appareils de Chauffage Affinity T\u00e9l\u00e9commandes Legacy de Bromic<\/p>\n","protected":false},"author":8,"featured_media":75739,"parent":0,"menu_order":0,"comment_status":"closed","ping_status":"closed","template":"","meta":{"_acf_changed":false,"footnotes":""},"class_list":["post-12095","page","type-page","status-publish","has-post-thumbnail","hentry"],"acf":[],"yoast_head":"<!-- This site is optimized with the Yoast SEO plugin v26.1.1 - https:\/\/yoast.com\/wordpress\/plugins\/seo\/ -->\n<title>Ressources Techniques - Bromic Heating Canada<\/title>\n<meta name=\"description\" content=\"Collection Eclipse Collection Platinum Collection Tungsten Collection Cobalt Collection des Appareils de Chauffage Affinity T\u00e9l\u00e9commandes Legacy de Bromic\" \/>\n<meta name=\"robots\" content=\"index, follow, max-snippet:-1, max-image-preview:large, max-video-preview:-1\" \/>\n<link rel=\"canonical\" href=\"https:\/\/www-bromic-ca.bromicpimstg.sites.hosting.454.agency\/fr-ca\/ressources-techniques\/\" \/>\n<meta property=\"og:locale\" content=\"fr_CA\" \/>\n<meta property=\"og:type\" content=\"article\" \/>\n<meta property=\"og:title\" content=\"Ressources Techniques - Bromic Heating Canada\" \/>\n<meta property=\"og:description\" content=\"Collection Eclipse Collection Platinum Collection Tungsten Collection Cobalt Collection des Appareils de Chauffage Affinity T\u00e9l\u00e9commandes Legacy de Bromic\" \/>\n<meta property=\"og:url\" content=\"https:\/\/www-bromic-ca.bromicpimstg.sites.hosting.454.agency\/fr-ca\/ressources-techniques\/\" \/>\n<meta property=\"og:site_name\" content=\"Bromic Heating Canada\" \/>\n<meta property=\"article:modified_time\" content=\"2025-06-27T21:41:21+00:00\" \/>\n<meta property=\"og:image\" content=\"https:\/\/www-bromic-ca.bromicpimstg.sites.hosting.454.agency\/wp-content\/uploads\/sites\/3\/2024\/10\/ProLiving_39Spinnaker_05-cropped.jpg\" \/>\n\t<meta property=\"og:image:width\" content=\"1900\" \/>\n\t<meta property=\"og:image:height\" content=\"604\" \/>\n\t<meta property=\"og:image:type\" content=\"image\/jpeg\" \/>\n<meta name=\"twitter:card\" content=\"summary_large_image\" \/>\n<meta name=\"twitter:label1\" content=\"Estimation du temps de lecture\" \/>\n\t<meta name=\"twitter:data1\" content=\"1 minute\" \/>\n<script type=\"application\/ld+json\" class=\"yoast-schema-graph\">{\"@context\":\"https:\/\/schema.org\",\"@graph\":[{\"@type\":\"WebPage\",\"@id\":\"https:\/\/www-bromic-ca.bromicpimstg.sites.hosting.454.agency\/fr-ca\/ressources-techniques\/\",\"url\":\"https:\/\/www-bromic-ca.bromicpimstg.sites.hosting.454.agency\/fr-ca\/ressources-techniques\/\",\"name\":\"Ressources Techniques - Bromic Heating Canada\",\"isPartOf\":{\"@id\":\"https:\/\/www-bromic-ca.bromicpimstg.sites.hosting.454.agency\/fr-ca\/#website\"},\"primaryImageOfPage\":{\"@id\":\"https:\/\/www-bromic-ca.bromicpimstg.sites.hosting.454.agency\/fr-ca\/ressources-techniques\/#primaryimage\"},\"image\":{\"@id\":\"https:\/\/www-bromic-ca.bromicpimstg.sites.hosting.454.agency\/fr-ca\/ressources-techniques\/#primaryimage\"},\"thumbnailUrl\":\"https:\/\/www-bromic-ca.bromicpimstg.sites.hosting.454.agency\/wp-content\/uploads\/sites\/3\/2024\/10\/ProLiving_39Spinnaker_05-cropped.jpg\",\"datePublished\":\"2021-10-21T16:37:20+00:00\",\"dateModified\":\"2025-06-27T21:41:21+00:00\",\"description\":\"Collection Eclipse Collection Platinum Collection Tungsten Collection Cobalt Collection des Appareils de Chauffage Affinity T\u00e9l\u00e9commandes Legacy de Bromic\",\"breadcrumb\":{\"@id\":\"https:\/\/www-bromic-ca.bromicpimstg.sites.hosting.454.agency\/fr-ca\/ressources-techniques\/#breadcrumb\"},\"inLanguage\":\"fr-CA\",\"potentialAction\":[{\"@type\":\"ReadAction\",\"target\":[\"https:\/\/www-bromic-ca.bromicpimstg.sites.hosting.454.agency\/fr-ca\/ressources-techniques\/\"]}]},{\"@type\":\"ImageObject\",\"inLanguage\":\"fr-CA\",\"@id\":\"https:\/\/www-bromic-ca.bromicpimstg.sites.hosting.454.agency\/fr-ca\/ressources-techniques\/#primaryimage\",\"url\":\"https:\/\/www-bromic-ca.bromicpimstg.sites.hosting.454.agency\/wp-content\/uploads\/sites\/3\/2024\/10\/ProLiving_39Spinnaker_05-cropped.jpg\",\"contentUrl\":\"https:\/\/www-bromic-ca.bromicpimstg.sites.hosting.454.agency\/wp-content\/uploads\/sites\/3\/2024\/10\/ProLiving_39Spinnaker_05-cropped.jpg\",\"width\":1900,\"height\":604},{\"@type\":\"BreadcrumbList\",\"@id\":\"https:\/\/www-bromic-ca.bromicpimstg.sites.hosting.454.agency\/fr-ca\/ressources-techniques\/#breadcrumb\",\"itemListElement\":[{\"@type\":\"ListItem\",\"position\":1,\"name\":\"Home\",\"item\":\"https:\/\/www-bromic-ca.bromicpimstg.sites.hosting.454.agency\/fr-ca\/\"},{\"@type\":\"ListItem\",\"position\":2,\"name\":\"Ressources Techniques\"}]},{\"@type\":\"WebSite\",\"@id\":\"https:\/\/www-bromic-ca.bromicpimstg.sites.hosting.454.agency\/fr-ca\/#website\",\"url\":\"https:\/\/www-bromic-ca.bromicpimstg.sites.hosting.454.agency\/fr-ca\/\",\"name\":\"Bromic Heating Canada\",\"description\":\"\",\"publisher\":{\"@id\":\"https:\/\/www-bromic-ca.bromicpimstg.sites.hosting.454.agency\/fr-ca\/#organization\"},\"potentialAction\":[{\"@type\":\"SearchAction\",\"target\":{\"@type\":\"EntryPoint\",\"urlTemplate\":\"https:\/\/www-bromic-ca.bromicpimstg.sites.hosting.454.agency\/fr-ca\/?s={search_term_string}\"},\"query-input\":{\"@type\":\"PropertyValueSpecification\",\"valueRequired\":true,\"valueName\":\"search_term_string\"}}],\"inLanguage\":\"fr-CA\"},{\"@type\":\"Organization\",\"@id\":\"https:\/\/www-bromic-ca.bromicpimstg.sites.hosting.454.agency\/fr-ca\/#organization\",\"name\":\"Bromic Heating Canada\",\"url\":\"https:\/\/www-bromic-ca.bromicpimstg.sites.hosting.454.agency\/fr-ca\/\",\"logo\":{\"@type\":\"ImageObject\",\"inLanguage\":\"fr-CA\",\"@id\":\"https:\/\/www-bromic-ca.bromicpimstg.sites.hosting.454.agency\/fr-ca\/#\/schema\/logo\/image\/\",\"url\":\"https:\/\/www-bromic-ca.bromicpimstg.sites.hosting.454.agency\/wp-content\/uploads\/sites\/3\/2021\/09\/bromic-logo.png\",\"contentUrl\":\"https:\/\/www-bromic-ca.bromicpimstg.sites.hosting.454.agency\/wp-content\/uploads\/sites\/3\/2021\/09\/bromic-logo.png\",\"width\":1000,\"height\":342,\"caption\":\"Bromic Heating Canada\"},\"image\":{\"@id\":\"https:\/\/www-bromic-ca.bromicpimstg.sites.hosting.454.agency\/fr-ca\/#\/schema\/logo\/image\/\"}}]}<\/script>\n<!-- \/ Yoast SEO plugin. -->","yoast_head_json":{"title":"Ressources Techniques - Bromic Heating Canada","description":"Collection Eclipse Collection Platinum Collection Tungsten Collection Cobalt Collection des Appareils de Chauffage Affinity T\u00e9l\u00e9commandes Legacy de Bromic","robots":{"index":"index","follow":"follow","max-snippet":"max-snippet:-1","max-image-preview":"max-image-preview:large","max-video-preview":"max-video-preview:-1"},"canonical":"https:\/\/www-bromic-ca.bromicpimstg.sites.hosting.454.agency\/fr-ca\/ressources-techniques\/","og_locale":"fr_CA","og_type":"article","og_title":"Ressources Techniques - Bromic Heating Canada","og_description":"Collection Eclipse Collection Platinum Collection Tungsten Collection Cobalt Collection des Appareils de Chauffage Affinity T\u00e9l\u00e9commandes Legacy de Bromic","og_url":"https:\/\/www-bromic-ca.bromicpimstg.sites.hosting.454.agency\/fr-ca\/ressources-techniques\/","og_site_name":"Bromic Heating Canada","article_modified_time":"2025-06-27T21:41:21+00:00","og_image":[{"width":1900,"height":604,"url":"https:\/\/www-bromic-ca.bromicpimstg.sites.hosting.454.agency\/wp-content\/uploads\/sites\/3\/2024\/10\/ProLiving_39Spinnaker_05-cropped.jpg","type":"image\/jpeg"}],"twitter_card":"summary_large_image","twitter_misc":{"Estimation du temps de lecture":"1 minute"},"schema":{"@context":"https:\/\/schema.org","@graph":[{"@type":"WebPage","@id":"https:\/\/www-bromic-ca.bromicpimstg.sites.hosting.454.agency\/fr-ca\/ressources-techniques\/","url":"https:\/\/www-bromic-ca.bromicpimstg.sites.hosting.454.agency\/fr-ca\/ressources-techniques\/","name":"Ressources Techniques - Bromic Heating Canada","isPartOf":{"@id":"https:\/\/www-bromic-ca.bromicpimstg.sites.hosting.454.agency\/fr-ca\/#website"},"primaryImageOfPage":{"@id":"https:\/\/www-bromic-ca.bromicpimstg.sites.hosting.454.agency\/fr-ca\/ressources-techniques\/#primaryimage"},"image":{"@id":"https:\/\/www-bromic-ca.bromicpimstg.sites.hosting.454.agency\/fr-ca\/ressources-techniques\/#primaryimage"},"thumbnailUrl":"https:\/\/www-bromic-ca.bromicpimstg.sites.hosting.454.agency\/wp-content\/uploads\/sites\/3\/2024\/10\/ProLiving_39Spinnaker_05-cropped.jpg","datePublished":"2021-10-21T16:37:20+00:00","dateModified":"2025-06-27T21:41:21+00:00","description":"Collection Eclipse Collection Platinum Collection Tungsten Collection Cobalt Collection des Appareils de Chauffage Affinity T\u00e9l\u00e9commandes Legacy de Bromic","breadcrumb":{"@id":"https:\/\/www-bromic-ca.bromicpimstg.sites.hosting.454.agency\/fr-ca\/ressources-techniques\/#breadcrumb"},"inLanguage":"fr-CA","potentialAction":[{"@type":"ReadAction","target":["https:\/\/www-bromic-ca.bromicpimstg.sites.hosting.454.agency\/fr-ca\/ressources-techniques\/"]}]},{"@type":"ImageObject","inLanguage":"fr-CA","@id":"https:\/\/www-bromic-ca.bromicpimstg.sites.hosting.454.agency\/fr-ca\/ressources-techniques\/#primaryimage","url":"https:\/\/www-bromic-ca.bromicpimstg.sites.hosting.454.agency\/wp-content\/uploads\/sites\/3\/2024\/10\/ProLiving_39Spinnaker_05-cropped.jpg","contentUrl":"https:\/\/www-bromic-ca.bromicpimstg.sites.hosting.454.agency\/wp-content\/uploads\/sites\/3\/2024\/10\/ProLiving_39Spinnaker_05-cropped.jpg","width":1900,"height":604},{"@type":"BreadcrumbList","@id":"https:\/\/www-bromic-ca.bromicpimstg.sites.hosting.454.agency\/fr-ca\/ressources-techniques\/#breadcrumb","itemListElement":[{"@type":"ListItem","position":1,"name":"Home","item":"https:\/\/www-bromic-ca.bromicpimstg.sites.hosting.454.agency\/fr-ca\/"},{"@type":"ListItem","position":2,"name":"Ressources Techniques"}]},{"@type":"WebSite","@id":"https:\/\/www-bromic-ca.bromicpimstg.sites.hosting.454.agency\/fr-ca\/#website","url":"https:\/\/www-bromic-ca.bromicpimstg.sites.hosting.454.agency\/fr-ca\/","name":"Bromic Heating Canada","description":"","publisher":{"@id":"https:\/\/www-bromic-ca.bromicpimstg.sites.hosting.454.agency\/fr-ca\/#organization"},"potentialAction":[{"@type":"SearchAction","target":{"@type":"EntryPoint","urlTemplate":"https:\/\/www-bromic-ca.bromicpimstg.sites.hosting.454.agency\/fr-ca\/?s={search_term_string}"},"query-input":{"@type":"PropertyValueSpecification","valueRequired":true,"valueName":"search_term_string"}}],"inLanguage":"fr-CA"},{"@type":"Organization","@id":"https:\/\/www-bromic-ca.bromicpimstg.sites.hosting.454.agency\/fr-ca\/#organization","name":"Bromic Heating Canada","url":"https:\/\/www-bromic-ca.bromicpimstg.sites.hosting.454.agency\/fr-ca\/","logo":{"@type":"ImageObject","inLanguage":"fr-CA","@id":"https:\/\/www-bromic-ca.bromicpimstg.sites.hosting.454.agency\/fr-ca\/#\/schema\/logo\/image\/","url":"https:\/\/www-bromic-ca.bromicpimstg.sites.hosting.454.agency\/wp-content\/uploads\/sites\/3\/2021\/09\/bromic-logo.png","contentUrl":"https:\/\/www-bromic-ca.bromicpimstg.sites.hosting.454.agency\/wp-content\/uploads\/sites\/3\/2021\/09\/bromic-logo.png","width":1000,"height":342,"caption":"Bromic Heating Canada"},"image":{"@id":"https:\/\/www-bromic-ca.bromicpimstg.sites.hosting.454.agency\/fr-ca\/#\/schema\/logo\/image\/"}}]}},"_links":{"self":[{"href":"https:\/\/www-bromic-ca.bromicpimstg.sites.hosting.454.agency\/fr-ca\/wp-json\/wp\/v2\/pages\/12095","targetHints":{"allow":["GET"]}}],"collection":[{"href":"https:\/\/www-bromic-ca.bromicpimstg.sites.hosting.454.agency\/fr-ca\/wp-json\/wp\/v2\/pages"}],"about":[{"href":"https:\/\/www-bromic-ca.bromicpimstg.sites.hosting.454.agency\/fr-ca\/wp-json\/wp\/v2\/types\/page"}],"author":[{"embeddable":true,"href":"https:\/\/www-bromic-ca.bromicpimstg.sites.hosting.454.agency\/fr-ca\/wp-json\/wp\/v2\/users\/8"}],"replies":[{"embeddable":true,"href":"https:\/\/www-bromic-ca.bromicpimstg.sites.hosting.454.agency\/fr-ca\/wp-json\/wp\/v2\/comments?post=12095"}],"version-history":[{"count":0,"href":"https:\/\/www-bromic-ca.bromicpimstg.sites.hosting.454.agency\/fr-ca\/wp-json\/wp\/v2\/pages\/12095\/revisions"}],"wp:featuredmedia":[{"embeddable":true,"href":"https:\/\/www-bromic-ca.bromicpimstg.sites.hosting.454.agency\/fr-ca\/wp-json\/wp\/v2\/media\/75739"}],"wp:attachment":[{"href":"https:\/\/www-bromic-ca.bromicpimstg.sites.hosting.454.agency\/fr-ca\/wp-json\/wp\/v2\/media?parent=12095"}],"curies":[{"name":"wp","href":"https:\/\/api.w.org\/{rel}","templated":true}]}}