{"id":12109,"date":"2021-10-21T09:47:09","date_gmt":"2021-10-21T16:47:09","guid":{"rendered":"https:\/\/www-bromic-ca.bromicpimstg.sites.hosting.454.agency\/super-yacht-et-navires-de-croisiere\/"},"modified":"2024-01-24T16:32:06","modified_gmt":"2024-01-25T00:32:06","slug":"super-yacht-et-navires-de-croisiere","status":"publish","type":"page","link":"https:\/\/www-bromic-ca.bromicpimstg.sites.hosting.454.agency\/fr-ca\/super-yacht-et-navires-de-croisiere\/","title":{"rendered":"Super Yacht et navires de croisi\u00e8re"},"content":{"rendered":"\n<div class=\"wp-block-cover alignfull\" style=\"padding-top:30%;padding-right:30px;padding-bottom:200px;padding-left:30px\"><span aria-hidden=\"true\" class=\"wp-block-cover__background has-background-dim-60 has-background-dim\"><\/span><img decoding=\"async\" class=\"wp-block-cover__image-background wp-image-2813\" alt=\"\" src=\"https:\/\/bromicpimstg.sites.hosting.454.agency\/wp-content\/uploads\/2021\/08\/MY-LEL-LR-scaled.jpg\" data-object-fit=\"cover\"\/><div class=\"wp-block-cover__inner-container is-layout-flow wp-block-cover-is-layout-flow\">\n<p class=\"has-text-align-center h6 has-orange-color has-text-color\">Superyachts et navires de croisi\u00e8re<\/p>\n\n\n\n<h1 class=\"wp-block-heading has-text-align-center alignmedium\">D\u00e9couvrez un nouveau niveau de confort.<\/h1>\n<\/div><\/div>\n\n\n\n<div class=\"wp-block-group alignfull has-background\" style=\"background:linear-gradient(180deg,rgb(238,242,244) 0%,rgb(255,255,255) 100%)\"><div class=\"wp-block-group__inner-container is-layout-flow wp-block-group-is-layout-flow\"><section class=\"blocks block-logos has-container  has-color-logos  alignwide\" id=\"block_b14d5e3316306c7012af5d466b7347dd\" style=\"margin-top: -50px; margin-bottom: px;\">\n    <div class=\"container\">\n                    <h3>Vu \u00e0 la t\u00e9l\u00e9vision<\/h3>\n                    <\/div>\n<\/section>\n\n\n\n<div style=\"height:130px\" aria-hidden=\"true\" class=\"wp-block-spacer\"><\/div>\n\n\n\n<div class=\"wp-block-columns alignwide is-layout-flex wp-container-core-columns-is-layout-9d6595d7 wp-block-columns-is-layout-flex\">\n<div class=\"wp-block-column is-layout-flow wp-block-column-is-layout-flow\" style=\"flex-basis:33.33%\">\n<h2 class=\"wp-block-heading\">Inscrivez-vous maintenant<\/h2>\n<\/div>\n\n\n\n<div class=\"wp-block-column is-layout-flow wp-block-column-is-layout-flow\" style=\"flex-basis:66.66%\">\n<p style=\"font-size:18px\">Seule entreprise \u00e0 proposer des solutions de chauffage ext\u00e9rieur certifi\u00e9es par le Lloyd&rsquo;s Register, Bromic est fi\u00e8re d&rsquo;\u00eatre \u00e0 la pointe de la conception et de l&rsquo;ing\u00e9nierie pour les environnements marins.<\/p>\n\n\n\n<p style=\"font-size:18px\">Notre mantra de conception est \u00ab\u00a0Conception sup\u00e9rieure, fonction sup\u00e9rieure\u00a0\u00bb. Pour nous, il ne suffit pas de construire le produit le plus esth\u00e9tique ou le plus performant, comme l&rsquo;ont fait certains de nos concurrents. Nous avons toujours cherch\u00e9 \u00e0 r\u00e9aliser les deux dans le m\u00eame paquet.<\/p>\n<\/div>\n<\/div>\n<\/div><\/div>\n\n\n\n<div style=\"height:150px\" aria-hidden=\"true\" class=\"wp-block-spacer\"><\/div>\n\n\n<section class=\"blocks block-outdoor-planner alignfull \" id=\"block_f3128ec329da4ce7829cfc80ff7d23fe\">\n    <div class=\"container\">\n        \n        <div class=\"wrapper\">\n            \n                        \n            <div class=\"slider\">\n                            <\/div>\n        <\/div>\n        \n                    <div class=\"content\">\n                <h6>T\u00e9l\u00e9charger la brochure<\/h6>                <h2>D\u00e9couvrez un nouveau niveau de confort avec les solutions de chauffage marin Bromic.<\/h2>                <p>Les chauffages \u00e9lectriques marins Platinum Smart-Heat\u2122 de Bromic ont \u00e9t\u00e9 sp\u00e9cialement con\u00e7us pour enrichir l&rsquo;exp\u00e9rience de confort des propri\u00e9taires de superyachts et des invit\u00e9s \u00e0 bord des navires de croisi\u00e8re.<\/p>\n                                    <a class=\"button\" href=\"\/wp-content\/uploads\/2023\/02\/Bromic-Heating-Presentation-Marine-US.pdf\" target=\"_blank\">T\u00e9l\u00e9charger maintenant<\/a>\n                            <\/div>\n        \n\n        <div class=\"call-to-action\">\n            <h3>Service de conception gratuit<\/h3>            <p><strong>Dessins techniques et soutien aux sp\u00e9cifications du chauffage ext\u00e9rieur<\/strong>\r\n\r\nFaites appel \u00e0 l&rsquo;\u00e9quipe de conception de Bromic pour acc\u00e9l\u00e9rer vos plans de projet et fournir un soutien en mati\u00e8re de sp\u00e9cifications techniques sans frais suppl\u00e9mentaires.<\/p>                            <a class=\"button\" href=\"\/fr-ca\/concevoir-votre-espace\/\" target=\"_self\">CONCEVOIR VOTRE ESPACE<\/a>\n                    <\/div>\n    <\/div>\n\n    <script>\n        jQuery(document).ready(function($){\n            $('#block_f3128ec329da4ce7829cfc80ff7d23fe .slider').slick({\n                arrows: false,\n                autoplay: true,\n                autoplaySpeed: 4000,\n                dots: false,\n                infinite: true,\n                fade: true,\n                mobileFirst: true,\n                slidesToShow: 1,\n                slidesToScroll: 1,\n                speed: 1000,\n                swipe: true,\n                swipeToSlide: true,\n                touchMove: true,\n                pauseOnFocus: false,\n                pauseOnHover: false,\n            });\n        });\n    <\/script>\n<\/section>\n\n\n\n<div style=\"height:100px\" aria-hidden=\"true\" class=\"wp-block-spacer\"><\/div>\n\n\n<section class=\"blocks block-testimonials  textleft\" id=\"block_7b5a0b6432479ae46d91799baa163f6c\" data-text-align=\"left\">\n\n    <div class=\"testimonials-slider\">\n\n                                    <div>\n                    <blockquote class=\"textmedium\">\n                        <p>Le niveau de qualit\u00e9 des produits Bromic est tr\u00e8s \u00e9lev\u00e9. Nos clients et nous-m\u00eames sommes tr\u00e8s satisfaits de Bromic, et nous esp\u00e9rons continuer \u00e0 coop\u00e9rer sur de futurs projets. Continuez \u00e0 faire du bon travail !<\/p>\n                                                <cite>\n                            <span class=\"initials\">MB<\/span>                                <span class=\"names\">\n                                    <strong>Marco Boscarino<\/strong>\n                                                                            <small>Azure Yacht &amp; Naval Architecture<\/small>\n                                                                    <\/span>\n                                                    <\/cite>\n                                            <\/blockquote>\n                <\/div>\n            \n            <\/div>\n\n    <script>\n    jQuery(function($) {\n        $('#block_7b5a0b6432479ae46d91799baa163f6c .testimonials-slider').slick({\n            arrows: true,\n            dots: false,\n            infinite: true,\n            slidesToShow: 1,\n            slidesToScroll: 1,\n            adaptiveHeight: true,\n            speed: 500,\n            fade: true,\n            cssEase: 'linear',\n            autoplay: false,\n            prevArrow: '<span class=\"slick-prev\"><i><\/i><\/span>',\n            nextArrow: '<span class=\"slick-next\"><i><\/i><\/spanb>',\n        });\n    });\n    <\/script>\n<\/section>\n\n\n\n<div style=\"height:100px\" aria-hidden=\"true\" class=\"wp-block-spacer\"><\/div>\n\n\n\n\n\n<div style=\"height:100px\" aria-hidden=\"true\" class=\"wp-block-spacer\"><\/div>\n\n\n\n<h3 class=\"wp-block-heading has-text-align-center\">Projets en vedette<\/h3>\n\n\n\n<div style=\"height:20px\" aria-hidden=\"true\" class=\"wp-block-spacer\"><\/div>\n\n\n\n<figure class=\"wp-block-gallery has-nested-images columns-default is-cropped wp-block-gallery-1 is-layout-flex wp-block-gallery-is-layout-flex\">\n<figure class=\"wp-block-image size-large\"><img decoding=\"async\" data-id=\"2806\" src=\"https:\/\/bromicpimstg.sites.hosting.454.agency\/wp-content\/uploads\/2021\/08\/my-lel-4-lr.jpg\" alt=\"Chauffage ext\u00e9rieur sur MY LEL by Rossinavi Yachts\" class=\"wp-image-2806\"\/><\/figure>\n\n\n\n<figure class=\"wp-block-image size-large\"><img decoding=\"async\" data-id=\"2799\" src=\"https:\/\/bromicpimstg.sites.hosting.454.agency\/wp-content\/uploads\/2021\/08\/my-lel-3-lr.jpg\" alt=\"Chauffage \u00e9lectrique sur MY LEL by Rossinavi Yachts\" class=\"wp-image-2799\"\/><\/figure>\n\n\n\n<figure class=\"wp-block-image size-large\"><img decoding=\"async\" data-id=\"10974\" src=\"https:\/\/bromicpimstg.sites.hosting.454.agency\/wp-content\/uploads\/2021\/08\/Bromic-Platinum-Electric-on-MY-LEL-by-Rossinavi-Yachts-1600x1067.jpg\" alt=\"Bromic Platinum Electric sur MY LEL par Rossinavi Yachts\" class=\"wp-image-10974\"\/><\/figure>\n\n\n\n<figure class=\"wp-block-image size-large\"><img decoding=\"async\" width=\"1259\" height=\"780\" data-id=\"71261\" src=\"https:\/\/www-bromic-ca.bromicpimstg.sites.hosting.454.agency\/wp-content\/uploads\/sites\/3\/2021\/10\/Marine-Metis-Benetti-03.jpg\" alt=\"\" class=\"wp-image-71261\" srcset=\"https:\/\/www-bromic-ca.bromicpimstg.sites.hosting.454.agency\/wp-content\/uploads\/sites\/3\/2021\/10\/Marine-Metis-Benetti-03.jpg 1259w, https:\/\/www-bromic-ca.bromicpimstg.sites.hosting.454.agency\/wp-content\/uploads\/sites\/3\/2021\/10\/Marine-Metis-Benetti-03-1024x634.jpg 1024w, https:\/\/www-bromic-ca.bromicpimstg.sites.hosting.454.agency\/wp-content\/uploads\/sites\/3\/2021\/10\/Marine-Metis-Benetti-03-500x310.jpg 500w\" sizes=\"(max-width: 1259px) 100vw, 1259px\" \/><\/figure>\n\n\n\n<figure class=\"wp-block-image size-large\"><img decoding=\"async\" width=\"1386\" height=\"814\" data-id=\"71260\" src=\"https:\/\/www-bromic-ca.bromicpimstg.sites.hosting.454.agency\/wp-content\/uploads\/sites\/3\/2021\/10\/Marine-Metis-Benetti-02.jpg\" alt=\"\" class=\"wp-image-71260\" srcset=\"https:\/\/www-bromic-ca.bromicpimstg.sites.hosting.454.agency\/wp-content\/uploads\/sites\/3\/2021\/10\/Marine-Metis-Benetti-02.jpg 1386w, https:\/\/www-bromic-ca.bromicpimstg.sites.hosting.454.agency\/wp-content\/uploads\/sites\/3\/2021\/10\/Marine-Metis-Benetti-02-1024x601.jpg 1024w, https:\/\/www-bromic-ca.bromicpimstg.sites.hosting.454.agency\/wp-content\/uploads\/sites\/3\/2021\/10\/Marine-Metis-Benetti-02-1280x752.jpg 1280w, https:\/\/www-bromic-ca.bromicpimstg.sites.hosting.454.agency\/wp-content\/uploads\/sites\/3\/2021\/10\/Marine-Metis-Benetti-02-500x294.jpg 500w\" sizes=\"(max-width: 1386px) 100vw, 1386px\" \/><\/figure>\n<\/figure>\n\n\n\n<div class=\"wp-block-group alignfull has-pearl-background-color has-background\"><div class=\"wp-block-group__inner-container is-layout-flow wp-block-group-is-layout-flow\">\n<div style=\"height:100px\" aria-hidden=\"true\" class=\"wp-block-spacer\"><\/div>\n\n\n\n<div class=\"wp-block-columns alignwide is-layout-flex wp-container-core-columns-is-layout-9d6595d7 wp-block-columns-is-layout-flex\">\n<div class=\"wp-block-column is-layout-flow wp-block-column-is-layout-flow\" style=\"flex-basis:33.33%\">\n<h3 class=\"wp-block-heading\">Liens rapides<\/h3>\n\n\n\n<div style=\"height:20px\" aria-hidden=\"true\" class=\"wp-block-spacer\"><\/div>\n\n\n<section class=\"blocks block-quick-links \" id=\"block_a79b0809a36662b7a4095c4578a27332\">\n\n            <ul class=\"links-list\">\n                                                <li><a href=\"\/fr-ca\/guide-de-planification-des-pieces-exterieures\/\" target=\"_self\">Guide de planification du chauffage ext\u00e9rieur<\/a><\/li>\n                                                    <li><a href=\"\/fr-ca\/acceder-aux-fichiers-bim\/\" target=\"_self\">Fichiers Revit BIM<\/a><\/li>\n                                                    <li><a href=\"\/fr-ca\/ressources-techniques\/\" target=\"_self\">Ressources techniques<\/a><\/li>\n                                                    <li><a href=\"\/fr-ca\/catalogue-de-produits\/\" target=\"_self\">Catalogue de produits<\/a><\/li>\n                                                    <li><a href=\"\/fr-ca\/contacter-le-support-technique\/\" target=\"_self\">Planifier un appel de soutien technique<\/a><\/li>\n                        <\/ul>\n        <\/section>\n<\/div>\n\n\n\n<div class=\"wp-block-column is-layout-flow wp-block-column-is-layout-flow\" style=\"flex-basis:66.66%\">\n<h3 class=\"wp-block-heading\">Articles<\/h3>\n\n\n\n<div style=\"height:20px\" aria-hidden=\"true\" class=\"wp-block-spacer\"><\/div>\n\n\n<section class=\"blocks block-quick-links \" id=\"block_24c615ee6af74579767e67ab478f64bb\">\n\n            \n    <\/section>\n<\/div>\n<\/div>\n\n\n\n<div style=\"height:100px\" aria-hidden=\"true\" class=\"wp-block-spacer\"><\/div>\n<\/div><\/div>\n","protected":false},"excerpt":{"rendered":"<p>Inscrivez-vous maintenant Seule entreprise \u00e0 proposer des solutions de chauffage ext\u00e9rieur certifi\u00e9es par le Lloyd&rsquo;s Register, Bromic est fi\u00e8re d&rsquo;\u00eatre \u00e0 la pointe de la conception et de l&rsquo;ing\u00e9nierie pour les environnements marins. Notre mantra de conception est \u00ab\u00a0Conception sup\u00e9rieure, fonction sup\u00e9rieure\u00a0\u00bb. Pour nous, il ne suffit pas de construire le produit le plus esth\u00e9tique [&hellip;]<\/p>\n","protected":false},"author":8,"featured_media":62969,"parent":0,"menu_order":0,"comment_status":"closed","ping_status":"closed","template":"","meta":{"_acf_changed":false,"footnotes":""},"class_list":["post-12109","page","type-page","status-publish","has-post-thumbnail","hentry"],"acf":[],"yoast_head":"<!-- This site is optimized with the Yoast SEO plugin v26.1.1 - https:\/\/yoast.com\/wordpress\/plugins\/seo\/ -->\n<title>Super Yacht et navires de croisi\u00e8re - Bromic Heating Canada<\/title>\n<meta name=\"description\" content=\"Superyachts et navires de croisi\u00e8re D\u00e9couvrez un nouveau niveau de confort. Inscrivez-vous maintenant Seule entreprise \u00e0 proposer des solutions de\" \/>\n<meta name=\"robots\" content=\"index, follow, max-snippet:-1, max-image-preview:large, max-video-preview:-1\" \/>\n<link rel=\"canonical\" href=\"https:\/\/www-bromic-ca.bromicpimstg.sites.hosting.454.agency\/fr-ca\/super-yacht-et-navires-de-croisiere\/\" \/>\n<meta property=\"og:locale\" content=\"fr_CA\" \/>\n<meta property=\"og:type\" content=\"article\" \/>\n<meta property=\"og:title\" content=\"Super Yacht et navires de croisi\u00e8re - Bromic Heating Canada\" \/>\n<meta property=\"og:description\" content=\"Superyachts et navires de croisi\u00e8re D\u00e9couvrez un nouveau niveau de confort. Inscrivez-vous maintenant Seule entreprise \u00e0 proposer des solutions de\" \/>\n<meta property=\"og:url\" content=\"https:\/\/www-bromic-ca.bromicpimstg.sites.hosting.454.agency\/fr-ca\/super-yacht-et-navires-de-croisiere\/\" \/>\n<meta property=\"og:site_name\" content=\"Bromic Heating Canada\" \/>\n<meta property=\"article:modified_time\" content=\"2024-01-25T00:32:06+00:00\" \/>\n<meta property=\"og:image\" content=\"https:\/\/www-bromic-ca.bromicpimstg.sites.hosting.454.agency\/wp-content\/uploads\/sites\/3\/2023\/08\/eclipse_portable_residential-scene_web.jpg\" \/>\n\t<meta property=\"og:image:width\" content=\"2560\" \/>\n\t<meta property=\"og:image:height\" content=\"1706\" \/>\n\t<meta property=\"og:image:type\" content=\"image\/jpeg\" \/>\n<meta name=\"twitter:card\" content=\"summary_large_image\" \/>\n<meta name=\"twitter:label1\" content=\"Estimation du temps de lecture\" \/>\n\t<meta name=\"twitter:data1\" content=\"2 minutes\" \/>\n<script type=\"application\/ld+json\" class=\"yoast-schema-graph\">{\"@context\":\"https:\/\/schema.org\",\"@graph\":[{\"@type\":\"WebPage\",\"@id\":\"https:\/\/www-bromic-ca.bromicpimstg.sites.hosting.454.agency\/fr-ca\/super-yacht-et-navires-de-croisiere\/\",\"url\":\"https:\/\/www-bromic-ca.bromicpimstg.sites.hosting.454.agency\/fr-ca\/super-yacht-et-navires-de-croisiere\/\",\"name\":\"Super Yacht et navires de croisi\u00e8re - Bromic Heating Canada\",\"isPartOf\":{\"@id\":\"https:\/\/www-bromic-ca.bromicpimstg.sites.hosting.454.agency\/fr-ca\/#website\"},\"primaryImageOfPage\":{\"@id\":\"https:\/\/www-bromic-ca.bromicpimstg.sites.hosting.454.agency\/fr-ca\/super-yacht-et-navires-de-croisiere\/#primaryimage\"},\"image\":{\"@id\":\"https:\/\/www-bromic-ca.bromicpimstg.sites.hosting.454.agency\/fr-ca\/super-yacht-et-navires-de-croisiere\/#primaryimage\"},\"thumbnailUrl\":\"https:\/\/www-bromic-ca.bromicpimstg.sites.hosting.454.agency\/wp-content\/uploads\/sites\/3\/2023\/08\/eclipse_portable_residential-scene_web.jpg\",\"datePublished\":\"2021-10-21T16:47:09+00:00\",\"dateModified\":\"2024-01-25T00:32:06+00:00\",\"description\":\"Superyachts et navires de croisi\u00e8re D\u00e9couvrez un nouveau niveau de confort. Inscrivez-vous maintenant Seule entreprise \u00e0 proposer des solutions de\",\"breadcrumb\":{\"@id\":\"https:\/\/www-bromic-ca.bromicpimstg.sites.hosting.454.agency\/fr-ca\/super-yacht-et-navires-de-croisiere\/#breadcrumb\"},\"inLanguage\":\"fr-CA\",\"potentialAction\":[{\"@type\":\"ReadAction\",\"target\":[\"https:\/\/www-bromic-ca.bromicpimstg.sites.hosting.454.agency\/fr-ca\/super-yacht-et-navires-de-croisiere\/\"]}]},{\"@type\":\"ImageObject\",\"inLanguage\":\"fr-CA\",\"@id\":\"https:\/\/www-bromic-ca.bromicpimstg.sites.hosting.454.agency\/fr-ca\/super-yacht-et-navires-de-croisiere\/#primaryimage\",\"url\":\"https:\/\/www-bromic-ca.bromicpimstg.sites.hosting.454.agency\/wp-content\/uploads\/sites\/3\/2023\/08\/eclipse_portable_residential-scene_web.jpg\",\"contentUrl\":\"https:\/\/www-bromic-ca.bromicpimstg.sites.hosting.454.agency\/wp-content\/uploads\/sites\/3\/2023\/08\/eclipse_portable_residential-scene_web.jpg\",\"width\":2560,\"height\":1706,\"caption\":\"Residential Portable Outside Heaters - Bromic Eclipse Portable\"},{\"@type\":\"BreadcrumbList\",\"@id\":\"https:\/\/www-bromic-ca.bromicpimstg.sites.hosting.454.agency\/fr-ca\/super-yacht-et-navires-de-croisiere\/#breadcrumb\",\"itemListElement\":[{\"@type\":\"ListItem\",\"position\":1,\"name\":\"Home\",\"item\":\"https:\/\/www-bromic-ca.bromicpimstg.sites.hosting.454.agency\/fr-ca\/\"},{\"@type\":\"ListItem\",\"position\":2,\"name\":\"Super Yacht et navires de croisi\u00e8re\"}]},{\"@type\":\"WebSite\",\"@id\":\"https:\/\/www-bromic-ca.bromicpimstg.sites.hosting.454.agency\/fr-ca\/#website\",\"url\":\"https:\/\/www-bromic-ca.bromicpimstg.sites.hosting.454.agency\/fr-ca\/\",\"name\":\"Bromic Heating Canada\",\"description\":\"\",\"publisher\":{\"@id\":\"https:\/\/www-bromic-ca.bromicpimstg.sites.hosting.454.agency\/fr-ca\/#organization\"},\"potentialAction\":[{\"@type\":\"SearchAction\",\"target\":{\"@type\":\"EntryPoint\",\"urlTemplate\":\"https:\/\/www-bromic-ca.bromicpimstg.sites.hosting.454.agency\/fr-ca\/?s={search_term_string}\"},\"query-input\":{\"@type\":\"PropertyValueSpecification\",\"valueRequired\":true,\"valueName\":\"search_term_string\"}}],\"inLanguage\":\"fr-CA\"},{\"@type\":\"Organization\",\"@id\":\"https:\/\/www-bromic-ca.bromicpimstg.sites.hosting.454.agency\/fr-ca\/#organization\",\"name\":\"Bromic Heating Canada\",\"url\":\"https:\/\/www-bromic-ca.bromicpimstg.sites.hosting.454.agency\/fr-ca\/\",\"logo\":{\"@type\":\"ImageObject\",\"inLanguage\":\"fr-CA\",\"@id\":\"https:\/\/www-bromic-ca.bromicpimstg.sites.hosting.454.agency\/fr-ca\/#\/schema\/logo\/image\/\",\"url\":\"https:\/\/www-bromic-ca.bromicpimstg.sites.hosting.454.agency\/wp-content\/uploads\/sites\/3\/2021\/09\/bromic-logo.png\",\"contentUrl\":\"https:\/\/www-bromic-ca.bromicpimstg.sites.hosting.454.agency\/wp-content\/uploads\/sites\/3\/2021\/09\/bromic-logo.png\",\"width\":1000,\"height\":342,\"caption\":\"Bromic Heating Canada\"},\"image\":{\"@id\":\"https:\/\/www-bromic-ca.bromicpimstg.sites.hosting.454.agency\/fr-ca\/#\/schema\/logo\/image\/\"}}]}<\/script>\n<!-- \/ Yoast SEO plugin. -->","yoast_head_json":{"title":"Super Yacht et navires de croisi\u00e8re - Bromic Heating Canada","description":"Superyachts et navires de croisi\u00e8re D\u00e9couvrez un nouveau niveau de confort. Inscrivez-vous maintenant Seule entreprise \u00e0 proposer des solutions de","robots":{"index":"index","follow":"follow","max-snippet":"max-snippet:-1","max-image-preview":"max-image-preview:large","max-video-preview":"max-video-preview:-1"},"canonical":"https:\/\/www-bromic-ca.bromicpimstg.sites.hosting.454.agency\/fr-ca\/super-yacht-et-navires-de-croisiere\/","og_locale":"fr_CA","og_type":"article","og_title":"Super Yacht et navires de croisi\u00e8re - Bromic Heating Canada","og_description":"Superyachts et navires de croisi\u00e8re D\u00e9couvrez un nouveau niveau de confort. Inscrivez-vous maintenant Seule entreprise \u00e0 proposer des solutions de","og_url":"https:\/\/www-bromic-ca.bromicpimstg.sites.hosting.454.agency\/fr-ca\/super-yacht-et-navires-de-croisiere\/","og_site_name":"Bromic Heating Canada","article_modified_time":"2024-01-25T00:32:06+00:00","og_image":[{"width":2560,"height":1706,"url":"https:\/\/www-bromic-ca.bromicpimstg.sites.hosting.454.agency\/wp-content\/uploads\/sites\/3\/2023\/08\/eclipse_portable_residential-scene_web.jpg","type":"image\/jpeg"}],"twitter_card":"summary_large_image","twitter_misc":{"Estimation du temps de lecture":"2 minutes"},"schema":{"@context":"https:\/\/schema.org","@graph":[{"@type":"WebPage","@id":"https:\/\/www-bromic-ca.bromicpimstg.sites.hosting.454.agency\/fr-ca\/super-yacht-et-navires-de-croisiere\/","url":"https:\/\/www-bromic-ca.bromicpimstg.sites.hosting.454.agency\/fr-ca\/super-yacht-et-navires-de-croisiere\/","name":"Super Yacht et navires de croisi\u00e8re - Bromic Heating Canada","isPartOf":{"@id":"https:\/\/www-bromic-ca.bromicpimstg.sites.hosting.454.agency\/fr-ca\/#website"},"primaryImageOfPage":{"@id":"https:\/\/www-bromic-ca.bromicpimstg.sites.hosting.454.agency\/fr-ca\/super-yacht-et-navires-de-croisiere\/#primaryimage"},"image":{"@id":"https:\/\/www-bromic-ca.bromicpimstg.sites.hosting.454.agency\/fr-ca\/super-yacht-et-navires-de-croisiere\/#primaryimage"},"thumbnailUrl":"https:\/\/www-bromic-ca.bromicpimstg.sites.hosting.454.agency\/wp-content\/uploads\/sites\/3\/2023\/08\/eclipse_portable_residential-scene_web.jpg","datePublished":"2021-10-21T16:47:09+00:00","dateModified":"2024-01-25T00:32:06+00:00","description":"Superyachts et navires de croisi\u00e8re D\u00e9couvrez un nouveau niveau de confort. Inscrivez-vous maintenant Seule entreprise \u00e0 proposer des solutions de","breadcrumb":{"@id":"https:\/\/www-bromic-ca.bromicpimstg.sites.hosting.454.agency\/fr-ca\/super-yacht-et-navires-de-croisiere\/#breadcrumb"},"inLanguage":"fr-CA","potentialAction":[{"@type":"ReadAction","target":["https:\/\/www-bromic-ca.bromicpimstg.sites.hosting.454.agency\/fr-ca\/super-yacht-et-navires-de-croisiere\/"]}]},{"@type":"ImageObject","inLanguage":"fr-CA","@id":"https:\/\/www-bromic-ca.bromicpimstg.sites.hosting.454.agency\/fr-ca\/super-yacht-et-navires-de-croisiere\/#primaryimage","url":"https:\/\/www-bromic-ca.bromicpimstg.sites.hosting.454.agency\/wp-content\/uploads\/sites\/3\/2023\/08\/eclipse_portable_residential-scene_web.jpg","contentUrl":"https:\/\/www-bromic-ca.bromicpimstg.sites.hosting.454.agency\/wp-content\/uploads\/sites\/3\/2023\/08\/eclipse_portable_residential-scene_web.jpg","width":2560,"height":1706,"caption":"Residential Portable Outside Heaters - Bromic Eclipse Portable"},{"@type":"BreadcrumbList","@id":"https:\/\/www-bromic-ca.bromicpimstg.sites.hosting.454.agency\/fr-ca\/super-yacht-et-navires-de-croisiere\/#breadcrumb","itemListElement":[{"@type":"ListItem","position":1,"name":"Home","item":"https:\/\/www-bromic-ca.bromicpimstg.sites.hosting.454.agency\/fr-ca\/"},{"@type":"ListItem","position":2,"name":"Super Yacht et navires de croisi\u00e8re"}]},{"@type":"WebSite","@id":"https:\/\/www-bromic-ca.bromicpimstg.sites.hosting.454.agency\/fr-ca\/#website","url":"https:\/\/www-bromic-ca.bromicpimstg.sites.hosting.454.agency\/fr-ca\/","name":"Bromic Heating Canada","description":"","publisher":{"@id":"https:\/\/www-bromic-ca.bromicpimstg.sites.hosting.454.agency\/fr-ca\/#organization"},"potentialAction":[{"@type":"SearchAction","target":{"@type":"EntryPoint","urlTemplate":"https:\/\/www-bromic-ca.bromicpimstg.sites.hosting.454.agency\/fr-ca\/?s={search_term_string}"},"query-input":{"@type":"PropertyValueSpecification","valueRequired":true,"valueName":"search_term_string"}}],"inLanguage":"fr-CA"},{"@type":"Organization","@id":"https:\/\/www-bromic-ca.bromicpimstg.sites.hosting.454.agency\/fr-ca\/#organization","name":"Bromic Heating Canada","url":"https:\/\/www-bromic-ca.bromicpimstg.sites.hosting.454.agency\/fr-ca\/","logo":{"@type":"ImageObject","inLanguage":"fr-CA","@id":"https:\/\/www-bromic-ca.bromicpimstg.sites.hosting.454.agency\/fr-ca\/#\/schema\/logo\/image\/","url":"https:\/\/www-bromic-ca.bromicpimstg.sites.hosting.454.agency\/wp-content\/uploads\/sites\/3\/2021\/09\/bromic-logo.png","contentUrl":"https:\/\/www-bromic-ca.bromicpimstg.sites.hosting.454.agency\/wp-content\/uploads\/sites\/3\/2021\/09\/bromic-logo.png","width":1000,"height":342,"caption":"Bromic Heating Canada"},"image":{"@id":"https:\/\/www-bromic-ca.bromicpimstg.sites.hosting.454.agency\/fr-ca\/#\/schema\/logo\/image\/"}}]}},"_links":{"self":[{"href":"https:\/\/www-bromic-ca.bromicpimstg.sites.hosting.454.agency\/fr-ca\/wp-json\/wp\/v2\/pages\/12109","targetHints":{"allow":["GET"]}}],"collection":[{"href":"https:\/\/www-bromic-ca.bromicpimstg.sites.hosting.454.agency\/fr-ca\/wp-json\/wp\/v2\/pages"}],"about":[{"href":"https:\/\/www-bromic-ca.bromicpimstg.sites.hosting.454.agency\/fr-ca\/wp-json\/wp\/v2\/types\/page"}],"author":[{"embeddable":true,"href":"https:\/\/www-bromic-ca.bromicpimstg.sites.hosting.454.agency\/fr-ca\/wp-json\/wp\/v2\/users\/8"}],"replies":[{"embeddable":true,"href":"https:\/\/www-bromic-ca.bromicpimstg.sites.hosting.454.agency\/fr-ca\/wp-json\/wp\/v2\/comments?post=12109"}],"version-history":[{"count":0,"href":"https:\/\/www-bromic-ca.bromicpimstg.sites.hosting.454.agency\/fr-ca\/wp-json\/wp\/v2\/pages\/12109\/revisions"}],"wp:featuredmedia":[{"embeddable":true,"href":"https:\/\/www-bromic-ca.bromicpimstg.sites.hosting.454.agency\/fr-ca\/wp-json\/wp\/v2\/media\/62969"}],"wp:attachment":[{"href":"https:\/\/www-bromic-ca.bromicpimstg.sites.hosting.454.agency\/fr-ca\/wp-json\/wp\/v2\/media?parent=12109"}],"curies":[{"name":"wp","href":"https:\/\/api.w.org\/{rel}","templated":true}]}}