{"id":12233,"date":"2021-10-21T09:37:49","date_gmt":"2021-10-21T16:37:49","guid":{"rendered":"https:\/\/www-bromic-ca.bromicpimstg.sites.hosting.454.agency\/architectes-et-designers\/"},"modified":"2022-08-15T08:46:57","modified_gmt":"2022-08-15T15:46:57","slug":"architectes-et-designers","status":"publish","type":"page","link":"https:\/\/www-bromic-ca.bromicpimstg.sites.hosting.454.agency\/fr-ca\/architectes-et-designers\/","title":{"rendered":"Architectes et designers"},"content":{"rendered":"\n<div class=\"wp-block-cover alignfull has-background-dim-60 has-background-dim\" style=\"padding-top:30%;padding-right:30px;padding-bottom:200px;padding-left:30px\"><span aria-hidden=\"true\" class=\"wp-block-cover__background has-background-dim-60 has-background-dim\"><\/span><img decoding=\"async\" class=\"wp-block-cover__image-background wp-image-10442\" alt=\"\" src=\"https:\/\/bromicpimstg.sites.hosting.454.agency\/wp-content\/uploads\/2021\/08\/residential-belgium-brussels-medows-resid-3.jpg\" style=\"object-position:52% 38%\" data-object-fit=\"cover\" data-object-position=\"52% 38%\"\/><div class=\"wp-block-cover__inner-container is-layout-flow wp-block-cover-is-layout-flow\">\n<p class=\"has-text-align-center h6 has-text-color\" style=\"color:#62b0ca\">Architectes et designers<\/p>\n\n\n\n<h1 class=\"has-text-align-center alignmedium wp-block-heading\">D\u00e9couvrez pourquoi les grands designers choisissent les chauffages ext\u00e9rieurs Bromic.<\/h1>\n<\/div><\/div>\n\n\n\n<div class=\"wp-block-group alignfull has-background\" style=\"background:linear-gradient(180deg,rgb(238,242,244) 0%,rgb(255,255,255) 100%)\"><div class=\"wp-block-group__inner-container is-layout-flow wp-block-group-is-layout-flow\"><section class=\"blocks block-logos has-container  has-color-logos  alignwide\" id=\"block_6140cbb690346\" style=\"margin-top: -50px; margin-bottom: px;\">\n    <div class=\"container\">\n                    <h3>Utilis\u00e9 par<\/h3>\n                    <\/div>\n<\/section>\n\n\n\n<div style=\"height:130px\" aria-hidden=\"true\" class=\"wp-block-spacer\"><\/div>\n\n\n\n<div class=\"wp-block-columns alignwide is-layout-flex wp-container-core-columns-is-layout-9d6595d7 wp-block-columns-is-layout-flex\">\n<div class=\"wp-block-column is-layout-flow wp-block-column-is-layout-flow\" style=\"flex-basis:33.33%\">\n<h2 class=\"wp-block-heading\">Notre souci constant du design<\/h2>\n<\/div>\n\n\n\n<div class=\"wp-block-column is-layout-flow wp-block-column-is-layout-flow\" style=\"flex-basis:66.66%\">\n<p style=\"font-size:18px\">Bromic s\u2019est toujours efforc\u00e9 d\u2019\u00eatre une organisation centr\u00e9e sur le design : construit par des designers, pour des designers. Au fil des ans, Bromic a d\u00e9velopp\u00e9 des partenariats solides avec certains des plus grands cabinets d\u2019architectes et agences de design du monde, dans le but d\u2019am\u00e9liorer continuellement l\u2019esth\u00e9tique, l\u2019int\u00e9gration et les performances de ses collections de chauffages ext\u00e9rieurs.<\/p>\n\n\n\n<p style=\"font-size:18px\">Notre mantra de conception est \u00ab Conception sup\u00e9rieure, chaleur sup\u00e9rieure \u00bb. Pour nous, il ne suffit pas de construire le produit le plus esth\u00e9tique ou le plus performant, comme l\u2019ont fait certains de nos concurrents. Nous avons toujours cherch\u00e9 \u00e0 combiner les deux en un seul produit.<\/p>\n<\/div>\n<\/div>\n<\/div><\/div>\n\n\n\n<div style=\"height:150px\" aria-hidden=\"true\" class=\"wp-block-spacer\"><\/div>\n\n\n<section class=\"blocks block-outdoor-planner alignfull \" id=\"block_60d2525df71c6\">\n    <div class=\"container\">\n        \n        <div class=\"wrapper\">\n            \n                            <div class=\"heater-wrapper\">\n                    <img decoding=\"async\" src=\"https:\/\/www-bromic-ca.bromicpimstg.sites.hosting.454.agency\/wp-content\/themes\/bromic\/images\/bromic-eclipse-portable.png\" alt=\"Architectes et designers\">\n                <\/div>\n                        \n            <div class=\"slider\">\n                                                        <div class=\"slide\">\n                        <img decoding=\"async\" src=\"https:\/\/www-bromic-ca.bromicpimstg.sites.hosting.454.agency\/wp-content\/uploads\/sites\/3\/2022\/06\/Eclipse-Portable_graphics-EU-1600x1082.png\" alt=\"\" \/>\n                    <\/div>\n                                                <\/div>\n        <\/div>\n        \n                    <div class=\"content\">\n                <h6>Service de conception de chauffage ext\u00e9rieur gratuit<\/h6>                <h2>Vous ne savez pas quels appareils de chauffage conviennent \u00e0 votre espace ext\u00e9rieur? <\/h2>                <p>Laissez-nous vous aider avec notre service de conception technique gratuit. Notre \u00e9quipe de designers sera en mesure de vous conseiller sur le type de chauffage qui convient le mieux \u00e0 votre espace et de vous offrir un am\u00e9nagement personnalis\u00e9.<\/p>\n                                    <a class=\"button\" href=\"\/fr-ca\/concevoir-votre-espace\/\" target=\"_self\">Concevez votre espace<\/a>\n                            <\/div>\n        \n\n        <div class=\"call-to-action\">\n            <h3>Besoin de plus d\u2019aide? <\/h3>            <p>Contactez notre \u00e9quipe pour parler avec un concepteur de chauffage au bromic.<\/p>                            <a class=\"button\" href=\"\/fr-ca\/nous-contacter\/\" target=\"_self\">Nous contacter<\/a>\n                    <\/div>\n    <\/div>\n\n    <script>\n        jQuery(document).ready(function($){\n            $('#block_60d2525df71c6 .slider').slick({\n                arrows: false,\n                autoplay: true,\n                autoplaySpeed: 4000,\n                dots: false,\n                infinite: true,\n                fade: true,\n                mobileFirst: true,\n                slidesToShow: 1,\n                slidesToScroll: 1,\n                speed: 1000,\n                swipe: true,\n                swipeToSlide: true,\n                touchMove: true,\n                pauseOnFocus: false,\n                pauseOnHover: false,\n            });\n        });\n    <\/script>\n<\/section>\n\n\n\n<div style=\"height:100px\" aria-hidden=\"true\" class=\"wp-block-spacer\"><\/div>\n\n\n\n<div class=\"wp-block-group alignfull has-pearl-background-color has-background\"><div class=\"wp-block-group__inner-container is-layout-flow wp-block-group-is-layout-flow\">\n<div style=\"height:100px\" aria-hidden=\"true\" class=\"wp-block-spacer\"><\/div>\n\n\n\n<div class=\"wp-block-columns alignwide is-layout-flex wp-container-core-columns-is-layout-9d6595d7 wp-block-columns-is-layout-flex\">\n<div class=\"wp-block-column is-layout-flow wp-block-column-is-layout-flow\" style=\"flex-basis:33.33%\">\n<h3 class=\"wp-block-heading\">Liens rapides<\/h3>\n\n\n\n<div style=\"height:20px\" aria-hidden=\"true\" class=\"wp-block-spacer\"><\/div>\n\n\n<section class=\"blocks block-quick-links \" id=\"block_6154e4a6a8517\">\n\n            <ul class=\"links-list\">\n                                                <li><a href=\"\/fr-ca\/guide-de-planification-des-pieces-exterieures\/\" target=\"_self\">Guide de planification du chauffage ext\u00e9rieur<\/a><\/li>\n                                                    <li><a href=\"\/fr-ca\/acceder-aux-fichiers-bim\/\" target=\"_self\">Fichiers Revit BIM<\/a><\/li>\n                                                    <li><a href=\"\/fr-ca\/ressources-techniques\/\" target=\"_self\">Ressources techniques<\/a><\/li>\n                                                    <li><a href=\"\/fr-ca\/catalogue-de-produits\/\" target=\"_self\">Catalogue de produits<\/a><\/li>\n                                                    <li><a href=\"\/fr-ca\/contacter-le-support-technique\/\" target=\"_self\">Planifier un appel de soutien technique<\/a><\/li>\n                        <\/ul>\n        <\/section>\n<\/div>\n\n\n\n<div class=\"wp-block-column is-layout-flow wp-block-column-is-layout-flow\" style=\"flex-basis:66.66%\">\n<h3 class=\"wp-block-heading\">Articles<\/h3>\n\n\n\n<div style=\"height:20px\" aria-hidden=\"true\" class=\"wp-block-spacer\"><\/div>\n\n\n<section class=\"blocks block-quick-links \" id=\"block_6154e53e2560c\">\n\n            \n    <\/section>\n<\/div>\n<\/div>\n\n\n\n<div style=\"height:100px\" aria-hidden=\"true\" class=\"wp-block-spacer\"><\/div>\n<\/div><\/div>\n\n\n\n<div style=\"height:100px\" aria-hidden=\"true\" class=\"wp-block-spacer\"><\/div>\n\n\n\n<h3 class=\"has-text-align-center wp-block-heading\">Projets en vedette<\/h3>\n\n\n\n<div style=\"height:20px\" aria-hidden=\"true\" class=\"wp-block-spacer\"><\/div>\n\n\n<section class=\"blocks block-case-studies alignwide \" id=\"block_6154c762e5821\">\n\n        \n<\/section>\n","protected":false},"excerpt":{"rendered":"<p>Notre souci constant du design Bromic s\u2019est toujours efforc\u00e9 d\u2019\u00eatre une organisation centr\u00e9e sur le design : construit par des designers, pour des designers. Au fil des ans, Bromic a d\u00e9velopp\u00e9 des partenariats solides avec certains des plus grands cabinets d\u2019architectes et agences de design du monde, dans le but d\u2019am\u00e9liorer continuellement l\u2019esth\u00e9tique, l\u2019int\u00e9gration et [&hellip;]<\/p>\n","protected":false},"author":8,"featured_media":62969,"parent":0,"menu_order":0,"comment_status":"closed","ping_status":"closed","template":"","meta":{"_acf_changed":false,"footnotes":""},"class_list":["post-12233","page","type-page","status-publish","has-post-thumbnail","hentry"],"acf":[],"yoast_head":"<!-- This site is optimized with the Yoast SEO plugin v26.1.1 - https:\/\/yoast.com\/wordpress\/plugins\/seo\/ -->\n<title>Architectes et designers - Bromic Heating Canada<\/title>\n<meta name=\"description\" content=\"Architectes et designers D\u00e9couvrez pourquoi les grands designers choisissent les chauffages ext\u00e9rieurs Bromic. Notre souci constant du design Bromic s\u2019est\" \/>\n<meta name=\"robots\" content=\"index, follow, max-snippet:-1, max-image-preview:large, max-video-preview:-1\" \/>\n<link rel=\"canonical\" href=\"https:\/\/www-bromic-ca.bromicpimstg.sites.hosting.454.agency\/fr-ca\/architectes-et-designers\/\" \/>\n<meta property=\"og:locale\" content=\"fr_CA\" \/>\n<meta property=\"og:type\" content=\"article\" \/>\n<meta property=\"og:title\" content=\"Architectes et designers - Bromic Heating Canada\" \/>\n<meta property=\"og:description\" content=\"Architectes et designers D\u00e9couvrez pourquoi les grands designers choisissent les chauffages ext\u00e9rieurs Bromic. Notre souci constant du design Bromic s\u2019est\" \/>\n<meta property=\"og:url\" content=\"https:\/\/www-bromic-ca.bromicpimstg.sites.hosting.454.agency\/fr-ca\/architectes-et-designers\/\" \/>\n<meta property=\"og:site_name\" content=\"Bromic Heating Canada\" \/>\n<meta property=\"article:modified_time\" content=\"2022-08-15T15:46:57+00:00\" \/>\n<meta property=\"og:image\" content=\"https:\/\/www-bromic-ca.bromicpimstg.sites.hosting.454.agency\/wp-content\/uploads\/sites\/3\/2023\/08\/eclipse_portable_residential-scene_web.jpg\" \/>\n\t<meta property=\"og:image:width\" content=\"2560\" \/>\n\t<meta property=\"og:image:height\" content=\"1706\" \/>\n\t<meta property=\"og:image:type\" content=\"image\/jpeg\" \/>\n<meta name=\"twitter:card\" content=\"summary_large_image\" \/>\n<meta name=\"twitter:label1\" content=\"Estimation du temps de lecture\" \/>\n\t<meta name=\"twitter:data1\" content=\"1 minute\" \/>\n<script type=\"application\/ld+json\" class=\"yoast-schema-graph\">{\"@context\":\"https:\/\/schema.org\",\"@graph\":[{\"@type\":\"WebPage\",\"@id\":\"https:\/\/www-bromic-ca.bromicpimstg.sites.hosting.454.agency\/fr-ca\/architectes-et-designers\/\",\"url\":\"https:\/\/www-bromic-ca.bromicpimstg.sites.hosting.454.agency\/fr-ca\/architectes-et-designers\/\",\"name\":\"Architectes et designers - Bromic Heating Canada\",\"isPartOf\":{\"@id\":\"https:\/\/www-bromic-ca.bromicpimstg.sites.hosting.454.agency\/fr-ca\/#website\"},\"primaryImageOfPage\":{\"@id\":\"https:\/\/www-bromic-ca.bromicpimstg.sites.hosting.454.agency\/fr-ca\/architectes-et-designers\/#primaryimage\"},\"image\":{\"@id\":\"https:\/\/www-bromic-ca.bromicpimstg.sites.hosting.454.agency\/fr-ca\/architectes-et-designers\/#primaryimage\"},\"thumbnailUrl\":\"https:\/\/www-bromic-ca.bromicpimstg.sites.hosting.454.agency\/wp-content\/uploads\/sites\/3\/2023\/08\/eclipse_portable_residential-scene_web.jpg\",\"datePublished\":\"2021-10-21T16:37:49+00:00\",\"dateModified\":\"2022-08-15T15:46:57+00:00\",\"description\":\"Architectes et designers D\u00e9couvrez pourquoi les grands designers choisissent les chauffages ext\u00e9rieurs Bromic. Notre souci constant du design Bromic s\u2019est\",\"breadcrumb\":{\"@id\":\"https:\/\/www-bromic-ca.bromicpimstg.sites.hosting.454.agency\/fr-ca\/architectes-et-designers\/#breadcrumb\"},\"inLanguage\":\"fr-CA\",\"potentialAction\":[{\"@type\":\"ReadAction\",\"target\":[\"https:\/\/www-bromic-ca.bromicpimstg.sites.hosting.454.agency\/fr-ca\/architectes-et-designers\/\"]}]},{\"@type\":\"ImageObject\",\"inLanguage\":\"fr-CA\",\"@id\":\"https:\/\/www-bromic-ca.bromicpimstg.sites.hosting.454.agency\/fr-ca\/architectes-et-designers\/#primaryimage\",\"url\":\"https:\/\/www-bromic-ca.bromicpimstg.sites.hosting.454.agency\/wp-content\/uploads\/sites\/3\/2023\/08\/eclipse_portable_residential-scene_web.jpg\",\"contentUrl\":\"https:\/\/www-bromic-ca.bromicpimstg.sites.hosting.454.agency\/wp-content\/uploads\/sites\/3\/2023\/08\/eclipse_portable_residential-scene_web.jpg\",\"width\":2560,\"height\":1706,\"caption\":\"Residential Portable Outside Heaters - Bromic Eclipse Portable\"},{\"@type\":\"BreadcrumbList\",\"@id\":\"https:\/\/www-bromic-ca.bromicpimstg.sites.hosting.454.agency\/fr-ca\/architectes-et-designers\/#breadcrumb\",\"itemListElement\":[{\"@type\":\"ListItem\",\"position\":1,\"name\":\"Home\",\"item\":\"https:\/\/www-bromic-ca.bromicpimstg.sites.hosting.454.agency\/fr-ca\/\"},{\"@type\":\"ListItem\",\"position\":2,\"name\":\"Architectes et designers\"}]},{\"@type\":\"WebSite\",\"@id\":\"https:\/\/www-bromic-ca.bromicpimstg.sites.hosting.454.agency\/fr-ca\/#website\",\"url\":\"https:\/\/www-bromic-ca.bromicpimstg.sites.hosting.454.agency\/fr-ca\/\",\"name\":\"Bromic Heating Canada\",\"description\":\"\",\"publisher\":{\"@id\":\"https:\/\/www-bromic-ca.bromicpimstg.sites.hosting.454.agency\/fr-ca\/#organization\"},\"potentialAction\":[{\"@type\":\"SearchAction\",\"target\":{\"@type\":\"EntryPoint\",\"urlTemplate\":\"https:\/\/www-bromic-ca.bromicpimstg.sites.hosting.454.agency\/fr-ca\/?s={search_term_string}\"},\"query-input\":{\"@type\":\"PropertyValueSpecification\",\"valueRequired\":true,\"valueName\":\"search_term_string\"}}],\"inLanguage\":\"fr-CA\"},{\"@type\":\"Organization\",\"@id\":\"https:\/\/www-bromic-ca.bromicpimstg.sites.hosting.454.agency\/fr-ca\/#organization\",\"name\":\"Bromic Heating Canada\",\"url\":\"https:\/\/www-bromic-ca.bromicpimstg.sites.hosting.454.agency\/fr-ca\/\",\"logo\":{\"@type\":\"ImageObject\",\"inLanguage\":\"fr-CA\",\"@id\":\"https:\/\/www-bromic-ca.bromicpimstg.sites.hosting.454.agency\/fr-ca\/#\/schema\/logo\/image\/\",\"url\":\"https:\/\/www-bromic-ca.bromicpimstg.sites.hosting.454.agency\/wp-content\/uploads\/sites\/3\/2021\/09\/bromic-logo.png\",\"contentUrl\":\"https:\/\/www-bromic-ca.bromicpimstg.sites.hosting.454.agency\/wp-content\/uploads\/sites\/3\/2021\/09\/bromic-logo.png\",\"width\":1000,\"height\":342,\"caption\":\"Bromic Heating Canada\"},\"image\":{\"@id\":\"https:\/\/www-bromic-ca.bromicpimstg.sites.hosting.454.agency\/fr-ca\/#\/schema\/logo\/image\/\"}}]}<\/script>\n<!-- \/ Yoast SEO plugin. -->","yoast_head_json":{"title":"Architectes et designers - Bromic Heating Canada","description":"Architectes et designers D\u00e9couvrez pourquoi les grands designers choisissent les chauffages ext\u00e9rieurs Bromic. Notre souci constant du design Bromic s\u2019est","robots":{"index":"index","follow":"follow","max-snippet":"max-snippet:-1","max-image-preview":"max-image-preview:large","max-video-preview":"max-video-preview:-1"},"canonical":"https:\/\/www-bromic-ca.bromicpimstg.sites.hosting.454.agency\/fr-ca\/architectes-et-designers\/","og_locale":"fr_CA","og_type":"article","og_title":"Architectes et designers - Bromic Heating Canada","og_description":"Architectes et designers D\u00e9couvrez pourquoi les grands designers choisissent les chauffages ext\u00e9rieurs Bromic. Notre souci constant du design Bromic s\u2019est","og_url":"https:\/\/www-bromic-ca.bromicpimstg.sites.hosting.454.agency\/fr-ca\/architectes-et-designers\/","og_site_name":"Bromic Heating Canada","article_modified_time":"2022-08-15T15:46:57+00:00","og_image":[{"width":2560,"height":1706,"url":"https:\/\/www-bromic-ca.bromicpimstg.sites.hosting.454.agency\/wp-content\/uploads\/sites\/3\/2023\/08\/eclipse_portable_residential-scene_web.jpg","type":"image\/jpeg"}],"twitter_card":"summary_large_image","twitter_misc":{"Estimation du temps de lecture":"1 minute"},"schema":{"@context":"https:\/\/schema.org","@graph":[{"@type":"WebPage","@id":"https:\/\/www-bromic-ca.bromicpimstg.sites.hosting.454.agency\/fr-ca\/architectes-et-designers\/","url":"https:\/\/www-bromic-ca.bromicpimstg.sites.hosting.454.agency\/fr-ca\/architectes-et-designers\/","name":"Architectes et designers - Bromic Heating Canada","isPartOf":{"@id":"https:\/\/www-bromic-ca.bromicpimstg.sites.hosting.454.agency\/fr-ca\/#website"},"primaryImageOfPage":{"@id":"https:\/\/www-bromic-ca.bromicpimstg.sites.hosting.454.agency\/fr-ca\/architectes-et-designers\/#primaryimage"},"image":{"@id":"https:\/\/www-bromic-ca.bromicpimstg.sites.hosting.454.agency\/fr-ca\/architectes-et-designers\/#primaryimage"},"thumbnailUrl":"https:\/\/www-bromic-ca.bromicpimstg.sites.hosting.454.agency\/wp-content\/uploads\/sites\/3\/2023\/08\/eclipse_portable_residential-scene_web.jpg","datePublished":"2021-10-21T16:37:49+00:00","dateModified":"2022-08-15T15:46:57+00:00","description":"Architectes et designers D\u00e9couvrez pourquoi les grands designers choisissent les chauffages ext\u00e9rieurs Bromic. Notre souci constant du design Bromic s\u2019est","breadcrumb":{"@id":"https:\/\/www-bromic-ca.bromicpimstg.sites.hosting.454.agency\/fr-ca\/architectes-et-designers\/#breadcrumb"},"inLanguage":"fr-CA","potentialAction":[{"@type":"ReadAction","target":["https:\/\/www-bromic-ca.bromicpimstg.sites.hosting.454.agency\/fr-ca\/architectes-et-designers\/"]}]},{"@type":"ImageObject","inLanguage":"fr-CA","@id":"https:\/\/www-bromic-ca.bromicpimstg.sites.hosting.454.agency\/fr-ca\/architectes-et-designers\/#primaryimage","url":"https:\/\/www-bromic-ca.bromicpimstg.sites.hosting.454.agency\/wp-content\/uploads\/sites\/3\/2023\/08\/eclipse_portable_residential-scene_web.jpg","contentUrl":"https:\/\/www-bromic-ca.bromicpimstg.sites.hosting.454.agency\/wp-content\/uploads\/sites\/3\/2023\/08\/eclipse_portable_residential-scene_web.jpg","width":2560,"height":1706,"caption":"Residential Portable Outside Heaters - Bromic Eclipse Portable"},{"@type":"BreadcrumbList","@id":"https:\/\/www-bromic-ca.bromicpimstg.sites.hosting.454.agency\/fr-ca\/architectes-et-designers\/#breadcrumb","itemListElement":[{"@type":"ListItem","position":1,"name":"Home","item":"https:\/\/www-bromic-ca.bromicpimstg.sites.hosting.454.agency\/fr-ca\/"},{"@type":"ListItem","position":2,"name":"Architectes et designers"}]},{"@type":"WebSite","@id":"https:\/\/www-bromic-ca.bromicpimstg.sites.hosting.454.agency\/fr-ca\/#website","url":"https:\/\/www-bromic-ca.bromicpimstg.sites.hosting.454.agency\/fr-ca\/","name":"Bromic Heating Canada","description":"","publisher":{"@id":"https:\/\/www-bromic-ca.bromicpimstg.sites.hosting.454.agency\/fr-ca\/#organization"},"potentialAction":[{"@type":"SearchAction","target":{"@type":"EntryPoint","urlTemplate":"https:\/\/www-bromic-ca.bromicpimstg.sites.hosting.454.agency\/fr-ca\/?s={search_term_string}"},"query-input":{"@type":"PropertyValueSpecification","valueRequired":true,"valueName":"search_term_string"}}],"inLanguage":"fr-CA"},{"@type":"Organization","@id":"https:\/\/www-bromic-ca.bromicpimstg.sites.hosting.454.agency\/fr-ca\/#organization","name":"Bromic Heating Canada","url":"https:\/\/www-bromic-ca.bromicpimstg.sites.hosting.454.agency\/fr-ca\/","logo":{"@type":"ImageObject","inLanguage":"fr-CA","@id":"https:\/\/www-bromic-ca.bromicpimstg.sites.hosting.454.agency\/fr-ca\/#\/schema\/logo\/image\/","url":"https:\/\/www-bromic-ca.bromicpimstg.sites.hosting.454.agency\/wp-content\/uploads\/sites\/3\/2021\/09\/bromic-logo.png","contentUrl":"https:\/\/www-bromic-ca.bromicpimstg.sites.hosting.454.agency\/wp-content\/uploads\/sites\/3\/2021\/09\/bromic-logo.png","width":1000,"height":342,"caption":"Bromic Heating Canada"},"image":{"@id":"https:\/\/www-bromic-ca.bromicpimstg.sites.hosting.454.agency\/fr-ca\/#\/schema\/logo\/image\/"}}]}},"_links":{"self":[{"href":"https:\/\/www-bromic-ca.bromicpimstg.sites.hosting.454.agency\/fr-ca\/wp-json\/wp\/v2\/pages\/12233","targetHints":{"allow":["GET"]}}],"collection":[{"href":"https:\/\/www-bromic-ca.bromicpimstg.sites.hosting.454.agency\/fr-ca\/wp-json\/wp\/v2\/pages"}],"about":[{"href":"https:\/\/www-bromic-ca.bromicpimstg.sites.hosting.454.agency\/fr-ca\/wp-json\/wp\/v2\/types\/page"}],"author":[{"embeddable":true,"href":"https:\/\/www-bromic-ca.bromicpimstg.sites.hosting.454.agency\/fr-ca\/wp-json\/wp\/v2\/users\/8"}],"replies":[{"embeddable":true,"href":"https:\/\/www-bromic-ca.bromicpimstg.sites.hosting.454.agency\/fr-ca\/wp-json\/wp\/v2\/comments?post=12233"}],"version-history":[{"count":0,"href":"https:\/\/www-bromic-ca.bromicpimstg.sites.hosting.454.agency\/fr-ca\/wp-json\/wp\/v2\/pages\/12233\/revisions"}],"wp:featuredmedia":[{"embeddable":true,"href":"https:\/\/www-bromic-ca.bromicpimstg.sites.hosting.454.agency\/fr-ca\/wp-json\/wp\/v2\/media\/62969"}],"wp:attachment":[{"href":"https:\/\/www-bromic-ca.bromicpimstg.sites.hosting.454.agency\/fr-ca\/wp-json\/wp\/v2\/media?parent=12233"}],"curies":[{"name":"wp","href":"https:\/\/api.w.org\/{rel}","templated":true}]}}