{"id":78236,"date":"2024-11-08T10:31:52","date_gmt":"2024-11-08T18:31:52","guid":{"rendered":"https:\/\/www-bromic-ca.bromicpimstg.sites.hosting.454.agency\/product\/affinity-smart-heat-expansion-board\/"},"modified":"2025-11-12T16:09:31","modified_gmt":"2025-11-13T00:09:31","slug":"affinity-smart-heat-expansion-board","status":"publish","type":"product","link":"https:\/\/www-bromic-ca.bromicpimstg.sites.hosting.454.agency\/fr-ca\/produit\/affinity-smart-heat-expansion-board\/","title":{"rendered":"Affinity Smart-Heat\u2122 Expansion Board"},"content":{"rendered":"<p>Disponible en tant qu&rsquo;accessoire pour les appareils de chauffage On\/Off et Dimmer de Bromic, mod\u00e8les \u00e0 1 et 2 canaux, l&rsquo;option Carte d&rsquo;Extension permet une int\u00e9gration Ethernet transparente pour une connexion infaillible \u00e0 vos chauffages ext\u00e9rieurs. Compl\u00e8te avec des connexions 0-10\u202fV pour votre Syst\u00e8me de Domotique ou votre Syst\u00e8me de Gestion de B\u00e2timent.<\/p>\n","protected":false},"excerpt":{"rendered":"<p>L&rsquo;accessoire Carte d&rsquo;Extension de Bromic permet une int\u00e9gration Ethernet transparente pour une connexion fiable \u00e0 vos chauffages ext\u00e9rieurs. \u00c9quip\u00e9e de connexions 0-10\u202fV, elle est compatible avec votre Syst\u00e8me de Domotique ou Syst\u00e8me de Gestion de B\u00e2timent.<\/p>\n","protected":false},"featured_media":76982,"comment_status":"closed","ping_status":"closed","template":"","meta":{"_acf_changed":false},"product_brand":[],"product_cat":[5377,5379],"product_tag":[],"class_list":{"0":"post-78236","1":"product","2":"type-product","3":"status-publish","4":"has-post-thumbnail","6":"product_cat-chauffe-terrasse-fr-ca","7":"product_cat-accessoires-fr-ca","9":"first","10":"instock","11":"shipping-taxable","12":"product-type-simple"},"acf":[],"yoast_head":"<!-- This site is optimized with the Yoast SEO plugin v26.1.1 - https:\/\/yoast.com\/wordpress\/plugins\/seo\/ -->\n<title>Affinity Smart Heat Expansion Board - Bromic Heating Canada<\/title>\n<meta name=\"description\" content=\"Enhance your outdoor comfort with Bromic&#039;s Expansion Board accessory. Achieve seamless ethernet integration and reliable connectivity with 0-10V support for Home or Business Automation. Compatible with On\/Off and Dimmer controls.Am\u00e9liorez votre confort ext\u00e9rieur avec l&#039;accessoire de carte d&#039;extension Bromic. Obtenez une int\u00e9gration Ethernet transparente et une connectivit\u00e9 fiable avec la prise en charge 0-10 V pour l&#039;automatisation domestique ou professionnelle. Compatible avec les commandes On\/Off et Dimmer.\" \/>\n<meta name=\"robots\" content=\"index, follow, max-snippet:-1, max-image-preview:large, max-video-preview:-1\" \/>\n<link rel=\"canonical\" href=\"https:\/\/www-bromic-ca.bromicpimstg.sites.hosting.454.agency\/fr-ca\/produit\/affinity-smart-heat-expansion-board\/\" \/>\n<meta property=\"og:locale\" content=\"fr_CA\" \/>\n<meta property=\"og:type\" content=\"article\" \/>\n<meta property=\"og:title\" content=\"Affinity Smart Heat Expansion Board - Bromic Heating Canada\" \/>\n<meta property=\"og:description\" content=\"Enhance your outdoor comfort with Bromic&#039;s Expansion Board accessory. Achieve seamless ethernet integration and reliable connectivity with 0-10V support for Home or Business Automation. Compatible with On\/Off and Dimmer controls.Am\u00e9liorez votre confort ext\u00e9rieur avec l&#039;accessoire de carte d&#039;extension Bromic. Obtenez une int\u00e9gration Ethernet transparente et une connectivit\u00e9 fiable avec la prise en charge 0-10 V pour l&#039;automatisation domestique ou professionnelle. Compatible avec les commandes On\/Off et Dimmer.\" \/>\n<meta property=\"og:url\" content=\"https:\/\/www-bromic-ca.bromicpimstg.sites.hosting.454.agency\/fr-ca\/produit\/affinity-smart-heat-expansion-board\/\" \/>\n<meta property=\"og:site_name\" content=\"Bromic Heating Canada\" \/>\n<meta property=\"article:modified_time\" content=\"2025-11-13T00:09:31+00:00\" \/>\n<meta property=\"og:image\" content=\"https:\/\/www-bromic-ca.bromicpimstg.sites.hosting.454.agency\/wp-content\/uploads\/sites\/3\/2025\/05\/Expansion-Board-1600x1600.png\" \/>\n\t<meta property=\"og:image:width\" content=\"1600\" \/>\n\t<meta property=\"og:image:height\" content=\"1600\" \/>\n\t<meta property=\"og:image:type\" content=\"image\/png\" \/>\n<meta name=\"twitter:card\" content=\"summary_large_image\" \/>\n<meta name=\"twitter:label1\" content=\"Estimation du temps de lecture\" \/>\n\t<meta name=\"twitter:data1\" content=\"1 minute\" \/>\n<script type=\"application\/ld+json\" class=\"yoast-schema-graph\">{\"@context\":\"https:\/\/schema.org\",\"@graph\":[{\"@type\":\"WebPage\",\"@id\":\"https:\/\/www-bromic-ca.bromicpimstg.sites.hosting.454.agency\/fr-ca\/produit\/affinity-smart-heat-expansion-board\/\",\"url\":\"https:\/\/www-bromic-ca.bromicpimstg.sites.hosting.454.agency\/fr-ca\/produit\/affinity-smart-heat-expansion-board\/\",\"name\":\"Affinity Smart Heat Expansion Board - Bromic Heating Canada\",\"isPartOf\":{\"@id\":\"https:\/\/www-bromic-ca.bromicpimstg.sites.hosting.454.agency\/fr-ca\/#website\"},\"primaryImageOfPage\":{\"@id\":\"https:\/\/www-bromic-ca.bromicpimstg.sites.hosting.454.agency\/fr-ca\/produit\/affinity-smart-heat-expansion-board\/#primaryimage\"},\"image\":{\"@id\":\"https:\/\/www-bromic-ca.bromicpimstg.sites.hosting.454.agency\/fr-ca\/produit\/affinity-smart-heat-expansion-board\/#primaryimage\"},\"thumbnailUrl\":\"https:\/\/www-bromic-ca.bromicpimstg.sites.hosting.454.agency\/wp-content\/uploads\/sites\/3\/2025\/05\/Expansion-Board.png\",\"datePublished\":\"2024-11-08T18:31:52+00:00\",\"dateModified\":\"2025-11-13T00:09:31+00:00\",\"description\":\"Enhance your outdoor comfort with Bromic's Expansion Board accessory. Achieve seamless ethernet integration and reliable connectivity with 0-10V support for Home or Business Automation. Compatible with On\/Off and Dimmer controls.Am\u00e9liorez votre confort ext\u00e9rieur avec l'accessoire de carte d'extension Bromic. Obtenez une int\u00e9gration Ethernet transparente et une connectivit\u00e9 fiable avec la prise en charge 0-10 V pour l'automatisation domestique ou professionnelle. Compatible avec les commandes On\/Off et Dimmer.\",\"breadcrumb\":{\"@id\":\"https:\/\/www-bromic-ca.bromicpimstg.sites.hosting.454.agency\/fr-ca\/produit\/affinity-smart-heat-expansion-board\/#breadcrumb\"},\"inLanguage\":\"fr-CA\",\"potentialAction\":[{\"@type\":\"ReadAction\",\"target\":[\"https:\/\/www-bromic-ca.bromicpimstg.sites.hosting.454.agency\/fr-ca\/produit\/affinity-smart-heat-expansion-board\/\"]}]},{\"@type\":\"ImageObject\",\"inLanguage\":\"fr-CA\",\"@id\":\"https:\/\/www-bromic-ca.bromicpimstg.sites.hosting.454.agency\/fr-ca\/produit\/affinity-smart-heat-expansion-board\/#primaryimage\",\"url\":\"https:\/\/www-bromic-ca.bromicpimstg.sites.hosting.454.agency\/wp-content\/uploads\/sites\/3\/2025\/05\/Expansion-Board.png\",\"contentUrl\":\"https:\/\/www-bromic-ca.bromicpimstg.sites.hosting.454.agency\/wp-content\/uploads\/sites\/3\/2025\/05\/Expansion-Board.png\",\"width\":3375,\"height\":3375},{\"@type\":\"BreadcrumbList\",\"@id\":\"https:\/\/www-bromic-ca.bromicpimstg.sites.hosting.454.agency\/fr-ca\/produit\/affinity-smart-heat-expansion-board\/#breadcrumb\",\"itemListElement\":[{\"@type\":\"ListItem\",\"position\":1,\"name\":\"Home\",\"item\":\"https:\/\/www-bromic-ca.bromicpimstg.sites.hosting.454.agency\/fr-ca\/\"},{\"@type\":\"ListItem\",\"position\":2,\"name\":\"Products\",\"item\":\"https:\/\/www-bromic-ca.bromicpimstg.sites.hosting.454.agency\/products\/\"},{\"@type\":\"ListItem\",\"position\":3,\"name\":\"Affinity Smart-Heat\u2122 Expansion Board\"}]},{\"@type\":\"WebSite\",\"@id\":\"https:\/\/www-bromic-ca.bromicpimstg.sites.hosting.454.agency\/fr-ca\/#website\",\"url\":\"https:\/\/www-bromic-ca.bromicpimstg.sites.hosting.454.agency\/fr-ca\/\",\"name\":\"Bromic Heating Canada\",\"description\":\"\",\"publisher\":{\"@id\":\"https:\/\/www-bromic-ca.bromicpimstg.sites.hosting.454.agency\/fr-ca\/#organization\"},\"potentialAction\":[{\"@type\":\"SearchAction\",\"target\":{\"@type\":\"EntryPoint\",\"urlTemplate\":\"https:\/\/www-bromic-ca.bromicpimstg.sites.hosting.454.agency\/fr-ca\/?s={search_term_string}\"},\"query-input\":{\"@type\":\"PropertyValueSpecification\",\"valueRequired\":true,\"valueName\":\"search_term_string\"}}],\"inLanguage\":\"fr-CA\"},{\"@type\":\"Organization\",\"@id\":\"https:\/\/www-bromic-ca.bromicpimstg.sites.hosting.454.agency\/fr-ca\/#organization\",\"name\":\"Bromic Heating Canada\",\"url\":\"https:\/\/www-bromic-ca.bromicpimstg.sites.hosting.454.agency\/fr-ca\/\",\"logo\":{\"@type\":\"ImageObject\",\"inLanguage\":\"fr-CA\",\"@id\":\"https:\/\/www-bromic-ca.bromicpimstg.sites.hosting.454.agency\/fr-ca\/#\/schema\/logo\/image\/\",\"url\":\"https:\/\/www-bromic-ca.bromicpimstg.sites.hosting.454.agency\/wp-content\/uploads\/sites\/3\/2021\/09\/bromic-logo.png\",\"contentUrl\":\"https:\/\/www-bromic-ca.bromicpimstg.sites.hosting.454.agency\/wp-content\/uploads\/sites\/3\/2021\/09\/bromic-logo.png\",\"width\":1000,\"height\":342,\"caption\":\"Bromic Heating Canada\"},\"image\":{\"@id\":\"https:\/\/www-bromic-ca.bromicpimstg.sites.hosting.454.agency\/fr-ca\/#\/schema\/logo\/image\/\"}}]}<\/script>\n<!-- \/ Yoast SEO plugin. -->","yoast_head_json":{"title":"Affinity Smart Heat Expansion Board - Bromic Heating Canada","description":"Enhance your outdoor comfort with Bromic's Expansion Board accessory. Achieve seamless ethernet integration and reliable connectivity with 0-10V support for Home or Business Automation. Compatible with On\/Off and Dimmer controls.Am\u00e9liorez votre confort ext\u00e9rieur avec l'accessoire de carte d'extension Bromic. Obtenez une int\u00e9gration Ethernet transparente et une connectivit\u00e9 fiable avec la prise en charge 0-10 V pour l'automatisation domestique ou professionnelle. Compatible avec les commandes On\/Off et Dimmer.","robots":{"index":"index","follow":"follow","max-snippet":"max-snippet:-1","max-image-preview":"max-image-preview:large","max-video-preview":"max-video-preview:-1"},"canonical":"https:\/\/www-bromic-ca.bromicpimstg.sites.hosting.454.agency\/fr-ca\/produit\/affinity-smart-heat-expansion-board\/","og_locale":"fr_CA","og_type":"article","og_title":"Affinity Smart Heat Expansion Board - Bromic Heating Canada","og_description":"Enhance your outdoor comfort with Bromic's Expansion Board accessory. Achieve seamless ethernet integration and reliable connectivity with 0-10V support for Home or Business Automation. Compatible with On\/Off and Dimmer controls.Am\u00e9liorez votre confort ext\u00e9rieur avec l'accessoire de carte d'extension Bromic. Obtenez une int\u00e9gration Ethernet transparente et une connectivit\u00e9 fiable avec la prise en charge 0-10 V pour l'automatisation domestique ou professionnelle. Compatible avec les commandes On\/Off et Dimmer.","og_url":"https:\/\/www-bromic-ca.bromicpimstg.sites.hosting.454.agency\/fr-ca\/produit\/affinity-smart-heat-expansion-board\/","og_site_name":"Bromic Heating Canada","article_modified_time":"2025-11-13T00:09:31+00:00","og_image":[{"width":1600,"height":1600,"url":"https:\/\/www-bromic-ca.bromicpimstg.sites.hosting.454.agency\/wp-content\/uploads\/sites\/3\/2025\/05\/Expansion-Board-1600x1600.png","type":"image\/png"}],"twitter_card":"summary_large_image","twitter_misc":{"Estimation du temps de lecture":"1 minute"},"schema":{"@context":"https:\/\/schema.org","@graph":[{"@type":"WebPage","@id":"https:\/\/www-bromic-ca.bromicpimstg.sites.hosting.454.agency\/fr-ca\/produit\/affinity-smart-heat-expansion-board\/","url":"https:\/\/www-bromic-ca.bromicpimstg.sites.hosting.454.agency\/fr-ca\/produit\/affinity-smart-heat-expansion-board\/","name":"Affinity Smart Heat Expansion Board - Bromic Heating Canada","isPartOf":{"@id":"https:\/\/www-bromic-ca.bromicpimstg.sites.hosting.454.agency\/fr-ca\/#website"},"primaryImageOfPage":{"@id":"https:\/\/www-bromic-ca.bromicpimstg.sites.hosting.454.agency\/fr-ca\/produit\/affinity-smart-heat-expansion-board\/#primaryimage"},"image":{"@id":"https:\/\/www-bromic-ca.bromicpimstg.sites.hosting.454.agency\/fr-ca\/produit\/affinity-smart-heat-expansion-board\/#primaryimage"},"thumbnailUrl":"https:\/\/www-bromic-ca.bromicpimstg.sites.hosting.454.agency\/wp-content\/uploads\/sites\/3\/2025\/05\/Expansion-Board.png","datePublished":"2024-11-08T18:31:52+00:00","dateModified":"2025-11-13T00:09:31+00:00","description":"Enhance your outdoor comfort with Bromic's Expansion Board accessory. Achieve seamless ethernet integration and reliable connectivity with 0-10V support for Home or Business Automation. Compatible with On\/Off and Dimmer controls.Am\u00e9liorez votre confort ext\u00e9rieur avec l'accessoire de carte d'extension Bromic. Obtenez une int\u00e9gration Ethernet transparente et une connectivit\u00e9 fiable avec la prise en charge 0-10 V pour l'automatisation domestique ou professionnelle. Compatible avec les commandes On\/Off et Dimmer.","breadcrumb":{"@id":"https:\/\/www-bromic-ca.bromicpimstg.sites.hosting.454.agency\/fr-ca\/produit\/affinity-smart-heat-expansion-board\/#breadcrumb"},"inLanguage":"fr-CA","potentialAction":[{"@type":"ReadAction","target":["https:\/\/www-bromic-ca.bromicpimstg.sites.hosting.454.agency\/fr-ca\/produit\/affinity-smart-heat-expansion-board\/"]}]},{"@type":"ImageObject","inLanguage":"fr-CA","@id":"https:\/\/www-bromic-ca.bromicpimstg.sites.hosting.454.agency\/fr-ca\/produit\/affinity-smart-heat-expansion-board\/#primaryimage","url":"https:\/\/www-bromic-ca.bromicpimstg.sites.hosting.454.agency\/wp-content\/uploads\/sites\/3\/2025\/05\/Expansion-Board.png","contentUrl":"https:\/\/www-bromic-ca.bromicpimstg.sites.hosting.454.agency\/wp-content\/uploads\/sites\/3\/2025\/05\/Expansion-Board.png","width":3375,"height":3375},{"@type":"BreadcrumbList","@id":"https:\/\/www-bromic-ca.bromicpimstg.sites.hosting.454.agency\/fr-ca\/produit\/affinity-smart-heat-expansion-board\/#breadcrumb","itemListElement":[{"@type":"ListItem","position":1,"name":"Home","item":"https:\/\/www-bromic-ca.bromicpimstg.sites.hosting.454.agency\/fr-ca\/"},{"@type":"ListItem","position":2,"name":"Products","item":"https:\/\/www-bromic-ca.bromicpimstg.sites.hosting.454.agency\/products\/"},{"@type":"ListItem","position":3,"name":"Affinity Smart-Heat\u2122 Expansion Board"}]},{"@type":"WebSite","@id":"https:\/\/www-bromic-ca.bromicpimstg.sites.hosting.454.agency\/fr-ca\/#website","url":"https:\/\/www-bromic-ca.bromicpimstg.sites.hosting.454.agency\/fr-ca\/","name":"Bromic Heating Canada","description":"","publisher":{"@id":"https:\/\/www-bromic-ca.bromicpimstg.sites.hosting.454.agency\/fr-ca\/#organization"},"potentialAction":[{"@type":"SearchAction","target":{"@type":"EntryPoint","urlTemplate":"https:\/\/www-bromic-ca.bromicpimstg.sites.hosting.454.agency\/fr-ca\/?s={search_term_string}"},"query-input":{"@type":"PropertyValueSpecification","valueRequired":true,"valueName":"search_term_string"}}],"inLanguage":"fr-CA"},{"@type":"Organization","@id":"https:\/\/www-bromic-ca.bromicpimstg.sites.hosting.454.agency\/fr-ca\/#organization","name":"Bromic Heating Canada","url":"https:\/\/www-bromic-ca.bromicpimstg.sites.hosting.454.agency\/fr-ca\/","logo":{"@type":"ImageObject","inLanguage":"fr-CA","@id":"https:\/\/www-bromic-ca.bromicpimstg.sites.hosting.454.agency\/fr-ca\/#\/schema\/logo\/image\/","url":"https:\/\/www-bromic-ca.bromicpimstg.sites.hosting.454.agency\/wp-content\/uploads\/sites\/3\/2021\/09\/bromic-logo.png","contentUrl":"https:\/\/www-bromic-ca.bromicpimstg.sites.hosting.454.agency\/wp-content\/uploads\/sites\/3\/2021\/09\/bromic-logo.png","width":1000,"height":342,"caption":"Bromic Heating Canada"},"image":{"@id":"https:\/\/www-bromic-ca.bromicpimstg.sites.hosting.454.agency\/fr-ca\/#\/schema\/logo\/image\/"}}]}},"_links":{"self":[{"href":"https:\/\/www-bromic-ca.bromicpimstg.sites.hosting.454.agency\/fr-ca\/wp-json\/wp\/v2\/product\/78236","targetHints":{"allow":["GET"]}}],"collection":[{"href":"https:\/\/www-bromic-ca.bromicpimstg.sites.hosting.454.agency\/fr-ca\/wp-json\/wp\/v2\/product"}],"about":[{"href":"https:\/\/www-bromic-ca.bromicpimstg.sites.hosting.454.agency\/fr-ca\/wp-json\/wp\/v2\/types\/product"}],"replies":[{"embeddable":true,"href":"https:\/\/www-bromic-ca.bromicpimstg.sites.hosting.454.agency\/fr-ca\/wp-json\/wp\/v2\/comments?post=78236"}],"wp:featuredmedia":[{"embeddable":true,"href":"https:\/\/www-bromic-ca.bromicpimstg.sites.hosting.454.agency\/fr-ca\/wp-json\/wp\/v2\/media\/76982"}],"wp:attachment":[{"href":"https:\/\/www-bromic-ca.bromicpimstg.sites.hosting.454.agency\/fr-ca\/wp-json\/wp\/v2\/media?parent=78236"}],"wp:term":[{"taxonomy":"product_brand","embeddable":true,"href":"https:\/\/www-bromic-ca.bromicpimstg.sites.hosting.454.agency\/fr-ca\/wp-json\/wp\/v2\/product_brand?post=78236"},{"taxonomy":"product_cat","embeddable":true,"href":"https:\/\/www-bromic-ca.bromicpimstg.sites.hosting.454.agency\/fr-ca\/wp-json\/wp\/v2\/product_cat?post=78236"},{"taxonomy":"product_tag","embeddable":true,"href":"https:\/\/www-bromic-ca.bromicpimstg.sites.hosting.454.agency\/fr-ca\/wp-json\/wp\/v2\/product_tag?post=78236"}],"curies":[{"name":"wp","href":"https:\/\/api.w.org\/{rel}","templated":true}]}}