{"id":78247,"date":"2024-11-08T10:34:25","date_gmt":"2024-11-08T18:34:25","guid":{"rendered":"https:\/\/www-bromic-ca.bromicpimstg.sites.hosting.454.agency\/product\/affinity-smart-heat-dimmer-controllers\/"},"modified":"2025-11-12T16:08:37","modified_gmt":"2025-11-13T00:08:37","slug":"affinity-smart-heat-dimmer-controllers","status":"publish","type":"product","link":"https:\/\/www-bromic-ca.bromicpimstg.sites.hosting.454.agency\/fr-ca\/produit\/affinity-smart-heat-dimmer-controllers\/","title":{"rendered":"Affinity Smart-Heat\u2122 Dimmer Controllers"},"content":{"rendered":"<p>Profitez d&rsquo;un confort sur mesure avec la s\u00e9rie Affinity Dimmer. Adapt\u00e9e aux chauffages \u00e9lectriques Bromic Platinum et Tungsten Collection, la s\u00e9rie Affinity Dimmer est disponible en options de 1 ou 2 canaux \u2013 chaque canal pouvant contr\u00f4ler jusqu&rsquo;\u00e0 6000W de puissance. Avec l&rsquo;application Bromic Heating, ajustez instantan\u00e9ment et avec pr\u00e9cision la sortie de chaleur \u00e0 des incr\u00e9ments de 1%, ainsi que d&rsquo;autres sc\u00e8nes et r\u00e9glages uniques pour une exp\u00e9rience ext\u00e9rieure id\u00e9ale. Gr\u00e2ce \u00e0 la connectivit\u00e9 Wi-Fi activ\u00e9e (compatible 2,4 GHz) ou Bluetooth, contr\u00f4lez et personnalisez votre confort via l&rsquo;application Bromic Heating.<\/p>\n<p>Un mod\u00e8le suppl\u00e9mentaire triphas\u00e9 5 canaux, disponible bient\u00f4t, est \u00e9quip\u00e9 d&rsquo;une carte d&rsquo;extension incluse permettant une int\u00e9gration Ethernet fluide pour une connexion fiable \u00e0 vos chauffages ext\u00e9rieurs ou un contr\u00f4le 0-10V pour une int\u00e9gration avec un syst\u00e8me d&rsquo;automatisation domestique ou professionnel.<\/p>\n","protected":false},"excerpt":{"rendered":"<p>Les meilleurs syst\u00e8mes de chauffage de Bromic sont arriv\u00e9s avec notre collection Affinity Smart-Heat\u2122. La nouvelle s\u00e9rie Dimmer simplifie l&rsquo;installation et am\u00e9liore le confort personnalis\u00e9 gr\u00e2ce \u00e0 une gestion progressive de la puissance et \u00e0 des r\u00e9glages r\u00e9volutionnaires via notre application Bromic Heating.<\/p>\n","protected":false},"featured_media":76990,"comment_status":"closed","ping_status":"closed","template":"","meta":{"_acf_changed":false},"product_brand":[],"product_cat":[5377,5379],"product_tag":[],"class_list":{"0":"post-78247","1":"product","2":"type-product","3":"status-publish","4":"has-post-thumbnail","6":"product_cat-chauffe-terrasse-fr-ca","7":"product_cat-accessoires-fr-ca","9":"first","10":"instock","11":"shipping-taxable","12":"product-type-variable"},"acf":[],"yoast_head":"<!-- This site is optimized with the Yoast SEO plugin v26.1.1 - https:\/\/yoast.com\/wordpress\/plugins\/seo\/ -->\n<title>Affinity Smart-Heat Dimmer Controllers- Bromic Heating Canada<\/title>\n<meta name=\"description\" content=\"Pr\u00e9sentation des contr\u00f4leurs de gradation Affinity Smart-Heat\u2122 de Bromic offrant un contr\u00f4le et un confort avanc\u00e9s. Con\u00e7us pour les radiateurs \u00e9lectriques Bromic, les contr\u00f4leurs de gradateur sont disponibles avec des options d&#039;entr\u00e9e \u00e0 1, 2 ou 5 canaux.\" \/>\n<meta name=\"robots\" content=\"index, follow, max-snippet:-1, max-image-preview:large, max-video-preview:-1\" \/>\n<link rel=\"canonical\" href=\"https:\/\/www-bromic-ca.bromicpimstg.sites.hosting.454.agency\/fr-ca\/produit\/affinity-smart-heat-dimmer-controllers\/\" \/>\n<meta property=\"og:locale\" content=\"fr_CA\" \/>\n<meta property=\"og:type\" content=\"article\" \/>\n<meta property=\"og:title\" content=\"Affinity Smart-Heat Dimmer Controllers- Bromic Heating Canada\" \/>\n<meta property=\"og:description\" content=\"Pr\u00e9sentation des contr\u00f4leurs de gradation Affinity Smart-Heat\u2122 de Bromic offrant un contr\u00f4le et un confort avanc\u00e9s. Con\u00e7us pour les radiateurs \u00e9lectriques Bromic, les contr\u00f4leurs de gradateur sont disponibles avec des options d&#039;entr\u00e9e \u00e0 1, 2 ou 5 canaux.\" \/>\n<meta property=\"og:url\" content=\"https:\/\/www-bromic-ca.bromicpimstg.sites.hosting.454.agency\/fr-ca\/produit\/affinity-smart-heat-dimmer-controllers\/\" \/>\n<meta property=\"og:site_name\" content=\"Bromic Heating Canada\" \/>\n<meta property=\"article:modified_time\" content=\"2025-11-13T00:08:37+00:00\" \/>\n<meta property=\"og:image\" content=\"https:\/\/www-bromic-ca.bromicpimstg.sites.hosting.454.agency\/wp-content\/uploads\/sites\/3\/2025\/05\/Affinity-Dimmer-1CH-2-1600x1600.png\" \/>\n\t<meta property=\"og:image:width\" content=\"1600\" \/>\n\t<meta property=\"og:image:height\" content=\"1600\" \/>\n\t<meta property=\"og:image:type\" content=\"image\/png\" \/>\n<meta name=\"twitter:card\" content=\"summary_large_image\" \/>\n<meta name=\"twitter:label1\" content=\"Estimation du temps de lecture\" \/>\n\t<meta name=\"twitter:data1\" content=\"1 minute\" \/>\n<script type=\"application\/ld+json\" class=\"yoast-schema-graph\">{\"@context\":\"https:\/\/schema.org\",\"@graph\":[{\"@type\":\"WebPage\",\"@id\":\"https:\/\/www-bromic-ca.bromicpimstg.sites.hosting.454.agency\/fr-ca\/produit\/affinity-smart-heat-dimmer-controllers\/\",\"url\":\"https:\/\/www-bromic-ca.bromicpimstg.sites.hosting.454.agency\/fr-ca\/produit\/affinity-smart-heat-dimmer-controllers\/\",\"name\":\"Affinity Smart-Heat Dimmer Controllers- Bromic Heating Canada\",\"isPartOf\":{\"@id\":\"https:\/\/www-bromic-ca.bromicpimstg.sites.hosting.454.agency\/fr-ca\/#website\"},\"primaryImageOfPage\":{\"@id\":\"https:\/\/www-bromic-ca.bromicpimstg.sites.hosting.454.agency\/fr-ca\/produit\/affinity-smart-heat-dimmer-controllers\/#primaryimage\"},\"image\":{\"@id\":\"https:\/\/www-bromic-ca.bromicpimstg.sites.hosting.454.agency\/fr-ca\/produit\/affinity-smart-heat-dimmer-controllers\/#primaryimage\"},\"thumbnailUrl\":\"https:\/\/www-bromic-ca.bromicpimstg.sites.hosting.454.agency\/wp-content\/uploads\/sites\/3\/2025\/05\/Affinity-Dimmer-1CH-2.png\",\"datePublished\":\"2024-11-08T18:34:25+00:00\",\"dateModified\":\"2025-11-13T00:08:37+00:00\",\"description\":\"Pr\u00e9sentation des contr\u00f4leurs de gradation Affinity Smart-Heat\u2122 de Bromic offrant un contr\u00f4le et un confort avanc\u00e9s. Con\u00e7us pour les radiateurs \u00e9lectriques Bromic, les contr\u00f4leurs de gradateur sont disponibles avec des options d'entr\u00e9e \u00e0 1, 2 ou 5 canaux.\",\"breadcrumb\":{\"@id\":\"https:\/\/www-bromic-ca.bromicpimstg.sites.hosting.454.agency\/fr-ca\/produit\/affinity-smart-heat-dimmer-controllers\/#breadcrumb\"},\"inLanguage\":\"fr-CA\",\"potentialAction\":[{\"@type\":\"ReadAction\",\"target\":[\"https:\/\/www-bromic-ca.bromicpimstg.sites.hosting.454.agency\/fr-ca\/produit\/affinity-smart-heat-dimmer-controllers\/\"]}]},{\"@type\":\"ImageObject\",\"inLanguage\":\"fr-CA\",\"@id\":\"https:\/\/www-bromic-ca.bromicpimstg.sites.hosting.454.agency\/fr-ca\/produit\/affinity-smart-heat-dimmer-controllers\/#primaryimage\",\"url\":\"https:\/\/www-bromic-ca.bromicpimstg.sites.hosting.454.agency\/wp-content\/uploads\/sites\/3\/2025\/05\/Affinity-Dimmer-1CH-2.png\",\"contentUrl\":\"https:\/\/www-bromic-ca.bromicpimstg.sites.hosting.454.agency\/wp-content\/uploads\/sites\/3\/2025\/05\/Affinity-Dimmer-1CH-2.png\",\"width\":3375,\"height\":3375},{\"@type\":\"BreadcrumbList\",\"@id\":\"https:\/\/www-bromic-ca.bromicpimstg.sites.hosting.454.agency\/fr-ca\/produit\/affinity-smart-heat-dimmer-controllers\/#breadcrumb\",\"itemListElement\":[{\"@type\":\"ListItem\",\"position\":1,\"name\":\"Home\",\"item\":\"https:\/\/www-bromic-ca.bromicpimstg.sites.hosting.454.agency\/fr-ca\/\"},{\"@type\":\"ListItem\",\"position\":2,\"name\":\"Products\",\"item\":\"https:\/\/www-bromic-ca.bromicpimstg.sites.hosting.454.agency\/products\/\"},{\"@type\":\"ListItem\",\"position\":3,\"name\":\"Affinity Smart-Heat\u2122 Dimmer Controllers\"}]},{\"@type\":\"WebSite\",\"@id\":\"https:\/\/www-bromic-ca.bromicpimstg.sites.hosting.454.agency\/fr-ca\/#website\",\"url\":\"https:\/\/www-bromic-ca.bromicpimstg.sites.hosting.454.agency\/fr-ca\/\",\"name\":\"Bromic Heating Canada\",\"description\":\"\",\"publisher\":{\"@id\":\"https:\/\/www-bromic-ca.bromicpimstg.sites.hosting.454.agency\/fr-ca\/#organization\"},\"potentialAction\":[{\"@type\":\"SearchAction\",\"target\":{\"@type\":\"EntryPoint\",\"urlTemplate\":\"https:\/\/www-bromic-ca.bromicpimstg.sites.hosting.454.agency\/fr-ca\/?s={search_term_string}\"},\"query-input\":{\"@type\":\"PropertyValueSpecification\",\"valueRequired\":true,\"valueName\":\"search_term_string\"}}],\"inLanguage\":\"fr-CA\"},{\"@type\":\"Organization\",\"@id\":\"https:\/\/www-bromic-ca.bromicpimstg.sites.hosting.454.agency\/fr-ca\/#organization\",\"name\":\"Bromic Heating Canada\",\"url\":\"https:\/\/www-bromic-ca.bromicpimstg.sites.hosting.454.agency\/fr-ca\/\",\"logo\":{\"@type\":\"ImageObject\",\"inLanguage\":\"fr-CA\",\"@id\":\"https:\/\/www-bromic-ca.bromicpimstg.sites.hosting.454.agency\/fr-ca\/#\/schema\/logo\/image\/\",\"url\":\"https:\/\/www-bromic-ca.bromicpimstg.sites.hosting.454.agency\/wp-content\/uploads\/sites\/3\/2021\/09\/bromic-logo.png\",\"contentUrl\":\"https:\/\/www-bromic-ca.bromicpimstg.sites.hosting.454.agency\/wp-content\/uploads\/sites\/3\/2021\/09\/bromic-logo.png\",\"width\":1000,\"height\":342,\"caption\":\"Bromic Heating Canada\"},\"image\":{\"@id\":\"https:\/\/www-bromic-ca.bromicpimstg.sites.hosting.454.agency\/fr-ca\/#\/schema\/logo\/image\/\"}}]}<\/script>\n<!-- \/ Yoast SEO plugin. -->","yoast_head_json":{"title":"Affinity Smart-Heat Dimmer Controllers- Bromic Heating Canada","description":"Pr\u00e9sentation des contr\u00f4leurs de gradation Affinity Smart-Heat\u2122 de Bromic offrant un contr\u00f4le et un confort avanc\u00e9s. Con\u00e7us pour les radiateurs \u00e9lectriques Bromic, les contr\u00f4leurs de gradateur sont disponibles avec des options d'entr\u00e9e \u00e0 1, 2 ou 5 canaux.","robots":{"index":"index","follow":"follow","max-snippet":"max-snippet:-1","max-image-preview":"max-image-preview:large","max-video-preview":"max-video-preview:-1"},"canonical":"https:\/\/www-bromic-ca.bromicpimstg.sites.hosting.454.agency\/fr-ca\/produit\/affinity-smart-heat-dimmer-controllers\/","og_locale":"fr_CA","og_type":"article","og_title":"Affinity Smart-Heat Dimmer Controllers- Bromic Heating Canada","og_description":"Pr\u00e9sentation des contr\u00f4leurs de gradation Affinity Smart-Heat\u2122 de Bromic offrant un contr\u00f4le et un confort avanc\u00e9s. Con\u00e7us pour les radiateurs \u00e9lectriques Bromic, les contr\u00f4leurs de gradateur sont disponibles avec des options d'entr\u00e9e \u00e0 1, 2 ou 5 canaux.","og_url":"https:\/\/www-bromic-ca.bromicpimstg.sites.hosting.454.agency\/fr-ca\/produit\/affinity-smart-heat-dimmer-controllers\/","og_site_name":"Bromic Heating Canada","article_modified_time":"2025-11-13T00:08:37+00:00","og_image":[{"width":1600,"height":1600,"url":"https:\/\/www-bromic-ca.bromicpimstg.sites.hosting.454.agency\/wp-content\/uploads\/sites\/3\/2025\/05\/Affinity-Dimmer-1CH-2-1600x1600.png","type":"image\/png"}],"twitter_card":"summary_large_image","twitter_misc":{"Estimation du temps de lecture":"1 minute"},"schema":{"@context":"https:\/\/schema.org","@graph":[{"@type":"WebPage","@id":"https:\/\/www-bromic-ca.bromicpimstg.sites.hosting.454.agency\/fr-ca\/produit\/affinity-smart-heat-dimmer-controllers\/","url":"https:\/\/www-bromic-ca.bromicpimstg.sites.hosting.454.agency\/fr-ca\/produit\/affinity-smart-heat-dimmer-controllers\/","name":"Affinity Smart-Heat Dimmer Controllers- Bromic Heating Canada","isPartOf":{"@id":"https:\/\/www-bromic-ca.bromicpimstg.sites.hosting.454.agency\/fr-ca\/#website"},"primaryImageOfPage":{"@id":"https:\/\/www-bromic-ca.bromicpimstg.sites.hosting.454.agency\/fr-ca\/produit\/affinity-smart-heat-dimmer-controllers\/#primaryimage"},"image":{"@id":"https:\/\/www-bromic-ca.bromicpimstg.sites.hosting.454.agency\/fr-ca\/produit\/affinity-smart-heat-dimmer-controllers\/#primaryimage"},"thumbnailUrl":"https:\/\/www-bromic-ca.bromicpimstg.sites.hosting.454.agency\/wp-content\/uploads\/sites\/3\/2025\/05\/Affinity-Dimmer-1CH-2.png","datePublished":"2024-11-08T18:34:25+00:00","dateModified":"2025-11-13T00:08:37+00:00","description":"Pr\u00e9sentation des contr\u00f4leurs de gradation Affinity Smart-Heat\u2122 de Bromic offrant un contr\u00f4le et un confort avanc\u00e9s. Con\u00e7us pour les radiateurs \u00e9lectriques Bromic, les contr\u00f4leurs de gradateur sont disponibles avec des options d'entr\u00e9e \u00e0 1, 2 ou 5 canaux.","breadcrumb":{"@id":"https:\/\/www-bromic-ca.bromicpimstg.sites.hosting.454.agency\/fr-ca\/produit\/affinity-smart-heat-dimmer-controllers\/#breadcrumb"},"inLanguage":"fr-CA","potentialAction":[{"@type":"ReadAction","target":["https:\/\/www-bromic-ca.bromicpimstg.sites.hosting.454.agency\/fr-ca\/produit\/affinity-smart-heat-dimmer-controllers\/"]}]},{"@type":"ImageObject","inLanguage":"fr-CA","@id":"https:\/\/www-bromic-ca.bromicpimstg.sites.hosting.454.agency\/fr-ca\/produit\/affinity-smart-heat-dimmer-controllers\/#primaryimage","url":"https:\/\/www-bromic-ca.bromicpimstg.sites.hosting.454.agency\/wp-content\/uploads\/sites\/3\/2025\/05\/Affinity-Dimmer-1CH-2.png","contentUrl":"https:\/\/www-bromic-ca.bromicpimstg.sites.hosting.454.agency\/wp-content\/uploads\/sites\/3\/2025\/05\/Affinity-Dimmer-1CH-2.png","width":3375,"height":3375},{"@type":"BreadcrumbList","@id":"https:\/\/www-bromic-ca.bromicpimstg.sites.hosting.454.agency\/fr-ca\/produit\/affinity-smart-heat-dimmer-controllers\/#breadcrumb","itemListElement":[{"@type":"ListItem","position":1,"name":"Home","item":"https:\/\/www-bromic-ca.bromicpimstg.sites.hosting.454.agency\/fr-ca\/"},{"@type":"ListItem","position":2,"name":"Products","item":"https:\/\/www-bromic-ca.bromicpimstg.sites.hosting.454.agency\/products\/"},{"@type":"ListItem","position":3,"name":"Affinity Smart-Heat\u2122 Dimmer Controllers"}]},{"@type":"WebSite","@id":"https:\/\/www-bromic-ca.bromicpimstg.sites.hosting.454.agency\/fr-ca\/#website","url":"https:\/\/www-bromic-ca.bromicpimstg.sites.hosting.454.agency\/fr-ca\/","name":"Bromic Heating Canada","description":"","publisher":{"@id":"https:\/\/www-bromic-ca.bromicpimstg.sites.hosting.454.agency\/fr-ca\/#organization"},"potentialAction":[{"@type":"SearchAction","target":{"@type":"EntryPoint","urlTemplate":"https:\/\/www-bromic-ca.bromicpimstg.sites.hosting.454.agency\/fr-ca\/?s={search_term_string}"},"query-input":{"@type":"PropertyValueSpecification","valueRequired":true,"valueName":"search_term_string"}}],"inLanguage":"fr-CA"},{"@type":"Organization","@id":"https:\/\/www-bromic-ca.bromicpimstg.sites.hosting.454.agency\/fr-ca\/#organization","name":"Bromic Heating Canada","url":"https:\/\/www-bromic-ca.bromicpimstg.sites.hosting.454.agency\/fr-ca\/","logo":{"@type":"ImageObject","inLanguage":"fr-CA","@id":"https:\/\/www-bromic-ca.bromicpimstg.sites.hosting.454.agency\/fr-ca\/#\/schema\/logo\/image\/","url":"https:\/\/www-bromic-ca.bromicpimstg.sites.hosting.454.agency\/wp-content\/uploads\/sites\/3\/2021\/09\/bromic-logo.png","contentUrl":"https:\/\/www-bromic-ca.bromicpimstg.sites.hosting.454.agency\/wp-content\/uploads\/sites\/3\/2021\/09\/bromic-logo.png","width":1000,"height":342,"caption":"Bromic Heating Canada"},"image":{"@id":"https:\/\/www-bromic-ca.bromicpimstg.sites.hosting.454.agency\/fr-ca\/#\/schema\/logo\/image\/"}}]}},"_links":{"self":[{"href":"https:\/\/www-bromic-ca.bromicpimstg.sites.hosting.454.agency\/fr-ca\/wp-json\/wp\/v2\/product\/78247","targetHints":{"allow":["GET"]}}],"collection":[{"href":"https:\/\/www-bromic-ca.bromicpimstg.sites.hosting.454.agency\/fr-ca\/wp-json\/wp\/v2\/product"}],"about":[{"href":"https:\/\/www-bromic-ca.bromicpimstg.sites.hosting.454.agency\/fr-ca\/wp-json\/wp\/v2\/types\/product"}],"replies":[{"embeddable":true,"href":"https:\/\/www-bromic-ca.bromicpimstg.sites.hosting.454.agency\/fr-ca\/wp-json\/wp\/v2\/comments?post=78247"}],"wp:featuredmedia":[{"embeddable":true,"href":"https:\/\/www-bromic-ca.bromicpimstg.sites.hosting.454.agency\/fr-ca\/wp-json\/wp\/v2\/media\/76990"}],"wp:attachment":[{"href":"https:\/\/www-bromic-ca.bromicpimstg.sites.hosting.454.agency\/fr-ca\/wp-json\/wp\/v2\/media?parent=78247"}],"wp:term":[{"taxonomy":"product_brand","embeddable":true,"href":"https:\/\/www-bromic-ca.bromicpimstg.sites.hosting.454.agency\/fr-ca\/wp-json\/wp\/v2\/product_brand?post=78247"},{"taxonomy":"product_cat","embeddable":true,"href":"https:\/\/www-bromic-ca.bromicpimstg.sites.hosting.454.agency\/fr-ca\/wp-json\/wp\/v2\/product_cat?post=78247"},{"taxonomy":"product_tag","embeddable":true,"href":"https:\/\/www-bromic-ca.bromicpimstg.sites.hosting.454.agency\/fr-ca\/wp-json\/wp\/v2\/product_tag?post=78247"}],"curies":[{"name":"wp","href":"https:\/\/api.w.org\/{rel}","templated":true}]}}