{"id":78248,"date":"2024-11-08T11:32:47","date_gmt":"2024-11-08T18:32:47","guid":{"rendered":"https:\/\/www-bromic-ca.bromicpimstg.sites.hosting.454.agency\/product\/affinity-smart-heat-eclipse-controllers\/"},"modified":"2025-10-20T10:22:28","modified_gmt":"2025-10-20T17:22:28","slug":"affinity-smart-heat-eclipse-controllers","status":"publish","type":"product","link":"https:\/\/www-bromic-ca.bromicpimstg.sites.hosting.454.agency\/fr-ca\/produit\/affinity-smart-heat-eclipse-controllers\/","title":{"rendered":"Affinity Smart-Heat\u2122 Eclipse Controllers"},"content":{"rendered":"<p>Con\u00e7ue pour notre collection Eclipse, la s\u00e9rie Affinity Eclipse offre des options d\u2019entr\u00e9e \u00e0 1 et 5 canaux pour notre Eclipse Pendant fixe. Gr\u00e2ce \u00e0 l&rsquo;application Bromic Heating, vous disposez d&rsquo;un contr\u00f4le progressif complet, non seulement sur la chaleur, mais aussi sur l&rsquo;intensit\u00e9 lumineuse des LED, cr\u00e9ant ainsi l&rsquo;ambiance parfaite &#8211; \u00e0 tout moment. Gr\u00e2ce \u00e0 la connectivit\u00e9 Wi-Fi activ\u00e9e (compatible 2,4 GHz) ou Bluetooth, contr\u00f4lez et personnalisez votre confort via l&rsquo;application Bromic Heating.<\/p>\n","protected":false},"excerpt":{"rendered":"<p>Les meilleurs r\u00e9gulateurs de chauffage de Bromic sont arriv\u00e9s avec notre collection Affinity Smart-Heat\u2122. Con\u00e7ue sp\u00e9cifiquement pour g\u00e9rer notre combinaison r\u00e9volutionnaire de chauffage radiant et d&rsquo;\u00e9clairage LED, la s\u00e9rie Affinity Eclipse est l\u00e0 pour offrir un confort sur mesure.<\/p>\n","protected":false},"featured_media":76986,"comment_status":"closed","ping_status":"closed","template":"","meta":{"_acf_changed":false},"product_brand":[],"product_cat":[5377,5379],"product_tag":[],"class_list":{"0":"post-78248","1":"product","2":"type-product","3":"status-publish","4":"has-post-thumbnail","6":"product_cat-chauffe-terrasse-fr-ca","7":"product_cat-accessoires-fr-ca","9":"first","10":"instock","11":"shipping-taxable","12":"product-type-variable"},"acf":[],"yoast_head":"<!-- This site is optimized with the Yoast SEO plugin v26.1.1 - https:\/\/yoast.com\/wordpress\/plugins\/seo\/ -->\n<title>Affinity Smart-Heat Eclipse Controllers - Bromic Heating Canada<\/title>\n<meta name=\"description\" content=\"D\u00e9couvrez comment l&#039;application Bromic Heating peut g\u00e9rer avec pr\u00e9cision \u00e0 la fois la chaleur rayonnante et l&#039;\u00e9clairage LED pour cr\u00e9er l&#039;ambiance parfaite \u00e0 chaque fois avec nos contr\u00f4leurs Affinity Smart-Heat Eclipse.\" \/>\n<meta name=\"robots\" content=\"index, follow, max-snippet:-1, max-image-preview:large, max-video-preview:-1\" \/>\n<link rel=\"canonical\" href=\"https:\/\/www-bromic-ca.bromicpimstg.sites.hosting.454.agency\/fr-ca\/produit\/affinity-smart-heat-eclipse-controllers\/\" \/>\n<meta property=\"og:locale\" content=\"fr_CA\" \/>\n<meta property=\"og:type\" content=\"article\" \/>\n<meta property=\"og:title\" content=\"Affinity Smart-Heat Eclipse Controllers - Bromic Heating Canada\" \/>\n<meta property=\"og:description\" content=\"D\u00e9couvrez comment l&#039;application Bromic Heating peut g\u00e9rer avec pr\u00e9cision \u00e0 la fois la chaleur rayonnante et l&#039;\u00e9clairage LED pour cr\u00e9er l&#039;ambiance parfaite \u00e0 chaque fois avec nos contr\u00f4leurs Affinity Smart-Heat Eclipse.\" \/>\n<meta property=\"og:url\" content=\"https:\/\/www-bromic-ca.bromicpimstg.sites.hosting.454.agency\/fr-ca\/produit\/affinity-smart-heat-eclipse-controllers\/\" \/>\n<meta property=\"og:site_name\" content=\"Bromic Heating Canada\" \/>\n<meta property=\"article:modified_time\" content=\"2025-10-20T17:22:28+00:00\" \/>\n<meta property=\"og:image\" content=\"https:\/\/www-bromic-ca.bromicpimstg.sites.hosting.454.agency\/wp-content\/uploads\/sites\/3\/2025\/05\/Affinity-Eclipse-1600x1600.png\" \/>\n\t<meta property=\"og:image:width\" content=\"1600\" \/>\n\t<meta property=\"og:image:height\" content=\"1600\" \/>\n\t<meta property=\"og:image:type\" content=\"image\/png\" \/>\n<meta name=\"twitter:card\" content=\"summary_large_image\" \/>\n<meta name=\"twitter:label1\" content=\"Estimation du temps de lecture\" \/>\n\t<meta name=\"twitter:data1\" content=\"1 minute\" \/>\n<script type=\"application\/ld+json\" class=\"yoast-schema-graph\">{\"@context\":\"https:\/\/schema.org\",\"@graph\":[{\"@type\":\"WebPage\",\"@id\":\"https:\/\/www-bromic-ca.bromicpimstg.sites.hosting.454.agency\/fr-ca\/produit\/affinity-smart-heat-eclipse-controllers\/\",\"url\":\"https:\/\/www-bromic-ca.bromicpimstg.sites.hosting.454.agency\/fr-ca\/produit\/affinity-smart-heat-eclipse-controllers\/\",\"name\":\"Affinity Smart-Heat Eclipse Controllers - Bromic Heating Canada\",\"isPartOf\":{\"@id\":\"https:\/\/www-bromic-ca.bromicpimstg.sites.hosting.454.agency\/fr-ca\/#website\"},\"primaryImageOfPage\":{\"@id\":\"https:\/\/www-bromic-ca.bromicpimstg.sites.hosting.454.agency\/fr-ca\/produit\/affinity-smart-heat-eclipse-controllers\/#primaryimage\"},\"image\":{\"@id\":\"https:\/\/www-bromic-ca.bromicpimstg.sites.hosting.454.agency\/fr-ca\/produit\/affinity-smart-heat-eclipse-controllers\/#primaryimage\"},\"thumbnailUrl\":\"https:\/\/www-bromic-ca.bromicpimstg.sites.hosting.454.agency\/wp-content\/uploads\/sites\/3\/2025\/05\/Affinity-Eclipse.png\",\"datePublished\":\"2024-11-08T18:32:47+00:00\",\"dateModified\":\"2025-10-20T17:22:28+00:00\",\"description\":\"D\u00e9couvrez comment l'application Bromic Heating peut g\u00e9rer avec pr\u00e9cision \u00e0 la fois la chaleur rayonnante et l'\u00e9clairage LED pour cr\u00e9er l'ambiance parfaite \u00e0 chaque fois avec nos contr\u00f4leurs Affinity Smart-Heat Eclipse.\",\"breadcrumb\":{\"@id\":\"https:\/\/www-bromic-ca.bromicpimstg.sites.hosting.454.agency\/fr-ca\/produit\/affinity-smart-heat-eclipse-controllers\/#breadcrumb\"},\"inLanguage\":\"fr-CA\",\"potentialAction\":[{\"@type\":\"ReadAction\",\"target\":[\"https:\/\/www-bromic-ca.bromicpimstg.sites.hosting.454.agency\/fr-ca\/produit\/affinity-smart-heat-eclipse-controllers\/\"]}]},{\"@type\":\"ImageObject\",\"inLanguage\":\"fr-CA\",\"@id\":\"https:\/\/www-bromic-ca.bromicpimstg.sites.hosting.454.agency\/fr-ca\/produit\/affinity-smart-heat-eclipse-controllers\/#primaryimage\",\"url\":\"https:\/\/www-bromic-ca.bromicpimstg.sites.hosting.454.agency\/wp-content\/uploads\/sites\/3\/2025\/05\/Affinity-Eclipse.png\",\"contentUrl\":\"https:\/\/www-bromic-ca.bromicpimstg.sites.hosting.454.agency\/wp-content\/uploads\/sites\/3\/2025\/05\/Affinity-Eclipse.png\",\"width\":3375,\"height\":3375},{\"@type\":\"BreadcrumbList\",\"@id\":\"https:\/\/www-bromic-ca.bromicpimstg.sites.hosting.454.agency\/fr-ca\/produit\/affinity-smart-heat-eclipse-controllers\/#breadcrumb\",\"itemListElement\":[{\"@type\":\"ListItem\",\"position\":1,\"name\":\"Home\",\"item\":\"https:\/\/www-bromic-ca.bromicpimstg.sites.hosting.454.agency\/fr-ca\/\"},{\"@type\":\"ListItem\",\"position\":2,\"name\":\"Products\",\"item\":\"https:\/\/www-bromic-ca.bromicpimstg.sites.hosting.454.agency\/products\/\"},{\"@type\":\"ListItem\",\"position\":3,\"name\":\"Affinity Smart-Heat\u2122 Eclipse Controllers\"}]},{\"@type\":\"WebSite\",\"@id\":\"https:\/\/www-bromic-ca.bromicpimstg.sites.hosting.454.agency\/fr-ca\/#website\",\"url\":\"https:\/\/www-bromic-ca.bromicpimstg.sites.hosting.454.agency\/fr-ca\/\",\"name\":\"Bromic Heating Canada\",\"description\":\"\",\"publisher\":{\"@id\":\"https:\/\/www-bromic-ca.bromicpimstg.sites.hosting.454.agency\/fr-ca\/#organization\"},\"potentialAction\":[{\"@type\":\"SearchAction\",\"target\":{\"@type\":\"EntryPoint\",\"urlTemplate\":\"https:\/\/www-bromic-ca.bromicpimstg.sites.hosting.454.agency\/fr-ca\/?s={search_term_string}\"},\"query-input\":{\"@type\":\"PropertyValueSpecification\",\"valueRequired\":true,\"valueName\":\"search_term_string\"}}],\"inLanguage\":\"fr-CA\"},{\"@type\":\"Organization\",\"@id\":\"https:\/\/www-bromic-ca.bromicpimstg.sites.hosting.454.agency\/fr-ca\/#organization\",\"name\":\"Bromic Heating Canada\",\"url\":\"https:\/\/www-bromic-ca.bromicpimstg.sites.hosting.454.agency\/fr-ca\/\",\"logo\":{\"@type\":\"ImageObject\",\"inLanguage\":\"fr-CA\",\"@id\":\"https:\/\/www-bromic-ca.bromicpimstg.sites.hosting.454.agency\/fr-ca\/#\/schema\/logo\/image\/\",\"url\":\"https:\/\/www-bromic-ca.bromicpimstg.sites.hosting.454.agency\/wp-content\/uploads\/sites\/3\/2021\/09\/bromic-logo.png\",\"contentUrl\":\"https:\/\/www-bromic-ca.bromicpimstg.sites.hosting.454.agency\/wp-content\/uploads\/sites\/3\/2021\/09\/bromic-logo.png\",\"width\":1000,\"height\":342,\"caption\":\"Bromic Heating Canada\"},\"image\":{\"@id\":\"https:\/\/www-bromic-ca.bromicpimstg.sites.hosting.454.agency\/fr-ca\/#\/schema\/logo\/image\/\"}}]}<\/script>\n<!-- \/ Yoast SEO plugin. -->","yoast_head_json":{"title":"Affinity Smart-Heat Eclipse Controllers - Bromic Heating Canada","description":"D\u00e9couvrez comment l'application Bromic Heating peut g\u00e9rer avec pr\u00e9cision \u00e0 la fois la chaleur rayonnante et l'\u00e9clairage LED pour cr\u00e9er l'ambiance parfaite \u00e0 chaque fois avec nos contr\u00f4leurs Affinity Smart-Heat Eclipse.","robots":{"index":"index","follow":"follow","max-snippet":"max-snippet:-1","max-image-preview":"max-image-preview:large","max-video-preview":"max-video-preview:-1"},"canonical":"https:\/\/www-bromic-ca.bromicpimstg.sites.hosting.454.agency\/fr-ca\/produit\/affinity-smart-heat-eclipse-controllers\/","og_locale":"fr_CA","og_type":"article","og_title":"Affinity Smart-Heat Eclipse Controllers - Bromic Heating Canada","og_description":"D\u00e9couvrez comment l'application Bromic Heating peut g\u00e9rer avec pr\u00e9cision \u00e0 la fois la chaleur rayonnante et l'\u00e9clairage LED pour cr\u00e9er l'ambiance parfaite \u00e0 chaque fois avec nos contr\u00f4leurs Affinity Smart-Heat Eclipse.","og_url":"https:\/\/www-bromic-ca.bromicpimstg.sites.hosting.454.agency\/fr-ca\/produit\/affinity-smart-heat-eclipse-controllers\/","og_site_name":"Bromic Heating Canada","article_modified_time":"2025-10-20T17:22:28+00:00","og_image":[{"width":1600,"height":1600,"url":"https:\/\/www-bromic-ca.bromicpimstg.sites.hosting.454.agency\/wp-content\/uploads\/sites\/3\/2025\/05\/Affinity-Eclipse-1600x1600.png","type":"image\/png"}],"twitter_card":"summary_large_image","twitter_misc":{"Estimation du temps de lecture":"1 minute"},"schema":{"@context":"https:\/\/schema.org","@graph":[{"@type":"WebPage","@id":"https:\/\/www-bromic-ca.bromicpimstg.sites.hosting.454.agency\/fr-ca\/produit\/affinity-smart-heat-eclipse-controllers\/","url":"https:\/\/www-bromic-ca.bromicpimstg.sites.hosting.454.agency\/fr-ca\/produit\/affinity-smart-heat-eclipse-controllers\/","name":"Affinity Smart-Heat Eclipse Controllers - Bromic Heating Canada","isPartOf":{"@id":"https:\/\/www-bromic-ca.bromicpimstg.sites.hosting.454.agency\/fr-ca\/#website"},"primaryImageOfPage":{"@id":"https:\/\/www-bromic-ca.bromicpimstg.sites.hosting.454.agency\/fr-ca\/produit\/affinity-smart-heat-eclipse-controllers\/#primaryimage"},"image":{"@id":"https:\/\/www-bromic-ca.bromicpimstg.sites.hosting.454.agency\/fr-ca\/produit\/affinity-smart-heat-eclipse-controllers\/#primaryimage"},"thumbnailUrl":"https:\/\/www-bromic-ca.bromicpimstg.sites.hosting.454.agency\/wp-content\/uploads\/sites\/3\/2025\/05\/Affinity-Eclipse.png","datePublished":"2024-11-08T18:32:47+00:00","dateModified":"2025-10-20T17:22:28+00:00","description":"D\u00e9couvrez comment l'application Bromic Heating peut g\u00e9rer avec pr\u00e9cision \u00e0 la fois la chaleur rayonnante et l'\u00e9clairage LED pour cr\u00e9er l'ambiance parfaite \u00e0 chaque fois avec nos contr\u00f4leurs Affinity Smart-Heat Eclipse.","breadcrumb":{"@id":"https:\/\/www-bromic-ca.bromicpimstg.sites.hosting.454.agency\/fr-ca\/produit\/affinity-smart-heat-eclipse-controllers\/#breadcrumb"},"inLanguage":"fr-CA","potentialAction":[{"@type":"ReadAction","target":["https:\/\/www-bromic-ca.bromicpimstg.sites.hosting.454.agency\/fr-ca\/produit\/affinity-smart-heat-eclipse-controllers\/"]}]},{"@type":"ImageObject","inLanguage":"fr-CA","@id":"https:\/\/www-bromic-ca.bromicpimstg.sites.hosting.454.agency\/fr-ca\/produit\/affinity-smart-heat-eclipse-controllers\/#primaryimage","url":"https:\/\/www-bromic-ca.bromicpimstg.sites.hosting.454.agency\/wp-content\/uploads\/sites\/3\/2025\/05\/Affinity-Eclipse.png","contentUrl":"https:\/\/www-bromic-ca.bromicpimstg.sites.hosting.454.agency\/wp-content\/uploads\/sites\/3\/2025\/05\/Affinity-Eclipse.png","width":3375,"height":3375},{"@type":"BreadcrumbList","@id":"https:\/\/www-bromic-ca.bromicpimstg.sites.hosting.454.agency\/fr-ca\/produit\/affinity-smart-heat-eclipse-controllers\/#breadcrumb","itemListElement":[{"@type":"ListItem","position":1,"name":"Home","item":"https:\/\/www-bromic-ca.bromicpimstg.sites.hosting.454.agency\/fr-ca\/"},{"@type":"ListItem","position":2,"name":"Products","item":"https:\/\/www-bromic-ca.bromicpimstg.sites.hosting.454.agency\/products\/"},{"@type":"ListItem","position":3,"name":"Affinity Smart-Heat\u2122 Eclipse Controllers"}]},{"@type":"WebSite","@id":"https:\/\/www-bromic-ca.bromicpimstg.sites.hosting.454.agency\/fr-ca\/#website","url":"https:\/\/www-bromic-ca.bromicpimstg.sites.hosting.454.agency\/fr-ca\/","name":"Bromic Heating Canada","description":"","publisher":{"@id":"https:\/\/www-bromic-ca.bromicpimstg.sites.hosting.454.agency\/fr-ca\/#organization"},"potentialAction":[{"@type":"SearchAction","target":{"@type":"EntryPoint","urlTemplate":"https:\/\/www-bromic-ca.bromicpimstg.sites.hosting.454.agency\/fr-ca\/?s={search_term_string}"},"query-input":{"@type":"PropertyValueSpecification","valueRequired":true,"valueName":"search_term_string"}}],"inLanguage":"fr-CA"},{"@type":"Organization","@id":"https:\/\/www-bromic-ca.bromicpimstg.sites.hosting.454.agency\/fr-ca\/#organization","name":"Bromic Heating Canada","url":"https:\/\/www-bromic-ca.bromicpimstg.sites.hosting.454.agency\/fr-ca\/","logo":{"@type":"ImageObject","inLanguage":"fr-CA","@id":"https:\/\/www-bromic-ca.bromicpimstg.sites.hosting.454.agency\/fr-ca\/#\/schema\/logo\/image\/","url":"https:\/\/www-bromic-ca.bromicpimstg.sites.hosting.454.agency\/wp-content\/uploads\/sites\/3\/2021\/09\/bromic-logo.png","contentUrl":"https:\/\/www-bromic-ca.bromicpimstg.sites.hosting.454.agency\/wp-content\/uploads\/sites\/3\/2021\/09\/bromic-logo.png","width":1000,"height":342,"caption":"Bromic Heating Canada"},"image":{"@id":"https:\/\/www-bromic-ca.bromicpimstg.sites.hosting.454.agency\/fr-ca\/#\/schema\/logo\/image\/"}}]}},"_links":{"self":[{"href":"https:\/\/www-bromic-ca.bromicpimstg.sites.hosting.454.agency\/fr-ca\/wp-json\/wp\/v2\/product\/78248","targetHints":{"allow":["GET"]}}],"collection":[{"href":"https:\/\/www-bromic-ca.bromicpimstg.sites.hosting.454.agency\/fr-ca\/wp-json\/wp\/v2\/product"}],"about":[{"href":"https:\/\/www-bromic-ca.bromicpimstg.sites.hosting.454.agency\/fr-ca\/wp-json\/wp\/v2\/types\/product"}],"replies":[{"embeddable":true,"href":"https:\/\/www-bromic-ca.bromicpimstg.sites.hosting.454.agency\/fr-ca\/wp-json\/wp\/v2\/comments?post=78248"}],"wp:featuredmedia":[{"embeddable":true,"href":"https:\/\/www-bromic-ca.bromicpimstg.sites.hosting.454.agency\/fr-ca\/wp-json\/wp\/v2\/media\/76986"}],"wp:attachment":[{"href":"https:\/\/www-bromic-ca.bromicpimstg.sites.hosting.454.agency\/fr-ca\/wp-json\/wp\/v2\/media?parent=78248"}],"wp:term":[{"taxonomy":"product_brand","embeddable":true,"href":"https:\/\/www-bromic-ca.bromicpimstg.sites.hosting.454.agency\/fr-ca\/wp-json\/wp\/v2\/product_brand?post=78248"},{"taxonomy":"product_cat","embeddable":true,"href":"https:\/\/www-bromic-ca.bromicpimstg.sites.hosting.454.agency\/fr-ca\/wp-json\/wp\/v2\/product_cat?post=78248"},{"taxonomy":"product_tag","embeddable":true,"href":"https:\/\/www-bromic-ca.bromicpimstg.sites.hosting.454.agency\/fr-ca\/wp-json\/wp\/v2\/product_tag?post=78248"}],"curies":[{"name":"wp","href":"https:\/\/api.w.org\/{rel}","templated":true}]}}