{"id":78250,"date":"2021-10-11T15:40:05","date_gmt":"2022-06-07T19:36:56","guid":{"rendered":"https:\/\/www-bromic-ca.bromicpimstg.sites.hosting.454.agency\/product\/support-de-fixation-murale-platinum-electric\/"},"modified":"2025-10-02T16:22:45","modified_gmt":"2025-10-02T23:22:45","slug":"support-de-fixation-murale-platinum-electric","status":"publish","type":"product","link":"https:\/\/www-bromic-ca.bromicpimstg.sites.hosting.454.agency\/fr-ca\/produit\/support-de-fixation-murale-platinum-electric\/","title":{"rendered":"Support de fixation murale Platinum Electric"},"content":{"rendered":"<p>Notre support de montage mural Platinum Electric en acier inoxydable est fourni gratuitement avec chaque appareil de chauffage Platinum Electric et garantit que votre appareil de chauffage peut \u00eatre facilement mont\u00e9 sur des murs et des structures, tout en respectant l&rsquo;exigence de d\u00e9gagement n\u00e9cessaire. Le support permet de monter l&rsquo;appareil en ligne droite ou \u00e0 un angle de 28 degr\u00e9s.<\/p>\n","protected":false},"excerpt":{"rendered":"<p>Notre support de montage mural Platinum Electric en acier inoxydable est fourni gratuitement avec chaque appareil de chauffage Platinum Electric et garantit que votre appareil de chauffage peut \u00eatre facilement mont\u00e9 sur des murs et des structures, tout en respectant l&rsquo;exigence de d\u00e9gagement n\u00e9cessaire. Le support permet de monter l&rsquo;appareil en ligne droite ou \u00e0 [&hellip;]<\/p>\n","protected":false},"featured_media":63984,"comment_status":"closed","ping_status":"closed","template":"","meta":{"_acf_changed":false},"product_brand":[],"product_cat":[5379],"product_tag":[],"class_list":{"0":"post-78250","1":"product","2":"type-product","3":"status-publish","4":"has-post-thumbnail","6":"product-collection-platinum-fr-ca","7":"product-install-type-montage-mural-fr-ca","8":"product-fuel-type-electrique-fr-ca","9":"product-color-acier-inoxydable-fr-ca","10":"product-color-blanc-fr-ca","11":"product-color-noir-fr-ca","12":"product_cat-accessoires-fr-ca","14":"first","15":"instock","16":"shipping-taxable","17":"product-type-simple"},"acf":[],"yoast_head":"<!-- This site is optimized with the Yoast SEO plugin v26.1.1 - https:\/\/yoast.com\/wordpress\/plugins\/seo\/ -->\n<title>Support de fixation murale Platinum Electric - Bromic Heating Canada<\/title>\n<meta name=\"description\" content=\"Notre support de montage mural Platinum Electric en acier inoxydable est fourni gratuitement avec chaque appareil de chauffage Platinum Electric et\" \/>\n<meta name=\"robots\" content=\"index, follow, max-snippet:-1, max-image-preview:large, max-video-preview:-1\" \/>\n<link rel=\"canonical\" href=\"https:\/\/www-bromic-ca.bromicpimstg.sites.hosting.454.agency\/fr-ca\/produit\/support-de-fixation-murale-platinum-electric\/\" \/>\n<meta property=\"og:locale\" content=\"fr_CA\" \/>\n<meta property=\"og:type\" content=\"article\" \/>\n<meta property=\"og:title\" content=\"Support de fixation murale Platinum Electric - Bromic Heating Canada\" \/>\n<meta property=\"og:description\" content=\"Notre support de montage mural Platinum Electric en acier inoxydable est fourni gratuitement avec chaque appareil de chauffage Platinum Electric et\" \/>\n<meta property=\"og:url\" content=\"https:\/\/www-bromic-ca.bromicpimstg.sites.hosting.454.agency\/fr-ca\/produit\/support-de-fixation-murale-platinum-electric\/\" \/>\n<meta property=\"og:site_name\" content=\"Bromic Heating Canada\" \/>\n<meta property=\"article:modified_time\" content=\"2025-10-02T23:22:45+00:00\" \/>\n<meta property=\"og:image\" content=\"https:\/\/www-bromic-ca.bromicpimstg.sites.hosting.454.agency\/wp-content\/uploads\/sites\/3\/2023\/08\/Bromic_PE-White_Residential-2-scaled.jpg\" \/>\n\t<meta property=\"og:image:width\" content=\"2560\" \/>\n\t<meta property=\"og:image:height\" content=\"1747\" \/>\n\t<meta property=\"og:image:type\" content=\"image\/jpeg\" \/>\n<meta name=\"twitter:card\" content=\"summary_large_image\" \/>\n<meta name=\"twitter:label1\" content=\"Estimation du temps de lecture\" \/>\n\t<meta name=\"twitter:data1\" content=\"1 minute\" \/>\n<script type=\"application\/ld+json\" class=\"yoast-schema-graph\">{\"@context\":\"https:\/\/schema.org\",\"@graph\":[{\"@type\":\"WebPage\",\"@id\":\"https:\/\/www-bromic-ca.bromicpimstg.sites.hosting.454.agency\/fr-ca\/produit\/support-de-fixation-murale-platinum-electric\/\",\"url\":\"https:\/\/www-bromic-ca.bromicpimstg.sites.hosting.454.agency\/fr-ca\/produit\/support-de-fixation-murale-platinum-electric\/\",\"name\":\"Support de fixation murale Platinum Electric - Bromic Heating Canada\",\"isPartOf\":{\"@id\":\"https:\/\/www-bromic-ca.bromicpimstg.sites.hosting.454.agency\/fr-ca\/#website\"},\"primaryImageOfPage\":{\"@id\":\"https:\/\/www-bromic-ca.bromicpimstg.sites.hosting.454.agency\/fr-ca\/produit\/support-de-fixation-murale-platinum-electric\/#primaryimage\"},\"image\":{\"@id\":\"https:\/\/www-bromic-ca.bromicpimstg.sites.hosting.454.agency\/fr-ca\/produit\/support-de-fixation-murale-platinum-electric\/#primaryimage\"},\"thumbnailUrl\":\"https:\/\/www-bromic-ca.bromicpimstg.sites.hosting.454.agency\/wp-content\/uploads\/sites\/3\/2023\/08\/Bromic_PE-White_Residential-2-scaled.jpg\",\"datePublished\":\"2022-06-07T19:36:56+00:00\",\"dateModified\":\"2025-10-02T23:22:45+00:00\",\"description\":\"Notre support de montage mural Platinum Electric en acier inoxydable est fourni gratuitement avec chaque appareil de chauffage Platinum Electric et\",\"breadcrumb\":{\"@id\":\"https:\/\/www-bromic-ca.bromicpimstg.sites.hosting.454.agency\/fr-ca\/produit\/support-de-fixation-murale-platinum-electric\/#breadcrumb\"},\"inLanguage\":\"fr-CA\",\"potentialAction\":[{\"@type\":\"ReadAction\",\"target\":[\"https:\/\/www-bromic-ca.bromicpimstg.sites.hosting.454.agency\/fr-ca\/produit\/support-de-fixation-murale-platinum-electric\/\"]}]},{\"@type\":\"ImageObject\",\"inLanguage\":\"fr-CA\",\"@id\":\"https:\/\/www-bromic-ca.bromicpimstg.sites.hosting.454.agency\/fr-ca\/produit\/support-de-fixation-murale-platinum-electric\/#primaryimage\",\"url\":\"https:\/\/www-bromic-ca.bromicpimstg.sites.hosting.454.agency\/wp-content\/uploads\/sites\/3\/2023\/08\/Bromic_PE-White_Residential-2-scaled.jpg\",\"contentUrl\":\"https:\/\/www-bromic-ca.bromicpimstg.sites.hosting.454.agency\/wp-content\/uploads\/sites\/3\/2023\/08\/Bromic_PE-White_Residential-2-scaled.jpg\",\"width\":2560,\"height\":1747},{\"@type\":\"BreadcrumbList\",\"@id\":\"https:\/\/www-bromic-ca.bromicpimstg.sites.hosting.454.agency\/fr-ca\/produit\/support-de-fixation-murale-platinum-electric\/#breadcrumb\",\"itemListElement\":[{\"@type\":\"ListItem\",\"position\":1,\"name\":\"Home\",\"item\":\"https:\/\/www-bromic-ca.bromicpimstg.sites.hosting.454.agency\/fr-ca\/\"},{\"@type\":\"ListItem\",\"position\":2,\"name\":\"Products\",\"item\":\"https:\/\/www-bromic-ca.bromicpimstg.sites.hosting.454.agency\/products\/\"},{\"@type\":\"ListItem\",\"position\":3,\"name\":\"Support de fixation murale Platinum Electric\"}]},{\"@type\":\"WebSite\",\"@id\":\"https:\/\/www-bromic-ca.bromicpimstg.sites.hosting.454.agency\/fr-ca\/#website\",\"url\":\"https:\/\/www-bromic-ca.bromicpimstg.sites.hosting.454.agency\/fr-ca\/\",\"name\":\"Bromic Heating Canada\",\"description\":\"\",\"publisher\":{\"@id\":\"https:\/\/www-bromic-ca.bromicpimstg.sites.hosting.454.agency\/fr-ca\/#organization\"},\"potentialAction\":[{\"@type\":\"SearchAction\",\"target\":{\"@type\":\"EntryPoint\",\"urlTemplate\":\"https:\/\/www-bromic-ca.bromicpimstg.sites.hosting.454.agency\/fr-ca\/?s={search_term_string}\"},\"query-input\":{\"@type\":\"PropertyValueSpecification\",\"valueRequired\":true,\"valueName\":\"search_term_string\"}}],\"inLanguage\":\"fr-CA\"},{\"@type\":\"Organization\",\"@id\":\"https:\/\/www-bromic-ca.bromicpimstg.sites.hosting.454.agency\/fr-ca\/#organization\",\"name\":\"Bromic Heating Canada\",\"url\":\"https:\/\/www-bromic-ca.bromicpimstg.sites.hosting.454.agency\/fr-ca\/\",\"logo\":{\"@type\":\"ImageObject\",\"inLanguage\":\"fr-CA\",\"@id\":\"https:\/\/www-bromic-ca.bromicpimstg.sites.hosting.454.agency\/fr-ca\/#\/schema\/logo\/image\/\",\"url\":\"https:\/\/www-bromic-ca.bromicpimstg.sites.hosting.454.agency\/wp-content\/uploads\/sites\/3\/2021\/09\/bromic-logo.png\",\"contentUrl\":\"https:\/\/www-bromic-ca.bromicpimstg.sites.hosting.454.agency\/wp-content\/uploads\/sites\/3\/2021\/09\/bromic-logo.png\",\"width\":1000,\"height\":342,\"caption\":\"Bromic Heating Canada\"},\"image\":{\"@id\":\"https:\/\/www-bromic-ca.bromicpimstg.sites.hosting.454.agency\/fr-ca\/#\/schema\/logo\/image\/\"}}]}<\/script>\n<!-- \/ Yoast SEO plugin. -->","yoast_head_json":{"title":"Support de fixation murale Platinum Electric - Bromic Heating Canada","description":"Notre support de montage mural Platinum Electric en acier inoxydable est fourni gratuitement avec chaque appareil de chauffage Platinum Electric et","robots":{"index":"index","follow":"follow","max-snippet":"max-snippet:-1","max-image-preview":"max-image-preview:large","max-video-preview":"max-video-preview:-1"},"canonical":"https:\/\/www-bromic-ca.bromicpimstg.sites.hosting.454.agency\/fr-ca\/produit\/support-de-fixation-murale-platinum-electric\/","og_locale":"fr_CA","og_type":"article","og_title":"Support de fixation murale Platinum Electric - Bromic Heating Canada","og_description":"Notre support de montage mural Platinum Electric en acier inoxydable est fourni gratuitement avec chaque appareil de chauffage Platinum Electric et","og_url":"https:\/\/www-bromic-ca.bromicpimstg.sites.hosting.454.agency\/fr-ca\/produit\/support-de-fixation-murale-platinum-electric\/","og_site_name":"Bromic Heating Canada","article_modified_time":"2025-10-02T23:22:45+00:00","og_image":[{"width":2560,"height":1747,"url":"https:\/\/www-bromic-ca.bromicpimstg.sites.hosting.454.agency\/wp-content\/uploads\/sites\/3\/2023\/08\/Bromic_PE-White_Residential-2-scaled.jpg","type":"image\/jpeg"}],"twitter_card":"summary_large_image","twitter_misc":{"Estimation du temps de lecture":"1 minute"},"schema":{"@context":"https:\/\/schema.org","@graph":[{"@type":"WebPage","@id":"https:\/\/www-bromic-ca.bromicpimstg.sites.hosting.454.agency\/fr-ca\/produit\/support-de-fixation-murale-platinum-electric\/","url":"https:\/\/www-bromic-ca.bromicpimstg.sites.hosting.454.agency\/fr-ca\/produit\/support-de-fixation-murale-platinum-electric\/","name":"Support de fixation murale Platinum Electric - Bromic Heating Canada","isPartOf":{"@id":"https:\/\/www-bromic-ca.bromicpimstg.sites.hosting.454.agency\/fr-ca\/#website"},"primaryImageOfPage":{"@id":"https:\/\/www-bromic-ca.bromicpimstg.sites.hosting.454.agency\/fr-ca\/produit\/support-de-fixation-murale-platinum-electric\/#primaryimage"},"image":{"@id":"https:\/\/www-bromic-ca.bromicpimstg.sites.hosting.454.agency\/fr-ca\/produit\/support-de-fixation-murale-platinum-electric\/#primaryimage"},"thumbnailUrl":"https:\/\/www-bromic-ca.bromicpimstg.sites.hosting.454.agency\/wp-content\/uploads\/sites\/3\/2023\/08\/Bromic_PE-White_Residential-2-scaled.jpg","datePublished":"2022-06-07T19:36:56+00:00","dateModified":"2025-10-02T23:22:45+00:00","description":"Notre support de montage mural Platinum Electric en acier inoxydable est fourni gratuitement avec chaque appareil de chauffage Platinum Electric et","breadcrumb":{"@id":"https:\/\/www-bromic-ca.bromicpimstg.sites.hosting.454.agency\/fr-ca\/produit\/support-de-fixation-murale-platinum-electric\/#breadcrumb"},"inLanguage":"fr-CA","potentialAction":[{"@type":"ReadAction","target":["https:\/\/www-bromic-ca.bromicpimstg.sites.hosting.454.agency\/fr-ca\/produit\/support-de-fixation-murale-platinum-electric\/"]}]},{"@type":"ImageObject","inLanguage":"fr-CA","@id":"https:\/\/www-bromic-ca.bromicpimstg.sites.hosting.454.agency\/fr-ca\/produit\/support-de-fixation-murale-platinum-electric\/#primaryimage","url":"https:\/\/www-bromic-ca.bromicpimstg.sites.hosting.454.agency\/wp-content\/uploads\/sites\/3\/2023\/08\/Bromic_PE-White_Residential-2-scaled.jpg","contentUrl":"https:\/\/www-bromic-ca.bromicpimstg.sites.hosting.454.agency\/wp-content\/uploads\/sites\/3\/2023\/08\/Bromic_PE-White_Residential-2-scaled.jpg","width":2560,"height":1747},{"@type":"BreadcrumbList","@id":"https:\/\/www-bromic-ca.bromicpimstg.sites.hosting.454.agency\/fr-ca\/produit\/support-de-fixation-murale-platinum-electric\/#breadcrumb","itemListElement":[{"@type":"ListItem","position":1,"name":"Home","item":"https:\/\/www-bromic-ca.bromicpimstg.sites.hosting.454.agency\/fr-ca\/"},{"@type":"ListItem","position":2,"name":"Products","item":"https:\/\/www-bromic-ca.bromicpimstg.sites.hosting.454.agency\/products\/"},{"@type":"ListItem","position":3,"name":"Support de fixation murale Platinum Electric"}]},{"@type":"WebSite","@id":"https:\/\/www-bromic-ca.bromicpimstg.sites.hosting.454.agency\/fr-ca\/#website","url":"https:\/\/www-bromic-ca.bromicpimstg.sites.hosting.454.agency\/fr-ca\/","name":"Bromic Heating Canada","description":"","publisher":{"@id":"https:\/\/www-bromic-ca.bromicpimstg.sites.hosting.454.agency\/fr-ca\/#organization"},"potentialAction":[{"@type":"SearchAction","target":{"@type":"EntryPoint","urlTemplate":"https:\/\/www-bromic-ca.bromicpimstg.sites.hosting.454.agency\/fr-ca\/?s={search_term_string}"},"query-input":{"@type":"PropertyValueSpecification","valueRequired":true,"valueName":"search_term_string"}}],"inLanguage":"fr-CA"},{"@type":"Organization","@id":"https:\/\/www-bromic-ca.bromicpimstg.sites.hosting.454.agency\/fr-ca\/#organization","name":"Bromic Heating Canada","url":"https:\/\/www-bromic-ca.bromicpimstg.sites.hosting.454.agency\/fr-ca\/","logo":{"@type":"ImageObject","inLanguage":"fr-CA","@id":"https:\/\/www-bromic-ca.bromicpimstg.sites.hosting.454.agency\/fr-ca\/#\/schema\/logo\/image\/","url":"https:\/\/www-bromic-ca.bromicpimstg.sites.hosting.454.agency\/wp-content\/uploads\/sites\/3\/2021\/09\/bromic-logo.png","contentUrl":"https:\/\/www-bromic-ca.bromicpimstg.sites.hosting.454.agency\/wp-content\/uploads\/sites\/3\/2021\/09\/bromic-logo.png","width":1000,"height":342,"caption":"Bromic Heating Canada"},"image":{"@id":"https:\/\/www-bromic-ca.bromicpimstg.sites.hosting.454.agency\/fr-ca\/#\/schema\/logo\/image\/"}}]}},"_links":{"self":[{"href":"https:\/\/www-bromic-ca.bromicpimstg.sites.hosting.454.agency\/fr-ca\/wp-json\/wp\/v2\/product\/78250","targetHints":{"allow":["GET"]}}],"collection":[{"href":"https:\/\/www-bromic-ca.bromicpimstg.sites.hosting.454.agency\/fr-ca\/wp-json\/wp\/v2\/product"}],"about":[{"href":"https:\/\/www-bromic-ca.bromicpimstg.sites.hosting.454.agency\/fr-ca\/wp-json\/wp\/v2\/types\/product"}],"replies":[{"embeddable":true,"href":"https:\/\/www-bromic-ca.bromicpimstg.sites.hosting.454.agency\/fr-ca\/wp-json\/wp\/v2\/comments?post=78250"}],"wp:featuredmedia":[{"embeddable":true,"href":"https:\/\/www-bromic-ca.bromicpimstg.sites.hosting.454.agency\/fr-ca\/wp-json\/wp\/v2\/media\/63984"}],"wp:attachment":[{"href":"https:\/\/www-bromic-ca.bromicpimstg.sites.hosting.454.agency\/fr-ca\/wp-json\/wp\/v2\/media?parent=78250"}],"wp:term":[{"taxonomy":"product_brand","embeddable":true,"href":"https:\/\/www-bromic-ca.bromicpimstg.sites.hosting.454.agency\/fr-ca\/wp-json\/wp\/v2\/product_brand?post=78250"},{"taxonomy":"product_cat","embeddable":true,"href":"https:\/\/www-bromic-ca.bromicpimstg.sites.hosting.454.agency\/fr-ca\/wp-json\/wp\/v2\/product_cat?post=78250"},{"taxonomy":"product_tag","embeddable":true,"href":"https:\/\/www-bromic-ca.bromicpimstg.sites.hosting.454.agency\/fr-ca\/wp-json\/wp\/v2\/product_tag?post=78250"}],"curies":[{"name":"wp","href":"https:\/\/api.w.org\/{rel}","templated":true}]}}