{"id":78254,"date":"2021-10-12T18:14:06","date_gmt":"2022-06-07T19:36:29","guid":{"rendered":"https:\/\/www-bromic-ca.bromicpimstg.sites.hosting.454.agency\/product\/support-de-montage-mural-pour-le-gaz\/"},"modified":"2025-10-02T16:22:04","modified_gmt":"2025-10-02T23:22:04","slug":"support-de-montage-mural-pour-le-gaz","status":"publish","type":"product","link":"https:\/\/www-bromic-ca.bromicpimstg.sites.hosting.454.agency\/fr-ca\/produit\/support-de-montage-mural-pour-le-gaz\/","title":{"rendered":"Support de montage mural pour le gaz"},"content":{"rendered":"<p>Chacun de nos appareils de chauffage au gaz bromique tungst\u00e8ne et au gaz platine est livr\u00e9 avec un support de montage mural gratuit, de sorte que les appareils de chauffage peuvent \u00eatre facilement mont\u00e9s sur des murs ou des structures. Veuillez consulter nos guides d&rsquo;installation pour d\u00e9terminer la hauteur exacte \u00e0 laquelle vos appareils de chauffage doivent \u00eatre install\u00e9s.<\/p>\n","protected":false},"excerpt":{"rendered":"<p>Chacun de nos appareils de chauffage au gaz bromique tungst\u00e8ne et au gaz platine est livr\u00e9 avec un support de montage mural gratuit, de sorte que les appareils de chauffage peuvent \u00eatre facilement mont\u00e9s sur des murs ou des structures. Veuillez consulter nos guides d&rsquo;installation pour d\u00e9terminer la hauteur exacte \u00e0 laquelle vos appareils de [&hellip;]<\/p>\n","protected":false},"featured_media":64008,"comment_status":"closed","ping_status":"closed","template":"","meta":{"_acf_changed":false},"product_brand":[],"product_cat":[5379],"product_tag":[],"class_list":{"0":"post-78254","1":"product","2":"type-product","3":"status-publish","4":"has-post-thumbnail","6":"product-collection-platinum-fr-ca","7":"product-collection-tungsten-fr-ca","8":"product-install-type-montage-mural-fr-ca","9":"product-fuel-type-gaz-naturel-fr-ca","10":"product-fuel-type-gaz-propane-fr-ca","11":"product-color-acier-inoxydable-fr-ca","12":"product-color-blanc-fr-ca","13":"product-color-noir-fr-ca","14":"product_cat-accessoires-fr-ca","16":"first","17":"instock","18":"shipping-taxable","19":"product-type-simple"},"acf":[],"yoast_head":"<!-- This site is optimized with the Yoast SEO plugin v26.1.1 - https:\/\/yoast.com\/wordpress\/plugins\/seo\/ -->\n<title>Support de montage mural pour le gaz - Bromic Heating Canada<\/title>\n<meta name=\"description\" content=\"Chacun de nos appareils de chauffage au gaz bromique tungst\u00e8ne et au gaz platine est livr\u00e9 avec un support de montage mural gratuit, de sorte que les\" \/>\n<meta name=\"robots\" content=\"index, follow, max-snippet:-1, max-image-preview:large, max-video-preview:-1\" \/>\n<link rel=\"canonical\" href=\"https:\/\/www-bromic-ca.bromicpimstg.sites.hosting.454.agency\/fr-ca\/produit\/support-de-montage-mural-pour-le-gaz\/\" \/>\n<meta property=\"og:locale\" content=\"fr_CA\" \/>\n<meta property=\"og:type\" content=\"article\" \/>\n<meta property=\"og:title\" content=\"Support de montage mural pour le gaz - Bromic Heating Canada\" \/>\n<meta property=\"og:description\" content=\"Chacun de nos appareils de chauffage au gaz bromique tungst\u00e8ne et au gaz platine est livr\u00e9 avec un support de montage mural gratuit, de sorte que les\" \/>\n<meta property=\"og:url\" content=\"https:\/\/www-bromic-ca.bromicpimstg.sites.hosting.454.agency\/fr-ca\/produit\/support-de-montage-mural-pour-le-gaz\/\" \/>\n<meta property=\"og:site_name\" content=\"Bromic Heating Canada\" \/>\n<meta property=\"article:modified_time\" content=\"2025-10-02T23:22:04+00:00\" \/>\n<meta property=\"og:image\" content=\"https:\/\/www-bromic-ca.bromicpimstg.sites.hosting.454.agency\/wp-content\/uploads\/sites\/3\/2023\/08\/Gregory-Hills-Hotel-Sydney-Bromic-Platinum-Gas.jpg\" \/>\n\t<meta property=\"og:image:width\" content=\"2560\" \/>\n\t<meta property=\"og:image:height\" content=\"1463\" \/>\n\t<meta property=\"og:image:type\" content=\"image\/jpeg\" \/>\n<meta name=\"twitter:card\" content=\"summary_large_image\" \/>\n<meta name=\"twitter:label1\" content=\"Estimation du temps de lecture\" \/>\n\t<meta name=\"twitter:data1\" content=\"1 minute\" \/>\n<script type=\"application\/ld+json\" class=\"yoast-schema-graph\">{\"@context\":\"https:\/\/schema.org\",\"@graph\":[{\"@type\":\"WebPage\",\"@id\":\"https:\/\/www-bromic-ca.bromicpimstg.sites.hosting.454.agency\/fr-ca\/produit\/support-de-montage-mural-pour-le-gaz\/\",\"url\":\"https:\/\/www-bromic-ca.bromicpimstg.sites.hosting.454.agency\/fr-ca\/produit\/support-de-montage-mural-pour-le-gaz\/\",\"name\":\"Support de montage mural pour le gaz - Bromic Heating Canada\",\"isPartOf\":{\"@id\":\"https:\/\/www-bromic-ca.bromicpimstg.sites.hosting.454.agency\/fr-ca\/#website\"},\"primaryImageOfPage\":{\"@id\":\"https:\/\/www-bromic-ca.bromicpimstg.sites.hosting.454.agency\/fr-ca\/produit\/support-de-montage-mural-pour-le-gaz\/#primaryimage\"},\"image\":{\"@id\":\"https:\/\/www-bromic-ca.bromicpimstg.sites.hosting.454.agency\/fr-ca\/produit\/support-de-montage-mural-pour-le-gaz\/#primaryimage\"},\"thumbnailUrl\":\"https:\/\/www-bromic-ca.bromicpimstg.sites.hosting.454.agency\/wp-content\/uploads\/sites\/3\/2023\/08\/Gregory-Hills-Hotel-Sydney-Bromic-Platinum-Gas.jpg\",\"datePublished\":\"2022-06-07T19:36:29+00:00\",\"dateModified\":\"2025-10-02T23:22:04+00:00\",\"description\":\"Chacun de nos appareils de chauffage au gaz bromique tungst\u00e8ne et au gaz platine est livr\u00e9 avec un support de montage mural gratuit, de sorte que les\",\"breadcrumb\":{\"@id\":\"https:\/\/www-bromic-ca.bromicpimstg.sites.hosting.454.agency\/fr-ca\/produit\/support-de-montage-mural-pour-le-gaz\/#breadcrumb\"},\"inLanguage\":\"fr-CA\",\"potentialAction\":[{\"@type\":\"ReadAction\",\"target\":[\"https:\/\/www-bromic-ca.bromicpimstg.sites.hosting.454.agency\/fr-ca\/produit\/support-de-montage-mural-pour-le-gaz\/\"]}]},{\"@type\":\"ImageObject\",\"inLanguage\":\"fr-CA\",\"@id\":\"https:\/\/www-bromic-ca.bromicpimstg.sites.hosting.454.agency\/fr-ca\/produit\/support-de-montage-mural-pour-le-gaz\/#primaryimage\",\"url\":\"https:\/\/www-bromic-ca.bromicpimstg.sites.hosting.454.agency\/wp-content\/uploads\/sites\/3\/2023\/08\/Gregory-Hills-Hotel-Sydney-Bromic-Platinum-Gas.jpg\",\"contentUrl\":\"https:\/\/www-bromic-ca.bromicpimstg.sites.hosting.454.agency\/wp-content\/uploads\/sites\/3\/2023\/08\/Gregory-Hills-Hotel-Sydney-Bromic-Platinum-Gas.jpg\",\"width\":2560,\"height\":1463},{\"@type\":\"BreadcrumbList\",\"@id\":\"https:\/\/www-bromic-ca.bromicpimstg.sites.hosting.454.agency\/fr-ca\/produit\/support-de-montage-mural-pour-le-gaz\/#breadcrumb\",\"itemListElement\":[{\"@type\":\"ListItem\",\"position\":1,\"name\":\"Home\",\"item\":\"https:\/\/www-bromic-ca.bromicpimstg.sites.hosting.454.agency\/fr-ca\/\"},{\"@type\":\"ListItem\",\"position\":2,\"name\":\"Products\",\"item\":\"https:\/\/www-bromic-ca.bromicpimstg.sites.hosting.454.agency\/products\/\"},{\"@type\":\"ListItem\",\"position\":3,\"name\":\"Support de montage mural pour le gaz\"}]},{\"@type\":\"WebSite\",\"@id\":\"https:\/\/www-bromic-ca.bromicpimstg.sites.hosting.454.agency\/fr-ca\/#website\",\"url\":\"https:\/\/www-bromic-ca.bromicpimstg.sites.hosting.454.agency\/fr-ca\/\",\"name\":\"Bromic Heating Canada\",\"description\":\"\",\"publisher\":{\"@id\":\"https:\/\/www-bromic-ca.bromicpimstg.sites.hosting.454.agency\/fr-ca\/#organization\"},\"potentialAction\":[{\"@type\":\"SearchAction\",\"target\":{\"@type\":\"EntryPoint\",\"urlTemplate\":\"https:\/\/www-bromic-ca.bromicpimstg.sites.hosting.454.agency\/fr-ca\/?s={search_term_string}\"},\"query-input\":{\"@type\":\"PropertyValueSpecification\",\"valueRequired\":true,\"valueName\":\"search_term_string\"}}],\"inLanguage\":\"fr-CA\"},{\"@type\":\"Organization\",\"@id\":\"https:\/\/www-bromic-ca.bromicpimstg.sites.hosting.454.agency\/fr-ca\/#organization\",\"name\":\"Bromic Heating Canada\",\"url\":\"https:\/\/www-bromic-ca.bromicpimstg.sites.hosting.454.agency\/fr-ca\/\",\"logo\":{\"@type\":\"ImageObject\",\"inLanguage\":\"fr-CA\",\"@id\":\"https:\/\/www-bromic-ca.bromicpimstg.sites.hosting.454.agency\/fr-ca\/#\/schema\/logo\/image\/\",\"url\":\"https:\/\/www-bromic-ca.bromicpimstg.sites.hosting.454.agency\/wp-content\/uploads\/sites\/3\/2021\/09\/bromic-logo.png\",\"contentUrl\":\"https:\/\/www-bromic-ca.bromicpimstg.sites.hosting.454.agency\/wp-content\/uploads\/sites\/3\/2021\/09\/bromic-logo.png\",\"width\":1000,\"height\":342,\"caption\":\"Bromic Heating Canada\"},\"image\":{\"@id\":\"https:\/\/www-bromic-ca.bromicpimstg.sites.hosting.454.agency\/fr-ca\/#\/schema\/logo\/image\/\"}}]}<\/script>\n<!-- \/ Yoast SEO plugin. -->","yoast_head_json":{"title":"Support de montage mural pour le gaz - Bromic Heating Canada","description":"Chacun de nos appareils de chauffage au gaz bromique tungst\u00e8ne et au gaz platine est livr\u00e9 avec un support de montage mural gratuit, de sorte que les","robots":{"index":"index","follow":"follow","max-snippet":"max-snippet:-1","max-image-preview":"max-image-preview:large","max-video-preview":"max-video-preview:-1"},"canonical":"https:\/\/www-bromic-ca.bromicpimstg.sites.hosting.454.agency\/fr-ca\/produit\/support-de-montage-mural-pour-le-gaz\/","og_locale":"fr_CA","og_type":"article","og_title":"Support de montage mural pour le gaz - Bromic Heating Canada","og_description":"Chacun de nos appareils de chauffage au gaz bromique tungst\u00e8ne et au gaz platine est livr\u00e9 avec un support de montage mural gratuit, de sorte que les","og_url":"https:\/\/www-bromic-ca.bromicpimstg.sites.hosting.454.agency\/fr-ca\/produit\/support-de-montage-mural-pour-le-gaz\/","og_site_name":"Bromic Heating Canada","article_modified_time":"2025-10-02T23:22:04+00:00","og_image":[{"width":2560,"height":1463,"url":"https:\/\/www-bromic-ca.bromicpimstg.sites.hosting.454.agency\/wp-content\/uploads\/sites\/3\/2023\/08\/Gregory-Hills-Hotel-Sydney-Bromic-Platinum-Gas.jpg","type":"image\/jpeg"}],"twitter_card":"summary_large_image","twitter_misc":{"Estimation du temps de lecture":"1 minute"},"schema":{"@context":"https:\/\/schema.org","@graph":[{"@type":"WebPage","@id":"https:\/\/www-bromic-ca.bromicpimstg.sites.hosting.454.agency\/fr-ca\/produit\/support-de-montage-mural-pour-le-gaz\/","url":"https:\/\/www-bromic-ca.bromicpimstg.sites.hosting.454.agency\/fr-ca\/produit\/support-de-montage-mural-pour-le-gaz\/","name":"Support de montage mural pour le gaz - Bromic Heating Canada","isPartOf":{"@id":"https:\/\/www-bromic-ca.bromicpimstg.sites.hosting.454.agency\/fr-ca\/#website"},"primaryImageOfPage":{"@id":"https:\/\/www-bromic-ca.bromicpimstg.sites.hosting.454.agency\/fr-ca\/produit\/support-de-montage-mural-pour-le-gaz\/#primaryimage"},"image":{"@id":"https:\/\/www-bromic-ca.bromicpimstg.sites.hosting.454.agency\/fr-ca\/produit\/support-de-montage-mural-pour-le-gaz\/#primaryimage"},"thumbnailUrl":"https:\/\/www-bromic-ca.bromicpimstg.sites.hosting.454.agency\/wp-content\/uploads\/sites\/3\/2023\/08\/Gregory-Hills-Hotel-Sydney-Bromic-Platinum-Gas.jpg","datePublished":"2022-06-07T19:36:29+00:00","dateModified":"2025-10-02T23:22:04+00:00","description":"Chacun de nos appareils de chauffage au gaz bromique tungst\u00e8ne et au gaz platine est livr\u00e9 avec un support de montage mural gratuit, de sorte que les","breadcrumb":{"@id":"https:\/\/www-bromic-ca.bromicpimstg.sites.hosting.454.agency\/fr-ca\/produit\/support-de-montage-mural-pour-le-gaz\/#breadcrumb"},"inLanguage":"fr-CA","potentialAction":[{"@type":"ReadAction","target":["https:\/\/www-bromic-ca.bromicpimstg.sites.hosting.454.agency\/fr-ca\/produit\/support-de-montage-mural-pour-le-gaz\/"]}]},{"@type":"ImageObject","inLanguage":"fr-CA","@id":"https:\/\/www-bromic-ca.bromicpimstg.sites.hosting.454.agency\/fr-ca\/produit\/support-de-montage-mural-pour-le-gaz\/#primaryimage","url":"https:\/\/www-bromic-ca.bromicpimstg.sites.hosting.454.agency\/wp-content\/uploads\/sites\/3\/2023\/08\/Gregory-Hills-Hotel-Sydney-Bromic-Platinum-Gas.jpg","contentUrl":"https:\/\/www-bromic-ca.bromicpimstg.sites.hosting.454.agency\/wp-content\/uploads\/sites\/3\/2023\/08\/Gregory-Hills-Hotel-Sydney-Bromic-Platinum-Gas.jpg","width":2560,"height":1463},{"@type":"BreadcrumbList","@id":"https:\/\/www-bromic-ca.bromicpimstg.sites.hosting.454.agency\/fr-ca\/produit\/support-de-montage-mural-pour-le-gaz\/#breadcrumb","itemListElement":[{"@type":"ListItem","position":1,"name":"Home","item":"https:\/\/www-bromic-ca.bromicpimstg.sites.hosting.454.agency\/fr-ca\/"},{"@type":"ListItem","position":2,"name":"Products","item":"https:\/\/www-bromic-ca.bromicpimstg.sites.hosting.454.agency\/products\/"},{"@type":"ListItem","position":3,"name":"Support de montage mural pour le gaz"}]},{"@type":"WebSite","@id":"https:\/\/www-bromic-ca.bromicpimstg.sites.hosting.454.agency\/fr-ca\/#website","url":"https:\/\/www-bromic-ca.bromicpimstg.sites.hosting.454.agency\/fr-ca\/","name":"Bromic Heating Canada","description":"","publisher":{"@id":"https:\/\/www-bromic-ca.bromicpimstg.sites.hosting.454.agency\/fr-ca\/#organization"},"potentialAction":[{"@type":"SearchAction","target":{"@type":"EntryPoint","urlTemplate":"https:\/\/www-bromic-ca.bromicpimstg.sites.hosting.454.agency\/fr-ca\/?s={search_term_string}"},"query-input":{"@type":"PropertyValueSpecification","valueRequired":true,"valueName":"search_term_string"}}],"inLanguage":"fr-CA"},{"@type":"Organization","@id":"https:\/\/www-bromic-ca.bromicpimstg.sites.hosting.454.agency\/fr-ca\/#organization","name":"Bromic Heating Canada","url":"https:\/\/www-bromic-ca.bromicpimstg.sites.hosting.454.agency\/fr-ca\/","logo":{"@type":"ImageObject","inLanguage":"fr-CA","@id":"https:\/\/www-bromic-ca.bromicpimstg.sites.hosting.454.agency\/fr-ca\/#\/schema\/logo\/image\/","url":"https:\/\/www-bromic-ca.bromicpimstg.sites.hosting.454.agency\/wp-content\/uploads\/sites\/3\/2021\/09\/bromic-logo.png","contentUrl":"https:\/\/www-bromic-ca.bromicpimstg.sites.hosting.454.agency\/wp-content\/uploads\/sites\/3\/2021\/09\/bromic-logo.png","width":1000,"height":342,"caption":"Bromic Heating Canada"},"image":{"@id":"https:\/\/www-bromic-ca.bromicpimstg.sites.hosting.454.agency\/fr-ca\/#\/schema\/logo\/image\/"}}]}},"_links":{"self":[{"href":"https:\/\/www-bromic-ca.bromicpimstg.sites.hosting.454.agency\/fr-ca\/wp-json\/wp\/v2\/product\/78254","targetHints":{"allow":["GET"]}}],"collection":[{"href":"https:\/\/www-bromic-ca.bromicpimstg.sites.hosting.454.agency\/fr-ca\/wp-json\/wp\/v2\/product"}],"about":[{"href":"https:\/\/www-bromic-ca.bromicpimstg.sites.hosting.454.agency\/fr-ca\/wp-json\/wp\/v2\/types\/product"}],"replies":[{"embeddable":true,"href":"https:\/\/www-bromic-ca.bromicpimstg.sites.hosting.454.agency\/fr-ca\/wp-json\/wp\/v2\/comments?post=78254"}],"wp:featuredmedia":[{"embeddable":true,"href":"https:\/\/www-bromic-ca.bromicpimstg.sites.hosting.454.agency\/fr-ca\/wp-json\/wp\/v2\/media\/64008"}],"wp:attachment":[{"href":"https:\/\/www-bromic-ca.bromicpimstg.sites.hosting.454.agency\/fr-ca\/wp-json\/wp\/v2\/media?parent=78254"}],"wp:term":[{"taxonomy":"product_brand","embeddable":true,"href":"https:\/\/www-bromic-ca.bromicpimstg.sites.hosting.454.agency\/fr-ca\/wp-json\/wp\/v2\/product_brand?post=78254"},{"taxonomy":"product_cat","embeddable":true,"href":"https:\/\/www-bromic-ca.bromicpimstg.sites.hosting.454.agency\/fr-ca\/wp-json\/wp\/v2\/product_cat?post=78254"},{"taxonomy":"product_tag","embeddable":true,"href":"https:\/\/www-bromic-ca.bromicpimstg.sites.hosting.454.agency\/fr-ca\/wp-json\/wp\/v2\/product_tag?post=78254"}],"curies":[{"name":"wp","href":"https:\/\/api.w.org\/{rel}","templated":true}]}}