{"id":78289,"date":"2021-08-05T01:30:57","date_gmt":"2021-08-05T09:30:57","guid":{"rendered":"https:\/\/www-bromic-ca.bromicpimstg.sites.hosting.454.agency\/product\/platine-smart-heat-electric-marine\/"},"modified":"2025-11-12T14:43:07","modified_gmt":"2025-11-12T22:43:07","slug":"platine-smart-heat-electric-marine","status":"publish","type":"product","link":"https:\/\/www-bromic-ca.bromicpimstg.sites.hosting.454.agency\/fr-ca\/produit\/platine-smart-heat-electric-marine\/","title":{"rendered":"Platinum Smart-Heat\u2122 Electric Marine"},"content":{"rendered":"<div class=\"wpb_text_column wpb_content_element \">\n<div class=\"wpb_wrapper\">\n<p>Nos chauffages d\u2019ext\u00e9rieur et accessoires de haute qualit\u00e9 ont \u00e9t\u00e9 d\u00e9velopp\u00e9s et con\u00e7us sp\u00e9cifiquement pour les applications marines et les environnements c\u00f4tiers. Ce sont les seuls chauffages d\u2019ext\u00e9rieur du march\u00e9 qui sont enti\u00e8rement certifi\u00e9s par le Lloyds Register. Fabriqu\u00e9s en acier inoxydable AISI316 de haute qualit\u00e9, les radiateurs Bromic Platinum Smart-Heat\u2122 Electric Marine ont \u00e9t\u00e9 sp\u00e9cialement con\u00e7us pour offrir une r\u00e9sistance sup\u00e9rieure aux \u00e9l\u00e9ments corrosifs des environnements c\u00f4tiers et marins. Avec leur design fin et esth\u00e9tique et leur chaleur rayonnante r\u00e9sistante au vent, les radiateurs Platinum Smart-Heat\u2122 Electric Marine sont la solution id\u00e9ale pour enrichir l&rsquo;exp\u00e9rience de confort des propri\u00e9taires de r\u00e9sidences c\u00f4ti\u00e8res et de superyachts, ainsi que des invit\u00e9s des navires de croisi\u00e8re.<\/p>\n<p>Le Platinum Smart-Heat\u2122 Electric Marine est disponible en finition blanche ou noire et peut \u00eatre encastr\u00e9 directement dans le plafond, fix\u00e9 au mur ou suspendu au plafond pour s&rsquo;assurer qu&rsquo;il s&rsquo;int\u00e8gre parfaitement \u00e0 son environnement. Dot\u00e9s de la technologie de chauffage la plus avanc\u00e9e \u00e0 l&rsquo;int\u00e9rieur et d&rsquo;un \u00e9cran en verre c\u00e9ramique translucide de qualit\u00e9 sup\u00e9rieure \u00e0 l&rsquo;ext\u00e9rieur, les radiateurs Platinum Smart-Heat\u2122 Electric Marine diffusent une chaleur rayonnante de mani\u00e8re uniforme sur une grande surface tout en minimisant les \u00e9missions lumineuses ind\u00e9sirables.<\/p>\n<\/div>\n<\/div>\n<p>&nbsp;<\/p>\n","protected":false},"excerpt":{"rendered":"<p class=\"p1\">D\u00e9couvrez un nouveau niveau de confort avec notre s\u00e9rie de chauffage ext\u00e9rieur Platinum Electric Marine. Certifi\u00e9s par Lloyds et con\u00e7us pour les environnements marins et c\u00f4tiers, ces chauffages \u00e9l\u00e8veront votre niveau de confort, que ce soit en mer ou \u00e0 la maison !<\/p>\n<p>&nbsp;<\/p>\n","protected":false},"featured_media":76960,"comment_status":"closed","ping_status":"closed","template":"","meta":{"_acf_changed":false},"product_brand":[],"product_cat":[5377,5378],"product_tag":[],"class_list":{"0":"post-78289","1":"product","2":"type-product","3":"status-publish","4":"has-post-thumbnail","6":"product-color-noir-fr-ca","7":"product_cat-chauffe-terrasse-fr-ca","8":"product_cat-commandes-fr-ca","10":"first","11":"outofstock","12":"shipping-taxable","13":"product-type-variable"},"acf":[],"yoast_head":"<!-- This site is optimized with the Yoast SEO plugin v26.1.1 - https:\/\/yoast.com\/wordpress\/plugins\/seo\/ -->\n<title>Platinum Smart-Heat\u2122 Electric Marine - Bromic Heating Canada<\/title>\n<meta name=\"description\" content=\"D\u00e9couvrez un nouveau niveau de confort avec notre s\u00e9rie de chauffage ext\u00e9rieur Platinum Electric Marine. Certifi\u00e9s par Lloyds et con\u00e7us pour les environnements marins et c\u00f4tiers, ces chauffages \u00e9l\u00e8veront votre niveau de confort, que ce soit en mer ou \u00e0 la maison ! &nbsp;\" \/>\n<meta name=\"robots\" content=\"index, follow, max-snippet:-1, max-image-preview:large, max-video-preview:-1\" \/>\n<link rel=\"canonical\" href=\"https:\/\/www-bromic-ca.bromicpimstg.sites.hosting.454.agency\/fr-ca\/produit\/platine-smart-heat-electric-marine\/\" \/>\n<meta property=\"og:locale\" content=\"fr_CA\" \/>\n<meta property=\"og:type\" content=\"article\" \/>\n<meta property=\"og:title\" content=\"Platinum Smart-Heat\u2122 Electric Marine - Bromic Heating Canada\" \/>\n<meta property=\"og:description\" content=\"D\u00e9couvrez un nouveau niveau de confort avec notre s\u00e9rie de chauffage ext\u00e9rieur Platinum Electric Marine. Certifi\u00e9s par Lloyds et con\u00e7us pour les environnements marins et c\u00f4tiers, ces chauffages \u00e9l\u00e8veront votre niveau de confort, que ce soit en mer ou \u00e0 la maison ! &nbsp;\" \/>\n<meta property=\"og:url\" content=\"https:\/\/www-bromic-ca.bromicpimstg.sites.hosting.454.agency\/fr-ca\/produit\/platine-smart-heat-electric-marine\/\" \/>\n<meta property=\"og:site_name\" content=\"Bromic Heating Canada\" \/>\n<meta property=\"article:modified_time\" content=\"2025-11-12T22:43:07+00:00\" \/>\n<meta property=\"og:image\" content=\"https:\/\/www-bromic-ca.bromicpimstg.sites.hosting.454.agency\/wp-content\/uploads\/sites\/3\/2025\/05\/Platinum.png\" \/>\n\t<meta property=\"og:image:width\" content=\"3375\" \/>\n\t<meta property=\"og:image:height\" content=\"3375\" \/>\n\t<meta property=\"og:image:type\" content=\"image\/png\" \/>\n<meta name=\"twitter:card\" content=\"summary_large_image\" \/>\n<meta name=\"twitter:label1\" content=\"Estimation du temps de lecture\" \/>\n\t<meta name=\"twitter:data1\" content=\"2 minutes\" \/>\n<script type=\"application\/ld+json\" class=\"yoast-schema-graph\">{\"@context\":\"https:\/\/schema.org\",\"@graph\":[{\"@type\":\"WebPage\",\"@id\":\"https:\/\/www-bromic-ca.bromicpimstg.sites.hosting.454.agency\/fr-ca\/produit\/platine-smart-heat-electric-marine\/\",\"url\":\"https:\/\/www-bromic-ca.bromicpimstg.sites.hosting.454.agency\/fr-ca\/produit\/platine-smart-heat-electric-marine\/\",\"name\":\"Platinum Smart-Heat\u2122 Electric Marine - Bromic Heating Canada\",\"isPartOf\":{\"@id\":\"https:\/\/www-bromic-ca.bromicpimstg.sites.hosting.454.agency\/fr-ca\/#website\"},\"primaryImageOfPage\":{\"@id\":\"https:\/\/www-bromic-ca.bromicpimstg.sites.hosting.454.agency\/fr-ca\/produit\/platine-smart-heat-electric-marine\/#primaryimage\"},\"image\":{\"@id\":\"https:\/\/www-bromic-ca.bromicpimstg.sites.hosting.454.agency\/fr-ca\/produit\/platine-smart-heat-electric-marine\/#primaryimage\"},\"thumbnailUrl\":\"https:\/\/www-bromic-ca.bromicpimstg.sites.hosting.454.agency\/wp-content\/uploads\/sites\/3\/2025\/05\/Platinum.png\",\"datePublished\":\"2021-08-05T09:30:57+00:00\",\"dateModified\":\"2025-11-12T22:43:07+00:00\",\"description\":\"D\u00e9couvrez un nouveau niveau de confort avec notre s\u00e9rie de chauffage ext\u00e9rieur Platinum Electric Marine. Certifi\u00e9s par Lloyds et con\u00e7us pour les environnements marins et c\u00f4tiers, ces chauffages \u00e9l\u00e8veront votre niveau de confort, que ce soit en mer ou \u00e0 la maison ! &nbsp;\",\"breadcrumb\":{\"@id\":\"https:\/\/www-bromic-ca.bromicpimstg.sites.hosting.454.agency\/fr-ca\/produit\/platine-smart-heat-electric-marine\/#breadcrumb\"},\"inLanguage\":\"fr-CA\",\"potentialAction\":[{\"@type\":\"ReadAction\",\"target\":[\"https:\/\/www-bromic-ca.bromicpimstg.sites.hosting.454.agency\/fr-ca\/produit\/platine-smart-heat-electric-marine\/\"]}]},{\"@type\":\"ImageObject\",\"inLanguage\":\"fr-CA\",\"@id\":\"https:\/\/www-bromic-ca.bromicpimstg.sites.hosting.454.agency\/fr-ca\/produit\/platine-smart-heat-electric-marine\/#primaryimage\",\"url\":\"https:\/\/www-bromic-ca.bromicpimstg.sites.hosting.454.agency\/wp-content\/uploads\/sites\/3\/2025\/05\/Platinum.png\",\"contentUrl\":\"https:\/\/www-bromic-ca.bromicpimstg.sites.hosting.454.agency\/wp-content\/uploads\/sites\/3\/2025\/05\/Platinum.png\",\"width\":3105,\"height\":3105},{\"@type\":\"BreadcrumbList\",\"@id\":\"https:\/\/www-bromic-ca.bromicpimstg.sites.hosting.454.agency\/fr-ca\/produit\/platine-smart-heat-electric-marine\/#breadcrumb\",\"itemListElement\":[{\"@type\":\"ListItem\",\"position\":1,\"name\":\"Home\",\"item\":\"https:\/\/www-bromic-ca.bromicpimstg.sites.hosting.454.agency\/fr-ca\/\"},{\"@type\":\"ListItem\",\"position\":2,\"name\":\"Products\",\"item\":\"https:\/\/www-bromic-ca.bromicpimstg.sites.hosting.454.agency\/products\/\"},{\"@type\":\"ListItem\",\"position\":3,\"name\":\"Platinum Smart-Heat\u2122 Electric Marine\"}]},{\"@type\":\"WebSite\",\"@id\":\"https:\/\/www-bromic-ca.bromicpimstg.sites.hosting.454.agency\/fr-ca\/#website\",\"url\":\"https:\/\/www-bromic-ca.bromicpimstg.sites.hosting.454.agency\/fr-ca\/\",\"name\":\"Bromic Heating Canada\",\"description\":\"\",\"publisher\":{\"@id\":\"https:\/\/www-bromic-ca.bromicpimstg.sites.hosting.454.agency\/fr-ca\/#organization\"},\"potentialAction\":[{\"@type\":\"SearchAction\",\"target\":{\"@type\":\"EntryPoint\",\"urlTemplate\":\"https:\/\/www-bromic-ca.bromicpimstg.sites.hosting.454.agency\/fr-ca\/?s={search_term_string}\"},\"query-input\":{\"@type\":\"PropertyValueSpecification\",\"valueRequired\":true,\"valueName\":\"search_term_string\"}}],\"inLanguage\":\"fr-CA\"},{\"@type\":\"Organization\",\"@id\":\"https:\/\/www-bromic-ca.bromicpimstg.sites.hosting.454.agency\/fr-ca\/#organization\",\"name\":\"Bromic Heating Canada\",\"url\":\"https:\/\/www-bromic-ca.bromicpimstg.sites.hosting.454.agency\/fr-ca\/\",\"logo\":{\"@type\":\"ImageObject\",\"inLanguage\":\"fr-CA\",\"@id\":\"https:\/\/www-bromic-ca.bromicpimstg.sites.hosting.454.agency\/fr-ca\/#\/schema\/logo\/image\/\",\"url\":\"https:\/\/www-bromic-ca.bromicpimstg.sites.hosting.454.agency\/wp-content\/uploads\/sites\/3\/2021\/09\/bromic-logo.png\",\"contentUrl\":\"https:\/\/www-bromic-ca.bromicpimstg.sites.hosting.454.agency\/wp-content\/uploads\/sites\/3\/2021\/09\/bromic-logo.png\",\"width\":1000,\"height\":342,\"caption\":\"Bromic Heating Canada\"},\"image\":{\"@id\":\"https:\/\/www-bromic-ca.bromicpimstg.sites.hosting.454.agency\/fr-ca\/#\/schema\/logo\/image\/\"}}]}<\/script>\n<!-- \/ Yoast SEO plugin. -->","yoast_head_json":{"title":"Platinum Smart-Heat\u2122 Electric Marine - Bromic Heating Canada","description":"D\u00e9couvrez un nouveau niveau de confort avec notre s\u00e9rie de chauffage ext\u00e9rieur Platinum Electric Marine. Certifi\u00e9s par Lloyds et con\u00e7us pour les environnements marins et c\u00f4tiers, ces chauffages \u00e9l\u00e8veront votre niveau de confort, que ce soit en mer ou \u00e0 la maison ! &nbsp;","robots":{"index":"index","follow":"follow","max-snippet":"max-snippet:-1","max-image-preview":"max-image-preview:large","max-video-preview":"max-video-preview:-1"},"canonical":"https:\/\/www-bromic-ca.bromicpimstg.sites.hosting.454.agency\/fr-ca\/produit\/platine-smart-heat-electric-marine\/","og_locale":"fr_CA","og_type":"article","og_title":"Platinum Smart-Heat\u2122 Electric Marine - Bromic Heating Canada","og_description":"D\u00e9couvrez un nouveau niveau de confort avec notre s\u00e9rie de chauffage ext\u00e9rieur Platinum Electric Marine. Certifi\u00e9s par Lloyds et con\u00e7us pour les environnements marins et c\u00f4tiers, ces chauffages \u00e9l\u00e8veront votre niveau de confort, que ce soit en mer ou \u00e0 la maison ! &nbsp;","og_url":"https:\/\/www-bromic-ca.bromicpimstg.sites.hosting.454.agency\/fr-ca\/produit\/platine-smart-heat-electric-marine\/","og_site_name":"Bromic Heating Canada","article_modified_time":"2025-11-12T22:43:07+00:00","og_image":[{"width":3375,"height":3375,"url":"https:\/\/www-bromic-ca.bromicpimstg.sites.hosting.454.agency\/wp-content\/uploads\/sites\/3\/2025\/05\/Platinum.png","type":"image\/png"}],"twitter_card":"summary_large_image","twitter_misc":{"Estimation du temps de lecture":"2 minutes"},"schema":{"@context":"https:\/\/schema.org","@graph":[{"@type":"WebPage","@id":"https:\/\/www-bromic-ca.bromicpimstg.sites.hosting.454.agency\/fr-ca\/produit\/platine-smart-heat-electric-marine\/","url":"https:\/\/www-bromic-ca.bromicpimstg.sites.hosting.454.agency\/fr-ca\/produit\/platine-smart-heat-electric-marine\/","name":"Platinum Smart-Heat\u2122 Electric Marine - Bromic Heating Canada","isPartOf":{"@id":"https:\/\/www-bromic-ca.bromicpimstg.sites.hosting.454.agency\/fr-ca\/#website"},"primaryImageOfPage":{"@id":"https:\/\/www-bromic-ca.bromicpimstg.sites.hosting.454.agency\/fr-ca\/produit\/platine-smart-heat-electric-marine\/#primaryimage"},"image":{"@id":"https:\/\/www-bromic-ca.bromicpimstg.sites.hosting.454.agency\/fr-ca\/produit\/platine-smart-heat-electric-marine\/#primaryimage"},"thumbnailUrl":"https:\/\/www-bromic-ca.bromicpimstg.sites.hosting.454.agency\/wp-content\/uploads\/sites\/3\/2025\/05\/Platinum.png","datePublished":"2021-08-05T09:30:57+00:00","dateModified":"2025-11-12T22:43:07+00:00","description":"D\u00e9couvrez un nouveau niveau de confort avec notre s\u00e9rie de chauffage ext\u00e9rieur Platinum Electric Marine. Certifi\u00e9s par Lloyds et con\u00e7us pour les environnements marins et c\u00f4tiers, ces chauffages \u00e9l\u00e8veront votre niveau de confort, que ce soit en mer ou \u00e0 la maison ! &nbsp;","breadcrumb":{"@id":"https:\/\/www-bromic-ca.bromicpimstg.sites.hosting.454.agency\/fr-ca\/produit\/platine-smart-heat-electric-marine\/#breadcrumb"},"inLanguage":"fr-CA","potentialAction":[{"@type":"ReadAction","target":["https:\/\/www-bromic-ca.bromicpimstg.sites.hosting.454.agency\/fr-ca\/produit\/platine-smart-heat-electric-marine\/"]}]},{"@type":"ImageObject","inLanguage":"fr-CA","@id":"https:\/\/www-bromic-ca.bromicpimstg.sites.hosting.454.agency\/fr-ca\/produit\/platine-smart-heat-electric-marine\/#primaryimage","url":"https:\/\/www-bromic-ca.bromicpimstg.sites.hosting.454.agency\/wp-content\/uploads\/sites\/3\/2025\/05\/Platinum.png","contentUrl":"https:\/\/www-bromic-ca.bromicpimstg.sites.hosting.454.agency\/wp-content\/uploads\/sites\/3\/2025\/05\/Platinum.png","width":3105,"height":3105},{"@type":"BreadcrumbList","@id":"https:\/\/www-bromic-ca.bromicpimstg.sites.hosting.454.agency\/fr-ca\/produit\/platine-smart-heat-electric-marine\/#breadcrumb","itemListElement":[{"@type":"ListItem","position":1,"name":"Home","item":"https:\/\/www-bromic-ca.bromicpimstg.sites.hosting.454.agency\/fr-ca\/"},{"@type":"ListItem","position":2,"name":"Products","item":"https:\/\/www-bromic-ca.bromicpimstg.sites.hosting.454.agency\/products\/"},{"@type":"ListItem","position":3,"name":"Platinum Smart-Heat\u2122 Electric Marine"}]},{"@type":"WebSite","@id":"https:\/\/www-bromic-ca.bromicpimstg.sites.hosting.454.agency\/fr-ca\/#website","url":"https:\/\/www-bromic-ca.bromicpimstg.sites.hosting.454.agency\/fr-ca\/","name":"Bromic Heating Canada","description":"","publisher":{"@id":"https:\/\/www-bromic-ca.bromicpimstg.sites.hosting.454.agency\/fr-ca\/#organization"},"potentialAction":[{"@type":"SearchAction","target":{"@type":"EntryPoint","urlTemplate":"https:\/\/www-bromic-ca.bromicpimstg.sites.hosting.454.agency\/fr-ca\/?s={search_term_string}"},"query-input":{"@type":"PropertyValueSpecification","valueRequired":true,"valueName":"search_term_string"}}],"inLanguage":"fr-CA"},{"@type":"Organization","@id":"https:\/\/www-bromic-ca.bromicpimstg.sites.hosting.454.agency\/fr-ca\/#organization","name":"Bromic Heating Canada","url":"https:\/\/www-bromic-ca.bromicpimstg.sites.hosting.454.agency\/fr-ca\/","logo":{"@type":"ImageObject","inLanguage":"fr-CA","@id":"https:\/\/www-bromic-ca.bromicpimstg.sites.hosting.454.agency\/fr-ca\/#\/schema\/logo\/image\/","url":"https:\/\/www-bromic-ca.bromicpimstg.sites.hosting.454.agency\/wp-content\/uploads\/sites\/3\/2021\/09\/bromic-logo.png","contentUrl":"https:\/\/www-bromic-ca.bromicpimstg.sites.hosting.454.agency\/wp-content\/uploads\/sites\/3\/2021\/09\/bromic-logo.png","width":1000,"height":342,"caption":"Bromic Heating Canada"},"image":{"@id":"https:\/\/www-bromic-ca.bromicpimstg.sites.hosting.454.agency\/fr-ca\/#\/schema\/logo\/image\/"}}]}},"_links":{"self":[{"href":"https:\/\/www-bromic-ca.bromicpimstg.sites.hosting.454.agency\/fr-ca\/wp-json\/wp\/v2\/product\/78289","targetHints":{"allow":["GET"]}}],"collection":[{"href":"https:\/\/www-bromic-ca.bromicpimstg.sites.hosting.454.agency\/fr-ca\/wp-json\/wp\/v2\/product"}],"about":[{"href":"https:\/\/www-bromic-ca.bromicpimstg.sites.hosting.454.agency\/fr-ca\/wp-json\/wp\/v2\/types\/product"}],"replies":[{"embeddable":true,"href":"https:\/\/www-bromic-ca.bromicpimstg.sites.hosting.454.agency\/fr-ca\/wp-json\/wp\/v2\/comments?post=78289"}],"wp:featuredmedia":[{"embeddable":true,"href":"https:\/\/www-bromic-ca.bromicpimstg.sites.hosting.454.agency\/fr-ca\/wp-json\/wp\/v2\/media\/76960"}],"wp:attachment":[{"href":"https:\/\/www-bromic-ca.bromicpimstg.sites.hosting.454.agency\/fr-ca\/wp-json\/wp\/v2\/media?parent=78289"}],"wp:term":[{"taxonomy":"product_brand","embeddable":true,"href":"https:\/\/www-bromic-ca.bromicpimstg.sites.hosting.454.agency\/fr-ca\/wp-json\/wp\/v2\/product_brand?post=78289"},{"taxonomy":"product_cat","embeddable":true,"href":"https:\/\/www-bromic-ca.bromicpimstg.sites.hosting.454.agency\/fr-ca\/wp-json\/wp\/v2\/product_cat?post=78289"},{"taxonomy":"product_tag","embeddable":true,"href":"https:\/\/www-bromic-ca.bromicpimstg.sites.hosting.454.agency\/fr-ca\/wp-json\/wp\/v2\/product_tag?post=78289"}],"curies":[{"name":"wp","href":"https:\/\/api.w.org\/{rel}","templated":true}]}}