{"id":78290,"date":"2021-07-22T16:48:55","date_gmt":"2021-07-23T00:48:55","guid":{"rendered":"https:\/\/www-bromic-ca.bromicpimstg.sites.hosting.454.agency\/product\/platinum-smart-heat-electrique\/"},"modified":"2025-11-12T14:40:30","modified_gmt":"2025-11-12T22:40:30","slug":"platinum-smart-heat-electrique","status":"publish","type":"product","link":"https:\/\/www-bromic-ca.bromicpimstg.sites.hosting.454.agency\/fr-ca\/produit\/platinum-smart-heat-electrique\/","title":{"rendered":"Platinum Smart-Heat\u2122 Electric"},"content":{"rendered":"<p>Vous recherchez un radiateur qui offre la technologie de chauffage la plus efficace, un design prim\u00e9 et tr\u00e8s peu d&rsquo;\u00e9mission de lumi\u00e8re ? Ne cherchez plus. Avec son ch\u00e2ssis en acier inoxydable 304 ultramince et de haute qualit\u00e9 et ses \u00e9crans Schott en vitroc\u00e9ramique teint\u00e9e, le radiateur Platinum Smart-Heat\u2122 Electric prim\u00e9 se fond presque dans l\u2019environnement tout en offrant une puissance de chaleur rayonnante de premier plan qui vous r\u00e9chauffera vous, et non l\u2019air, \u00e0 l\u2019instar du soleil.<\/p>\n<p>Disponible en noir et blanc et en trois formats (2300W, 3400W et 4500W), cet appareil de chauffage haut de gamme a \u00e9t\u00e9 sp\u00e9cialement con\u00e7u pour les espaces semi-clos \u00e0 faible d\u00e9gagement et peut \u00eatre mont\u00e9 avec des exigences de d\u00e9gagement minimales.<\/p>\n","protected":false},"excerpt":{"rendered":"<p>Le nec plus ultra en mati\u00e8re de design \u00e9pur\u00e9 et harmonieux. La s\u00e9rie prim\u00e9e de radiateurs Platinum Smart-Heat\u2122 Electric est sp\u00e9cialement con\u00e7ue pour se fondre parfaitement dans les espaces \u00e0 faible d\u00e9gagement et ax\u00e9s sur le design. Disponible en noir ou blanc avec trois options d\u2019alimentation et un large \u00e9ventail d\u2019options de montage au plafond, au mur et encastr\u00e9.<\/p>\n","protected":false},"featured_media":76960,"comment_status":"closed","ping_status":"closed","template":"","meta":{"_acf_changed":false},"product_brand":[],"product_cat":[5377,5378],"product_tag":[],"class_list":{"0":"post-78290","1":"product","2":"type-product","3":"status-publish","4":"has-post-thumbnail","6":"product-color-noir-fr-ca","7":"product_cat-chauffe-terrasse-fr-ca","8":"product_cat-commandes-fr-ca","10":"first","11":"outofstock","12":"shipping-taxable","13":"product-type-variable"},"acf":[],"yoast_head":"<!-- This site is optimized with the Yoast SEO plugin v26.1.1 - https:\/\/yoast.com\/wordpress\/plugins\/seo\/ -->\n<title>Bromic Heating Canada - Platinum Smart-Heat\u2122 Electric<\/title>\n<meta name=\"description\" content=\"The award-winning Platinum Smart-Heat\u2122 Electric virtually disappears into its surroundings while delivering market-leading radiant heat output that will warm you and not the air \u2013 just like the sun.\" \/>\n<meta name=\"robots\" content=\"index, follow, max-snippet:-1, max-image-preview:large, max-video-preview:-1\" \/>\n<link rel=\"canonical\" href=\"https:\/\/www-bromic-ca.bromicpimstg.sites.hosting.454.agency\/fr-ca\/produit\/platinum-smart-heat-electrique\/\" \/>\n<meta property=\"og:locale\" content=\"fr_CA\" \/>\n<meta property=\"og:type\" content=\"article\" \/>\n<meta property=\"og:title\" content=\"Bromic Heating Canada - Platinum Smart-Heat\u2122 Electric\" \/>\n<meta property=\"og:description\" content=\"The award-winning Platinum Smart-Heat\u2122 Electric virtually disappears into its surroundings while delivering market-leading radiant heat output that will warm you and not the air \u2013 just like the sun.\" \/>\n<meta property=\"og:url\" content=\"https:\/\/www-bromic-ca.bromicpimstg.sites.hosting.454.agency\/fr-ca\/produit\/platinum-smart-heat-electrique\/\" \/>\n<meta property=\"og:site_name\" content=\"Bromic Heating Canada\" \/>\n<meta property=\"article:modified_time\" content=\"2025-11-12T22:40:30+00:00\" \/>\n<meta property=\"og:image\" content=\"https:\/\/www-bromic-ca.bromicpimstg.sites.hosting.454.agency\/wp-content\/uploads\/sites\/3\/2025\/05\/Platinum.png\" \/>\n\t<meta property=\"og:image:width\" content=\"3375\" \/>\n\t<meta property=\"og:image:height\" content=\"3375\" \/>\n\t<meta property=\"og:image:type\" content=\"image\/png\" \/>\n<meta name=\"twitter:card\" content=\"summary_large_image\" \/>\n<meta name=\"twitter:label1\" content=\"Estimation du temps de lecture\" \/>\n\t<meta name=\"twitter:data1\" content=\"1 minute\" \/>\n<script type=\"application\/ld+json\" class=\"yoast-schema-graph\">{\"@context\":\"https:\/\/schema.org\",\"@graph\":[{\"@type\":\"WebPage\",\"@id\":\"https:\/\/www-bromic-ca.bromicpimstg.sites.hosting.454.agency\/fr-ca\/produit\/platinum-smart-heat-electrique\/\",\"url\":\"https:\/\/www-bromic-ca.bromicpimstg.sites.hosting.454.agency\/fr-ca\/produit\/platinum-smart-heat-electrique\/\",\"name\":\"Bromic Heating Canada - Platinum Smart-Heat\u2122 Electric\",\"isPartOf\":{\"@id\":\"https:\/\/www-bromic-ca.bromicpimstg.sites.hosting.454.agency\/fr-ca\/#website\"},\"primaryImageOfPage\":{\"@id\":\"https:\/\/www-bromic-ca.bromicpimstg.sites.hosting.454.agency\/fr-ca\/produit\/platinum-smart-heat-electrique\/#primaryimage\"},\"image\":{\"@id\":\"https:\/\/www-bromic-ca.bromicpimstg.sites.hosting.454.agency\/fr-ca\/produit\/platinum-smart-heat-electrique\/#primaryimage\"},\"thumbnailUrl\":\"https:\/\/www-bromic-ca.bromicpimstg.sites.hosting.454.agency\/wp-content\/uploads\/sites\/3\/2025\/05\/Platinum.png\",\"datePublished\":\"2021-07-23T00:48:55+00:00\",\"dateModified\":\"2025-11-12T22:40:30+00:00\",\"description\":\"The award-winning Platinum Smart-Heat\u2122 Electric virtually disappears into its surroundings while delivering market-leading radiant heat output that will warm you and not the air \u2013 just like the sun.\",\"breadcrumb\":{\"@id\":\"https:\/\/www-bromic-ca.bromicpimstg.sites.hosting.454.agency\/fr-ca\/produit\/platinum-smart-heat-electrique\/#breadcrumb\"},\"inLanguage\":\"fr-CA\",\"potentialAction\":[{\"@type\":\"ReadAction\",\"target\":[\"https:\/\/www-bromic-ca.bromicpimstg.sites.hosting.454.agency\/fr-ca\/produit\/platinum-smart-heat-electrique\/\"]}]},{\"@type\":\"ImageObject\",\"inLanguage\":\"fr-CA\",\"@id\":\"https:\/\/www-bromic-ca.bromicpimstg.sites.hosting.454.agency\/fr-ca\/produit\/platinum-smart-heat-electrique\/#primaryimage\",\"url\":\"https:\/\/www-bromic-ca.bromicpimstg.sites.hosting.454.agency\/wp-content\/uploads\/sites\/3\/2025\/05\/Platinum.png\",\"contentUrl\":\"https:\/\/www-bromic-ca.bromicpimstg.sites.hosting.454.agency\/wp-content\/uploads\/sites\/3\/2025\/05\/Platinum.png\",\"width\":3105,\"height\":3105},{\"@type\":\"BreadcrumbList\",\"@id\":\"https:\/\/www-bromic-ca.bromicpimstg.sites.hosting.454.agency\/fr-ca\/produit\/platinum-smart-heat-electrique\/#breadcrumb\",\"itemListElement\":[{\"@type\":\"ListItem\",\"position\":1,\"name\":\"Home\",\"item\":\"https:\/\/www-bromic-ca.bromicpimstg.sites.hosting.454.agency\/fr-ca\/\"},{\"@type\":\"ListItem\",\"position\":2,\"name\":\"Products\",\"item\":\"https:\/\/www-bromic-ca.bromicpimstg.sites.hosting.454.agency\/products\/\"},{\"@type\":\"ListItem\",\"position\":3,\"name\":\"Platinum Smart-Heat\u2122 Electric\"}]},{\"@type\":\"WebSite\",\"@id\":\"https:\/\/www-bromic-ca.bromicpimstg.sites.hosting.454.agency\/fr-ca\/#website\",\"url\":\"https:\/\/www-bromic-ca.bromicpimstg.sites.hosting.454.agency\/fr-ca\/\",\"name\":\"Bromic Heating Canada\",\"description\":\"\",\"publisher\":{\"@id\":\"https:\/\/www-bromic-ca.bromicpimstg.sites.hosting.454.agency\/fr-ca\/#organization\"},\"potentialAction\":[{\"@type\":\"SearchAction\",\"target\":{\"@type\":\"EntryPoint\",\"urlTemplate\":\"https:\/\/www-bromic-ca.bromicpimstg.sites.hosting.454.agency\/fr-ca\/?s={search_term_string}\"},\"query-input\":{\"@type\":\"PropertyValueSpecification\",\"valueRequired\":true,\"valueName\":\"search_term_string\"}}],\"inLanguage\":\"fr-CA\"},{\"@type\":\"Organization\",\"@id\":\"https:\/\/www-bromic-ca.bromicpimstg.sites.hosting.454.agency\/fr-ca\/#organization\",\"name\":\"Bromic Heating Canada\",\"url\":\"https:\/\/www-bromic-ca.bromicpimstg.sites.hosting.454.agency\/fr-ca\/\",\"logo\":{\"@type\":\"ImageObject\",\"inLanguage\":\"fr-CA\",\"@id\":\"https:\/\/www-bromic-ca.bromicpimstg.sites.hosting.454.agency\/fr-ca\/#\/schema\/logo\/image\/\",\"url\":\"https:\/\/www-bromic-ca.bromicpimstg.sites.hosting.454.agency\/wp-content\/uploads\/sites\/3\/2021\/09\/bromic-logo.png\",\"contentUrl\":\"https:\/\/www-bromic-ca.bromicpimstg.sites.hosting.454.agency\/wp-content\/uploads\/sites\/3\/2021\/09\/bromic-logo.png\",\"width\":1000,\"height\":342,\"caption\":\"Bromic Heating Canada\"},\"image\":{\"@id\":\"https:\/\/www-bromic-ca.bromicpimstg.sites.hosting.454.agency\/fr-ca\/#\/schema\/logo\/image\/\"}}]}<\/script>\n<!-- \/ Yoast SEO plugin. -->","yoast_head_json":{"title":"Bromic Heating Canada - Platinum Smart-Heat\u2122 Electric","description":"The award-winning Platinum Smart-Heat\u2122 Electric virtually disappears into its surroundings while delivering market-leading radiant heat output that will warm you and not the air \u2013 just like the sun.","robots":{"index":"index","follow":"follow","max-snippet":"max-snippet:-1","max-image-preview":"max-image-preview:large","max-video-preview":"max-video-preview:-1"},"canonical":"https:\/\/www-bromic-ca.bromicpimstg.sites.hosting.454.agency\/fr-ca\/produit\/platinum-smart-heat-electrique\/","og_locale":"fr_CA","og_type":"article","og_title":"Bromic Heating Canada - Platinum Smart-Heat\u2122 Electric","og_description":"The award-winning Platinum Smart-Heat\u2122 Electric virtually disappears into its surroundings while delivering market-leading radiant heat output that will warm you and not the air \u2013 just like the sun.","og_url":"https:\/\/www-bromic-ca.bromicpimstg.sites.hosting.454.agency\/fr-ca\/produit\/platinum-smart-heat-electrique\/","og_site_name":"Bromic Heating Canada","article_modified_time":"2025-11-12T22:40:30+00:00","og_image":[{"width":3375,"height":3375,"url":"https:\/\/www-bromic-ca.bromicpimstg.sites.hosting.454.agency\/wp-content\/uploads\/sites\/3\/2025\/05\/Platinum.png","type":"image\/png"}],"twitter_card":"summary_large_image","twitter_misc":{"Estimation du temps de lecture":"1 minute"},"schema":{"@context":"https:\/\/schema.org","@graph":[{"@type":"WebPage","@id":"https:\/\/www-bromic-ca.bromicpimstg.sites.hosting.454.agency\/fr-ca\/produit\/platinum-smart-heat-electrique\/","url":"https:\/\/www-bromic-ca.bromicpimstg.sites.hosting.454.agency\/fr-ca\/produit\/platinum-smart-heat-electrique\/","name":"Bromic Heating Canada - Platinum Smart-Heat\u2122 Electric","isPartOf":{"@id":"https:\/\/www-bromic-ca.bromicpimstg.sites.hosting.454.agency\/fr-ca\/#website"},"primaryImageOfPage":{"@id":"https:\/\/www-bromic-ca.bromicpimstg.sites.hosting.454.agency\/fr-ca\/produit\/platinum-smart-heat-electrique\/#primaryimage"},"image":{"@id":"https:\/\/www-bromic-ca.bromicpimstg.sites.hosting.454.agency\/fr-ca\/produit\/platinum-smart-heat-electrique\/#primaryimage"},"thumbnailUrl":"https:\/\/www-bromic-ca.bromicpimstg.sites.hosting.454.agency\/wp-content\/uploads\/sites\/3\/2025\/05\/Platinum.png","datePublished":"2021-07-23T00:48:55+00:00","dateModified":"2025-11-12T22:40:30+00:00","description":"The award-winning Platinum Smart-Heat\u2122 Electric virtually disappears into its surroundings while delivering market-leading radiant heat output that will warm you and not the air \u2013 just like the sun.","breadcrumb":{"@id":"https:\/\/www-bromic-ca.bromicpimstg.sites.hosting.454.agency\/fr-ca\/produit\/platinum-smart-heat-electrique\/#breadcrumb"},"inLanguage":"fr-CA","potentialAction":[{"@type":"ReadAction","target":["https:\/\/www-bromic-ca.bromicpimstg.sites.hosting.454.agency\/fr-ca\/produit\/platinum-smart-heat-electrique\/"]}]},{"@type":"ImageObject","inLanguage":"fr-CA","@id":"https:\/\/www-bromic-ca.bromicpimstg.sites.hosting.454.agency\/fr-ca\/produit\/platinum-smart-heat-electrique\/#primaryimage","url":"https:\/\/www-bromic-ca.bromicpimstg.sites.hosting.454.agency\/wp-content\/uploads\/sites\/3\/2025\/05\/Platinum.png","contentUrl":"https:\/\/www-bromic-ca.bromicpimstg.sites.hosting.454.agency\/wp-content\/uploads\/sites\/3\/2025\/05\/Platinum.png","width":3105,"height":3105},{"@type":"BreadcrumbList","@id":"https:\/\/www-bromic-ca.bromicpimstg.sites.hosting.454.agency\/fr-ca\/produit\/platinum-smart-heat-electrique\/#breadcrumb","itemListElement":[{"@type":"ListItem","position":1,"name":"Home","item":"https:\/\/www-bromic-ca.bromicpimstg.sites.hosting.454.agency\/fr-ca\/"},{"@type":"ListItem","position":2,"name":"Products","item":"https:\/\/www-bromic-ca.bromicpimstg.sites.hosting.454.agency\/products\/"},{"@type":"ListItem","position":3,"name":"Platinum Smart-Heat\u2122 Electric"}]},{"@type":"WebSite","@id":"https:\/\/www-bromic-ca.bromicpimstg.sites.hosting.454.agency\/fr-ca\/#website","url":"https:\/\/www-bromic-ca.bromicpimstg.sites.hosting.454.agency\/fr-ca\/","name":"Bromic Heating Canada","description":"","publisher":{"@id":"https:\/\/www-bromic-ca.bromicpimstg.sites.hosting.454.agency\/fr-ca\/#organization"},"potentialAction":[{"@type":"SearchAction","target":{"@type":"EntryPoint","urlTemplate":"https:\/\/www-bromic-ca.bromicpimstg.sites.hosting.454.agency\/fr-ca\/?s={search_term_string}"},"query-input":{"@type":"PropertyValueSpecification","valueRequired":true,"valueName":"search_term_string"}}],"inLanguage":"fr-CA"},{"@type":"Organization","@id":"https:\/\/www-bromic-ca.bromicpimstg.sites.hosting.454.agency\/fr-ca\/#organization","name":"Bromic Heating Canada","url":"https:\/\/www-bromic-ca.bromicpimstg.sites.hosting.454.agency\/fr-ca\/","logo":{"@type":"ImageObject","inLanguage":"fr-CA","@id":"https:\/\/www-bromic-ca.bromicpimstg.sites.hosting.454.agency\/fr-ca\/#\/schema\/logo\/image\/","url":"https:\/\/www-bromic-ca.bromicpimstg.sites.hosting.454.agency\/wp-content\/uploads\/sites\/3\/2021\/09\/bromic-logo.png","contentUrl":"https:\/\/www-bromic-ca.bromicpimstg.sites.hosting.454.agency\/wp-content\/uploads\/sites\/3\/2021\/09\/bromic-logo.png","width":1000,"height":342,"caption":"Bromic Heating Canada"},"image":{"@id":"https:\/\/www-bromic-ca.bromicpimstg.sites.hosting.454.agency\/fr-ca\/#\/schema\/logo\/image\/"}}]}},"_links":{"self":[{"href":"https:\/\/www-bromic-ca.bromicpimstg.sites.hosting.454.agency\/fr-ca\/wp-json\/wp\/v2\/product\/78290","targetHints":{"allow":["GET"]}}],"collection":[{"href":"https:\/\/www-bromic-ca.bromicpimstg.sites.hosting.454.agency\/fr-ca\/wp-json\/wp\/v2\/product"}],"about":[{"href":"https:\/\/www-bromic-ca.bromicpimstg.sites.hosting.454.agency\/fr-ca\/wp-json\/wp\/v2\/types\/product"}],"replies":[{"embeddable":true,"href":"https:\/\/www-bromic-ca.bromicpimstg.sites.hosting.454.agency\/fr-ca\/wp-json\/wp\/v2\/comments?post=78290"}],"wp:featuredmedia":[{"embeddable":true,"href":"https:\/\/www-bromic-ca.bromicpimstg.sites.hosting.454.agency\/fr-ca\/wp-json\/wp\/v2\/media\/76960"}],"wp:attachment":[{"href":"https:\/\/www-bromic-ca.bromicpimstg.sites.hosting.454.agency\/fr-ca\/wp-json\/wp\/v2\/media?parent=78290"}],"wp:term":[{"taxonomy":"product_brand","embeddable":true,"href":"https:\/\/www-bromic-ca.bromicpimstg.sites.hosting.454.agency\/fr-ca\/wp-json\/wp\/v2\/product_brand?post=78290"},{"taxonomy":"product_cat","embeddable":true,"href":"https:\/\/www-bromic-ca.bromicpimstg.sites.hosting.454.agency\/fr-ca\/wp-json\/wp\/v2\/product_cat?post=78290"},{"taxonomy":"product_tag","embeddable":true,"href":"https:\/\/www-bromic-ca.bromicpimstg.sites.hosting.454.agency\/fr-ca\/wp-json\/wp\/v2\/product_tag?post=78290"}],"curies":[{"name":"wp","href":"https:\/\/api.w.org\/{rel}","templated":true}]}}