{"id":78313,"date":"2021-10-04T13:10:03","date_gmt":"2021-10-04T21:10:03","guid":{"rendered":"https:\/\/www-bromic-ca.bromicpimstg.sites.hosting.454.agency\/product\/eclipse-smart-heat-portable\/"},"modified":"2025-11-12T14:36:03","modified_gmt":"2025-11-12T22:36:03","slug":"eclipse-smart-heat-portable","status":"publish","type":"product","link":"https:\/\/www-bromic-ca.bromicpimstg.sites.hosting.454.agency\/fr-ca\/produit\/eclipse-smart-heat-portable\/","title":{"rendered":"Eclipse Smart-Heat\u2122 Portable"},"content":{"rendered":"<p>L&rsquo;Eclipse Smart-Heat Portable est un puissant chauffage \u00e9lectrique d&rsquo;ext\u00e9rieur qui apporte une chaleur rayonnante, de la lumi\u00e8re et du style aux espaces ext\u00e9rieurs ax\u00e9s sur le design. Ce chauffage d&rsquo;ext\u00e9rieur \u00e9lectrique portable int\u00e8gre des technologies de transfert de chaleur r\u00e9volutionnaires qui permettent d&rsquo;obtenir un chauffage d&rsquo;ext\u00e9rieur \u00e0 haut rendement et une unit\u00e9 d&rsquo;\u00e9clairage LED \u00e0 gradation avec une esth\u00e9tique minimaliste, mais frappante.<\/p>\n<p>L&rsquo;Eclipse Smart-Heat Portable est livr\u00e9 avec notre contr\u00f4leur de gradateur Eclipse et une t\u00e9l\u00e9commande sans fil, de sorte que vous pouvez rapidement r\u00e9gler la puissance de la chaleur et faire varier progressivement l&rsquo;intensit\u00e9 des lumi\u00e8res pour atteindre le niveau de confort requis dans n&rsquo;importe quelle situation.<\/p>\n<p>&nbsp;<\/p>\n<p>&nbsp;<\/p>\n","protected":false},"excerpt":{"rendered":"<p>Tamisez les lumi\u00e8res et augmentez la chaleur avec notre chauffage \u00e9lectrique portable Eclipse Smart-Heat\u2122. Dot\u00e9 d&rsquo;un design saisissant et \u00e9l\u00e9gant, ce puissant appareil de chauffage apportera \u00e0 la fois chaleur et lumi\u00e8re aux espaces ext\u00e9rieurs ax\u00e9s sur le design.<\/p>\n<p>&nbsp;<\/p>\n","protected":false},"featured_media":77192,"comment_status":"closed","ping_status":"closed","template":"","meta":{"_acf_changed":false},"product_brand":[],"product_cat":[5377,5378],"product_tag":[],"class_list":{"0":"post-78313","1":"product","2":"type-product","3":"status-publish","4":"has-post-thumbnail","6":"product-install-type-monte-au-plafond-fr-ca","7":"product_cat-chauffe-terrasse-fr-ca","8":"product_cat-commandes-fr-ca","10":"first","11":"instock","12":"shipping-taxable","13":"product-type-simple"},"acf":[],"yoast_head":"<!-- This site is optimized with the Yoast SEO plugin v26.1.1 - https:\/\/yoast.com\/wordpress\/plugins\/seo\/ -->\n<title>Eclipse Smart-Heat\u2122 Portable - Bromic Heating Canada<\/title>\n<meta name=\"description\" content=\"Tamisez les lumi\u00e8res et augmentez la chaleur avec notre chauffage \u00e9lectrique portable Eclipse Smart-Heat\u2122. Dot\u00e9 d&#039;un design saisissant et \u00e9l\u00e9gant, ce puissant appareil de chauffage apportera \u00e0 la fois chaleur et lumi\u00e8re aux espaces ext\u00e9rieurs ax\u00e9s sur le design.  &nbsp;\" \/>\n<meta name=\"robots\" content=\"index, follow, max-snippet:-1, max-image-preview:large, max-video-preview:-1\" \/>\n<link rel=\"canonical\" href=\"https:\/\/www-bromic-ca.bromicpimstg.sites.hosting.454.agency\/fr-ca\/produit\/eclipse-smart-heat-portable\/\" \/>\n<meta property=\"og:locale\" content=\"fr_CA\" \/>\n<meta property=\"og:type\" content=\"article\" \/>\n<meta property=\"og:title\" content=\"Eclipse Smart-Heat\u2122 Portable - Bromic Heating Canada\" \/>\n<meta property=\"og:description\" content=\"Tamisez les lumi\u00e8res et augmentez la chaleur avec notre chauffage \u00e9lectrique portable Eclipse Smart-Heat\u2122. Dot\u00e9 d&#039;un design saisissant et \u00e9l\u00e9gant, ce puissant appareil de chauffage apportera \u00e0 la fois chaleur et lumi\u00e8re aux espaces ext\u00e9rieurs ax\u00e9s sur le design.  &nbsp;\" \/>\n<meta property=\"og:url\" content=\"https:\/\/www-bromic-ca.bromicpimstg.sites.hosting.454.agency\/fr-ca\/produit\/eclipse-smart-heat-portable\/\" \/>\n<meta property=\"og:site_name\" content=\"Bromic Heating Canada\" \/>\n<meta property=\"article:modified_time\" content=\"2025-11-12T22:36:03+00:00\" \/>\n<meta property=\"og:image\" content=\"https:\/\/www-bromic-ca.bromicpimstg.sites.hosting.454.agency\/wp-content\/uploads\/sites\/3\/2025\/05\/Eclipse-Portable.png\" \/>\n\t<meta property=\"og:image:width\" content=\"3375\" \/>\n\t<meta property=\"og:image:height\" content=\"3375\" \/>\n\t<meta property=\"og:image:type\" content=\"image\/png\" \/>\n<meta name=\"twitter:card\" content=\"summary_large_image\" \/>\n<meta name=\"twitter:label1\" content=\"Estimation du temps de lecture\" \/>\n\t<meta name=\"twitter:data1\" content=\"1 minute\" \/>\n<script type=\"application\/ld+json\" class=\"yoast-schema-graph\">{\"@context\":\"https:\/\/schema.org\",\"@graph\":[{\"@type\":\"WebPage\",\"@id\":\"https:\/\/www-bromic-ca.bromicpimstg.sites.hosting.454.agency\/fr-ca\/produit\/eclipse-smart-heat-portable\/\",\"url\":\"https:\/\/www-bromic-ca.bromicpimstg.sites.hosting.454.agency\/fr-ca\/produit\/eclipse-smart-heat-portable\/\",\"name\":\"Eclipse Smart-Heat\u2122 Portable - Bromic Heating Canada\",\"isPartOf\":{\"@id\":\"https:\/\/www-bromic-ca.bromicpimstg.sites.hosting.454.agency\/fr-ca\/#website\"},\"primaryImageOfPage\":{\"@id\":\"https:\/\/www-bromic-ca.bromicpimstg.sites.hosting.454.agency\/fr-ca\/produit\/eclipse-smart-heat-portable\/#primaryimage\"},\"image\":{\"@id\":\"https:\/\/www-bromic-ca.bromicpimstg.sites.hosting.454.agency\/fr-ca\/produit\/eclipse-smart-heat-portable\/#primaryimage\"},\"thumbnailUrl\":\"https:\/\/www-bromic-ca.bromicpimstg.sites.hosting.454.agency\/wp-content\/uploads\/sites\/3\/2025\/05\/Eclipse-Portable.png\",\"datePublished\":\"2021-10-04T21:10:03+00:00\",\"dateModified\":\"2025-11-12T22:36:03+00:00\",\"description\":\"Tamisez les lumi\u00e8res et augmentez la chaleur avec notre chauffage \u00e9lectrique portable Eclipse Smart-Heat\u2122. Dot\u00e9 d'un design saisissant et \u00e9l\u00e9gant, ce puissant appareil de chauffage apportera \u00e0 la fois chaleur et lumi\u00e8re aux espaces ext\u00e9rieurs ax\u00e9s sur le design. &nbsp;\",\"breadcrumb\":{\"@id\":\"https:\/\/www-bromic-ca.bromicpimstg.sites.hosting.454.agency\/fr-ca\/produit\/eclipse-smart-heat-portable\/#breadcrumb\"},\"inLanguage\":\"fr-CA\",\"potentialAction\":[{\"@type\":\"ReadAction\",\"target\":[\"https:\/\/www-bromic-ca.bromicpimstg.sites.hosting.454.agency\/fr-ca\/produit\/eclipse-smart-heat-portable\/\"]}]},{\"@type\":\"ImageObject\",\"inLanguage\":\"fr-CA\",\"@id\":\"https:\/\/www-bromic-ca.bromicpimstg.sites.hosting.454.agency\/fr-ca\/produit\/eclipse-smart-heat-portable\/#primaryimage\",\"url\":\"https:\/\/www-bromic-ca.bromicpimstg.sites.hosting.454.agency\/wp-content\/uploads\/sites\/3\/2025\/05\/Eclipse-Portable.png\",\"contentUrl\":\"https:\/\/www-bromic-ca.bromicpimstg.sites.hosting.454.agency\/wp-content\/uploads\/sites\/3\/2025\/05\/Eclipse-Portable.png\",\"width\":3375,\"height\":3375},{\"@type\":\"BreadcrumbList\",\"@id\":\"https:\/\/www-bromic-ca.bromicpimstg.sites.hosting.454.agency\/fr-ca\/produit\/eclipse-smart-heat-portable\/#breadcrumb\",\"itemListElement\":[{\"@type\":\"ListItem\",\"position\":1,\"name\":\"Home\",\"item\":\"https:\/\/www-bromic-ca.bromicpimstg.sites.hosting.454.agency\/fr-ca\/\"},{\"@type\":\"ListItem\",\"position\":2,\"name\":\"Products\",\"item\":\"https:\/\/www-bromic-ca.bromicpimstg.sites.hosting.454.agency\/products\/\"},{\"@type\":\"ListItem\",\"position\":3,\"name\":\"Eclipse Smart-Heat\u2122 Portable\"}]},{\"@type\":\"WebSite\",\"@id\":\"https:\/\/www-bromic-ca.bromicpimstg.sites.hosting.454.agency\/fr-ca\/#website\",\"url\":\"https:\/\/www-bromic-ca.bromicpimstg.sites.hosting.454.agency\/fr-ca\/\",\"name\":\"Bromic Heating Canada\",\"description\":\"\",\"publisher\":{\"@id\":\"https:\/\/www-bromic-ca.bromicpimstg.sites.hosting.454.agency\/fr-ca\/#organization\"},\"potentialAction\":[{\"@type\":\"SearchAction\",\"target\":{\"@type\":\"EntryPoint\",\"urlTemplate\":\"https:\/\/www-bromic-ca.bromicpimstg.sites.hosting.454.agency\/fr-ca\/?s={search_term_string}\"},\"query-input\":{\"@type\":\"PropertyValueSpecification\",\"valueRequired\":true,\"valueName\":\"search_term_string\"}}],\"inLanguage\":\"fr-CA\"},{\"@type\":\"Organization\",\"@id\":\"https:\/\/www-bromic-ca.bromicpimstg.sites.hosting.454.agency\/fr-ca\/#organization\",\"name\":\"Bromic Heating Canada\",\"url\":\"https:\/\/www-bromic-ca.bromicpimstg.sites.hosting.454.agency\/fr-ca\/\",\"logo\":{\"@type\":\"ImageObject\",\"inLanguage\":\"fr-CA\",\"@id\":\"https:\/\/www-bromic-ca.bromicpimstg.sites.hosting.454.agency\/fr-ca\/#\/schema\/logo\/image\/\",\"url\":\"https:\/\/www-bromic-ca.bromicpimstg.sites.hosting.454.agency\/wp-content\/uploads\/sites\/3\/2021\/09\/bromic-logo.png\",\"contentUrl\":\"https:\/\/www-bromic-ca.bromicpimstg.sites.hosting.454.agency\/wp-content\/uploads\/sites\/3\/2021\/09\/bromic-logo.png\",\"width\":1000,\"height\":342,\"caption\":\"Bromic Heating Canada\"},\"image\":{\"@id\":\"https:\/\/www-bromic-ca.bromicpimstg.sites.hosting.454.agency\/fr-ca\/#\/schema\/logo\/image\/\"}}]}<\/script>\n<!-- \/ Yoast SEO plugin. -->","yoast_head_json":{"title":"Eclipse Smart-Heat\u2122 Portable - Bromic Heating Canada","description":"Tamisez les lumi\u00e8res et augmentez la chaleur avec notre chauffage \u00e9lectrique portable Eclipse Smart-Heat\u2122. Dot\u00e9 d'un design saisissant et \u00e9l\u00e9gant, ce puissant appareil de chauffage apportera \u00e0 la fois chaleur et lumi\u00e8re aux espaces ext\u00e9rieurs ax\u00e9s sur le design.  &nbsp;","robots":{"index":"index","follow":"follow","max-snippet":"max-snippet:-1","max-image-preview":"max-image-preview:large","max-video-preview":"max-video-preview:-1"},"canonical":"https:\/\/www-bromic-ca.bromicpimstg.sites.hosting.454.agency\/fr-ca\/produit\/eclipse-smart-heat-portable\/","og_locale":"fr_CA","og_type":"article","og_title":"Eclipse Smart-Heat\u2122 Portable - Bromic Heating Canada","og_description":"Tamisez les lumi\u00e8res et augmentez la chaleur avec notre chauffage \u00e9lectrique portable Eclipse Smart-Heat\u2122. Dot\u00e9 d'un design saisissant et \u00e9l\u00e9gant, ce puissant appareil de chauffage apportera \u00e0 la fois chaleur et lumi\u00e8re aux espaces ext\u00e9rieurs ax\u00e9s sur le design.  &nbsp;","og_url":"https:\/\/www-bromic-ca.bromicpimstg.sites.hosting.454.agency\/fr-ca\/produit\/eclipse-smart-heat-portable\/","og_site_name":"Bromic Heating Canada","article_modified_time":"2025-11-12T22:36:03+00:00","og_image":[{"width":3375,"height":3375,"url":"https:\/\/www-bromic-ca.bromicpimstg.sites.hosting.454.agency\/wp-content\/uploads\/sites\/3\/2025\/05\/Eclipse-Portable.png","type":"image\/png"}],"twitter_card":"summary_large_image","twitter_misc":{"Estimation du temps de lecture":"1 minute"},"schema":{"@context":"https:\/\/schema.org","@graph":[{"@type":"WebPage","@id":"https:\/\/www-bromic-ca.bromicpimstg.sites.hosting.454.agency\/fr-ca\/produit\/eclipse-smart-heat-portable\/","url":"https:\/\/www-bromic-ca.bromicpimstg.sites.hosting.454.agency\/fr-ca\/produit\/eclipse-smart-heat-portable\/","name":"Eclipse Smart-Heat\u2122 Portable - Bromic Heating Canada","isPartOf":{"@id":"https:\/\/www-bromic-ca.bromicpimstg.sites.hosting.454.agency\/fr-ca\/#website"},"primaryImageOfPage":{"@id":"https:\/\/www-bromic-ca.bromicpimstg.sites.hosting.454.agency\/fr-ca\/produit\/eclipse-smart-heat-portable\/#primaryimage"},"image":{"@id":"https:\/\/www-bromic-ca.bromicpimstg.sites.hosting.454.agency\/fr-ca\/produit\/eclipse-smart-heat-portable\/#primaryimage"},"thumbnailUrl":"https:\/\/www-bromic-ca.bromicpimstg.sites.hosting.454.agency\/wp-content\/uploads\/sites\/3\/2025\/05\/Eclipse-Portable.png","datePublished":"2021-10-04T21:10:03+00:00","dateModified":"2025-11-12T22:36:03+00:00","description":"Tamisez les lumi\u00e8res et augmentez la chaleur avec notre chauffage \u00e9lectrique portable Eclipse Smart-Heat\u2122. Dot\u00e9 d'un design saisissant et \u00e9l\u00e9gant, ce puissant appareil de chauffage apportera \u00e0 la fois chaleur et lumi\u00e8re aux espaces ext\u00e9rieurs ax\u00e9s sur le design. &nbsp;","breadcrumb":{"@id":"https:\/\/www-bromic-ca.bromicpimstg.sites.hosting.454.agency\/fr-ca\/produit\/eclipse-smart-heat-portable\/#breadcrumb"},"inLanguage":"fr-CA","potentialAction":[{"@type":"ReadAction","target":["https:\/\/www-bromic-ca.bromicpimstg.sites.hosting.454.agency\/fr-ca\/produit\/eclipse-smart-heat-portable\/"]}]},{"@type":"ImageObject","inLanguage":"fr-CA","@id":"https:\/\/www-bromic-ca.bromicpimstg.sites.hosting.454.agency\/fr-ca\/produit\/eclipse-smart-heat-portable\/#primaryimage","url":"https:\/\/www-bromic-ca.bromicpimstg.sites.hosting.454.agency\/wp-content\/uploads\/sites\/3\/2025\/05\/Eclipse-Portable.png","contentUrl":"https:\/\/www-bromic-ca.bromicpimstg.sites.hosting.454.agency\/wp-content\/uploads\/sites\/3\/2025\/05\/Eclipse-Portable.png","width":3375,"height":3375},{"@type":"BreadcrumbList","@id":"https:\/\/www-bromic-ca.bromicpimstg.sites.hosting.454.agency\/fr-ca\/produit\/eclipse-smart-heat-portable\/#breadcrumb","itemListElement":[{"@type":"ListItem","position":1,"name":"Home","item":"https:\/\/www-bromic-ca.bromicpimstg.sites.hosting.454.agency\/fr-ca\/"},{"@type":"ListItem","position":2,"name":"Products","item":"https:\/\/www-bromic-ca.bromicpimstg.sites.hosting.454.agency\/products\/"},{"@type":"ListItem","position":3,"name":"Eclipse Smart-Heat\u2122 Portable"}]},{"@type":"WebSite","@id":"https:\/\/www-bromic-ca.bromicpimstg.sites.hosting.454.agency\/fr-ca\/#website","url":"https:\/\/www-bromic-ca.bromicpimstg.sites.hosting.454.agency\/fr-ca\/","name":"Bromic Heating Canada","description":"","publisher":{"@id":"https:\/\/www-bromic-ca.bromicpimstg.sites.hosting.454.agency\/fr-ca\/#organization"},"potentialAction":[{"@type":"SearchAction","target":{"@type":"EntryPoint","urlTemplate":"https:\/\/www-bromic-ca.bromicpimstg.sites.hosting.454.agency\/fr-ca\/?s={search_term_string}"},"query-input":{"@type":"PropertyValueSpecification","valueRequired":true,"valueName":"search_term_string"}}],"inLanguage":"fr-CA"},{"@type":"Organization","@id":"https:\/\/www-bromic-ca.bromicpimstg.sites.hosting.454.agency\/fr-ca\/#organization","name":"Bromic Heating Canada","url":"https:\/\/www-bromic-ca.bromicpimstg.sites.hosting.454.agency\/fr-ca\/","logo":{"@type":"ImageObject","inLanguage":"fr-CA","@id":"https:\/\/www-bromic-ca.bromicpimstg.sites.hosting.454.agency\/fr-ca\/#\/schema\/logo\/image\/","url":"https:\/\/www-bromic-ca.bromicpimstg.sites.hosting.454.agency\/wp-content\/uploads\/sites\/3\/2021\/09\/bromic-logo.png","contentUrl":"https:\/\/www-bromic-ca.bromicpimstg.sites.hosting.454.agency\/wp-content\/uploads\/sites\/3\/2021\/09\/bromic-logo.png","width":1000,"height":342,"caption":"Bromic Heating Canada"},"image":{"@id":"https:\/\/www-bromic-ca.bromicpimstg.sites.hosting.454.agency\/fr-ca\/#\/schema\/logo\/image\/"}}]}},"_links":{"self":[{"href":"https:\/\/www-bromic-ca.bromicpimstg.sites.hosting.454.agency\/fr-ca\/wp-json\/wp\/v2\/product\/78313","targetHints":{"allow":["GET"]}}],"collection":[{"href":"https:\/\/www-bromic-ca.bromicpimstg.sites.hosting.454.agency\/fr-ca\/wp-json\/wp\/v2\/product"}],"about":[{"href":"https:\/\/www-bromic-ca.bromicpimstg.sites.hosting.454.agency\/fr-ca\/wp-json\/wp\/v2\/types\/product"}],"replies":[{"embeddable":true,"href":"https:\/\/www-bromic-ca.bromicpimstg.sites.hosting.454.agency\/fr-ca\/wp-json\/wp\/v2\/comments?post=78313"}],"wp:featuredmedia":[{"embeddable":true,"href":"https:\/\/www-bromic-ca.bromicpimstg.sites.hosting.454.agency\/fr-ca\/wp-json\/wp\/v2\/media\/77192"}],"wp:attachment":[{"href":"https:\/\/www-bromic-ca.bromicpimstg.sites.hosting.454.agency\/fr-ca\/wp-json\/wp\/v2\/media?parent=78313"}],"wp:term":[{"taxonomy":"product_brand","embeddable":true,"href":"https:\/\/www-bromic-ca.bromicpimstg.sites.hosting.454.agency\/fr-ca\/wp-json\/wp\/v2\/product_brand?post=78313"},{"taxonomy":"product_cat","embeddable":true,"href":"https:\/\/www-bromic-ca.bromicpimstg.sites.hosting.454.agency\/fr-ca\/wp-json\/wp\/v2\/product_cat?post=78313"},{"taxonomy":"product_tag","embeddable":true,"href":"https:\/\/www-bromic-ca.bromicpimstg.sites.hosting.454.agency\/fr-ca\/wp-json\/wp\/v2\/product_tag?post=78313"}],"curies":[{"name":"wp","href":"https:\/\/api.w.org\/{rel}","templated":true}]}}