{"id":78314,"date":"2021-10-04T13:36:45","date_gmt":"2021-10-04T21:36:45","guid":{"rendered":"https:\/\/www-bromic-ca.bromicpimstg.sites.hosting.454.agency\/product\/eclipse-smart-heat-electric\/"},"modified":"2025-11-12T14:52:37","modified_gmt":"2025-11-12T22:52:37","slug":"eclipse-smart-heat-electric","status":"publish","type":"product","link":"https:\/\/www-bromic-ca.bromicpimstg.sites.hosting.454.agency\/fr-ca\/produit\/eclipse-smart-heat-electric\/","title":{"rendered":"Eclipse Smart-Heat\u2122 Electric"},"content":{"rendered":"<p>La s\u00e9rie Eclipse Smart-Heat Electric vous permettra de passer directement du d\u00eener aux digestifs gr\u00e2ce \u00e0 son rail d\u2019\u00e9clairage LED avec variateur et ses 3 r\u00e9glages de chaleur diff\u00e9rents. Du fait de sa fa\u00e7ade \u00e9l\u00e9gante en c\u00e9ramique et son aspect noir mat, la s\u00e9rie Bromic Eclipse Smart-HeatTM repr\u00e9sente l\u2019\u00e9quilibre parfait entre ambiance, \u00e9l\u00e9gance et fonctionnalit\u00e9.<\/p>\n<p>En plus du poteau double de 60 cm, l\u2019Eclipse Electric peut \u00eatre associ\u00e9 \u00e0 cinq autres mod\u00e8les de poteau magnifiques, incluant des options de montage mural et au plafond. Pour une commodit\u00e9 ultime, combinez cet \u00e9l\u00e9gant appareil de chauffage avec le variateur Smart-HeatTM Eclipse de Bromic et sa t\u00e9l\u00e9commande sans fil afin de r\u00e9gler avec pr\u00e9cision la couverture thermique et lumineuse depuis le confort de votre fauteuil !<\/p>\n","protected":false},"excerpt":{"rendered":"<p>Tamisez les lumi\u00e8res et augmentez la chaleur gr\u00e2ce \u00e0 notre radiateur \u00e9lectrique Eclipse Smart-Heat\u2122. Disponible en six options de montage uniques, la gamme Bromic Eclipse Smart-Heat\u2122 apporte \u00e9l\u00e9gance, chaleur et lumi\u00e8re aux espaces ext\u00e9rieurs ax\u00e9s sur le design.<\/p>\n","protected":false},"featured_media":76952,"comment_status":"closed","ping_status":"closed","template":"","meta":{"_acf_changed":false},"product_brand":[],"product_cat":[5377,5378],"product_tag":[],"class_list":{"0":"post-78314","1":"product","2":"type-product","3":"status-publish","4":"has-post-thumbnail","6":"product_cat-chauffe-terrasse-fr-ca","7":"product_cat-commandes-fr-ca","9":"first","10":"outofstock","11":"shipping-taxable","12":"product-type-simple"},"acf":[],"yoast_head":"<!-- This site is optimized with the Yoast SEO plugin v26.1.1 - https:\/\/yoast.com\/wordpress\/plugins\/seo\/ -->\n<title>Eclipse Smart-Heat\u2122 Electric - Bromic Heating Canada<\/title>\n<meta name=\"description\" content=\"Tamisez les lumi\u00e8res et augmentez la chaleur gr\u00e2ce \u00e0 notre radiateur \u00e9lectrique Eclipse Smart-Heat\u2122. Disponible en six options de montage uniques, la gamme Bromic Eclipse Smart-Heat\u2122 apporte \u00e9l\u00e9gance, chaleur et lumi\u00e8re aux espaces ext\u00e9rieurs ax\u00e9s sur le design.\" \/>\n<meta name=\"robots\" content=\"index, follow, max-snippet:-1, max-image-preview:large, max-video-preview:-1\" \/>\n<link rel=\"canonical\" href=\"https:\/\/www-bromic-ca.bromicpimstg.sites.hosting.454.agency\/fr-ca\/produit\/eclipse-smart-heat-electric\/\" \/>\n<meta property=\"og:locale\" content=\"fr_CA\" \/>\n<meta property=\"og:type\" content=\"article\" \/>\n<meta property=\"og:title\" content=\"Eclipse Smart-Heat\u2122 Electric - Bromic Heating Canada\" \/>\n<meta property=\"og:description\" content=\"Tamisez les lumi\u00e8res et augmentez la chaleur gr\u00e2ce \u00e0 notre radiateur \u00e9lectrique Eclipse Smart-Heat\u2122. Disponible en six options de montage uniques, la gamme Bromic Eclipse Smart-Heat\u2122 apporte \u00e9l\u00e9gance, chaleur et lumi\u00e8re aux espaces ext\u00e9rieurs ax\u00e9s sur le design.\" \/>\n<meta property=\"og:url\" content=\"https:\/\/www-bromic-ca.bromicpimstg.sites.hosting.454.agency\/fr-ca\/produit\/eclipse-smart-heat-electric\/\" \/>\n<meta property=\"og:site_name\" content=\"Bromic Heating Canada\" \/>\n<meta property=\"article:modified_time\" content=\"2025-11-12T22:52:37+00:00\" \/>\n<meta property=\"og:image\" content=\"https:\/\/www-bromic-ca.bromicpimstg.sites.hosting.454.agency\/wp-content\/uploads\/sites\/3\/2025\/05\/Eclipse-Electric.png\" \/>\n\t<meta property=\"og:image:width\" content=\"3375\" \/>\n\t<meta property=\"og:image:height\" content=\"3375\" \/>\n\t<meta property=\"og:image:type\" content=\"image\/png\" \/>\n<meta name=\"twitter:card\" content=\"summary_large_image\" \/>\n<meta name=\"twitter:label1\" content=\"Estimation du temps de lecture\" \/>\n\t<meta name=\"twitter:data1\" content=\"1 minute\" \/>\n<script type=\"application\/ld+json\" class=\"yoast-schema-graph\">{\"@context\":\"https:\/\/schema.org\",\"@graph\":[{\"@type\":\"WebPage\",\"@id\":\"https:\/\/www-bromic-ca.bromicpimstg.sites.hosting.454.agency\/fr-ca\/produit\/eclipse-smart-heat-electric\/\",\"url\":\"https:\/\/www-bromic-ca.bromicpimstg.sites.hosting.454.agency\/fr-ca\/produit\/eclipse-smart-heat-electric\/\",\"name\":\"Eclipse Smart-Heat\u2122 Electric - Bromic Heating Canada\",\"isPartOf\":{\"@id\":\"https:\/\/www-bromic-ca.bromicpimstg.sites.hosting.454.agency\/fr-ca\/#website\"},\"primaryImageOfPage\":{\"@id\":\"https:\/\/www-bromic-ca.bromicpimstg.sites.hosting.454.agency\/fr-ca\/produit\/eclipse-smart-heat-electric\/#primaryimage\"},\"image\":{\"@id\":\"https:\/\/www-bromic-ca.bromicpimstg.sites.hosting.454.agency\/fr-ca\/produit\/eclipse-smart-heat-electric\/#primaryimage\"},\"thumbnailUrl\":\"https:\/\/www-bromic-ca.bromicpimstg.sites.hosting.454.agency\/wp-content\/uploads\/sites\/3\/2025\/05\/Eclipse-Electric.png\",\"datePublished\":\"2021-10-04T21:36:45+00:00\",\"dateModified\":\"2025-11-12T22:52:37+00:00\",\"description\":\"Tamisez les lumi\u00e8res et augmentez la chaleur gr\u00e2ce \u00e0 notre radiateur \u00e9lectrique Eclipse Smart-Heat\u2122. Disponible en six options de montage uniques, la gamme Bromic Eclipse Smart-Heat\u2122 apporte \u00e9l\u00e9gance, chaleur et lumi\u00e8re aux espaces ext\u00e9rieurs ax\u00e9s sur le design.\",\"breadcrumb\":{\"@id\":\"https:\/\/www-bromic-ca.bromicpimstg.sites.hosting.454.agency\/fr-ca\/produit\/eclipse-smart-heat-electric\/#breadcrumb\"},\"inLanguage\":\"fr-CA\",\"potentialAction\":[{\"@type\":\"ReadAction\",\"target\":[\"https:\/\/www-bromic-ca.bromicpimstg.sites.hosting.454.agency\/fr-ca\/produit\/eclipse-smart-heat-electric\/\"]}]},{\"@type\":\"ImageObject\",\"inLanguage\":\"fr-CA\",\"@id\":\"https:\/\/www-bromic-ca.bromicpimstg.sites.hosting.454.agency\/fr-ca\/produit\/eclipse-smart-heat-electric\/#primaryimage\",\"url\":\"https:\/\/www-bromic-ca.bromicpimstg.sites.hosting.454.agency\/wp-content\/uploads\/sites\/3\/2025\/05\/Eclipse-Electric.png\",\"contentUrl\":\"https:\/\/www-bromic-ca.bromicpimstg.sites.hosting.454.agency\/wp-content\/uploads\/sites\/3\/2025\/05\/Eclipse-Electric.png\",\"width\":3375,\"height\":3375},{\"@type\":\"BreadcrumbList\",\"@id\":\"https:\/\/www-bromic-ca.bromicpimstg.sites.hosting.454.agency\/fr-ca\/produit\/eclipse-smart-heat-electric\/#breadcrumb\",\"itemListElement\":[{\"@type\":\"ListItem\",\"position\":1,\"name\":\"Home\",\"item\":\"https:\/\/www-bromic-ca.bromicpimstg.sites.hosting.454.agency\/fr-ca\/\"},{\"@type\":\"ListItem\",\"position\":2,\"name\":\"Products\",\"item\":\"https:\/\/www-bromic-ca.bromicpimstg.sites.hosting.454.agency\/products\/\"},{\"@type\":\"ListItem\",\"position\":3,\"name\":\"Eclipse Smart-Heat\u2122 Electric\"}]},{\"@type\":\"WebSite\",\"@id\":\"https:\/\/www-bromic-ca.bromicpimstg.sites.hosting.454.agency\/fr-ca\/#website\",\"url\":\"https:\/\/www-bromic-ca.bromicpimstg.sites.hosting.454.agency\/fr-ca\/\",\"name\":\"Bromic Heating Canada\",\"description\":\"\",\"publisher\":{\"@id\":\"https:\/\/www-bromic-ca.bromicpimstg.sites.hosting.454.agency\/fr-ca\/#organization\"},\"potentialAction\":[{\"@type\":\"SearchAction\",\"target\":{\"@type\":\"EntryPoint\",\"urlTemplate\":\"https:\/\/www-bromic-ca.bromicpimstg.sites.hosting.454.agency\/fr-ca\/?s={search_term_string}\"},\"query-input\":{\"@type\":\"PropertyValueSpecification\",\"valueRequired\":true,\"valueName\":\"search_term_string\"}}],\"inLanguage\":\"fr-CA\"},{\"@type\":\"Organization\",\"@id\":\"https:\/\/www-bromic-ca.bromicpimstg.sites.hosting.454.agency\/fr-ca\/#organization\",\"name\":\"Bromic Heating Canada\",\"url\":\"https:\/\/www-bromic-ca.bromicpimstg.sites.hosting.454.agency\/fr-ca\/\",\"logo\":{\"@type\":\"ImageObject\",\"inLanguage\":\"fr-CA\",\"@id\":\"https:\/\/www-bromic-ca.bromicpimstg.sites.hosting.454.agency\/fr-ca\/#\/schema\/logo\/image\/\",\"url\":\"https:\/\/www-bromic-ca.bromicpimstg.sites.hosting.454.agency\/wp-content\/uploads\/sites\/3\/2021\/09\/bromic-logo.png\",\"contentUrl\":\"https:\/\/www-bromic-ca.bromicpimstg.sites.hosting.454.agency\/wp-content\/uploads\/sites\/3\/2021\/09\/bromic-logo.png\",\"width\":1000,\"height\":342,\"caption\":\"Bromic Heating Canada\"},\"image\":{\"@id\":\"https:\/\/www-bromic-ca.bromicpimstg.sites.hosting.454.agency\/fr-ca\/#\/schema\/logo\/image\/\"}}]}<\/script>\n<!-- \/ Yoast SEO plugin. -->","yoast_head_json":{"title":"Eclipse Smart-Heat\u2122 Electric - Bromic Heating Canada","description":"Tamisez les lumi\u00e8res et augmentez la chaleur gr\u00e2ce \u00e0 notre radiateur \u00e9lectrique Eclipse Smart-Heat\u2122. Disponible en six options de montage uniques, la gamme Bromic Eclipse Smart-Heat\u2122 apporte \u00e9l\u00e9gance, chaleur et lumi\u00e8re aux espaces ext\u00e9rieurs ax\u00e9s sur le design.","robots":{"index":"index","follow":"follow","max-snippet":"max-snippet:-1","max-image-preview":"max-image-preview:large","max-video-preview":"max-video-preview:-1"},"canonical":"https:\/\/www-bromic-ca.bromicpimstg.sites.hosting.454.agency\/fr-ca\/produit\/eclipse-smart-heat-electric\/","og_locale":"fr_CA","og_type":"article","og_title":"Eclipse Smart-Heat\u2122 Electric - Bromic Heating Canada","og_description":"Tamisez les lumi\u00e8res et augmentez la chaleur gr\u00e2ce \u00e0 notre radiateur \u00e9lectrique Eclipse Smart-Heat\u2122. Disponible en six options de montage uniques, la gamme Bromic Eclipse Smart-Heat\u2122 apporte \u00e9l\u00e9gance, chaleur et lumi\u00e8re aux espaces ext\u00e9rieurs ax\u00e9s sur le design.","og_url":"https:\/\/www-bromic-ca.bromicpimstg.sites.hosting.454.agency\/fr-ca\/produit\/eclipse-smart-heat-electric\/","og_site_name":"Bromic Heating Canada","article_modified_time":"2025-11-12T22:52:37+00:00","og_image":[{"width":3375,"height":3375,"url":"https:\/\/www-bromic-ca.bromicpimstg.sites.hosting.454.agency\/wp-content\/uploads\/sites\/3\/2025\/05\/Eclipse-Electric.png","type":"image\/png"}],"twitter_card":"summary_large_image","twitter_misc":{"Estimation du temps de lecture":"1 minute"},"schema":{"@context":"https:\/\/schema.org","@graph":[{"@type":"WebPage","@id":"https:\/\/www-bromic-ca.bromicpimstg.sites.hosting.454.agency\/fr-ca\/produit\/eclipse-smart-heat-electric\/","url":"https:\/\/www-bromic-ca.bromicpimstg.sites.hosting.454.agency\/fr-ca\/produit\/eclipse-smart-heat-electric\/","name":"Eclipse Smart-Heat\u2122 Electric - Bromic Heating Canada","isPartOf":{"@id":"https:\/\/www-bromic-ca.bromicpimstg.sites.hosting.454.agency\/fr-ca\/#website"},"primaryImageOfPage":{"@id":"https:\/\/www-bromic-ca.bromicpimstg.sites.hosting.454.agency\/fr-ca\/produit\/eclipse-smart-heat-electric\/#primaryimage"},"image":{"@id":"https:\/\/www-bromic-ca.bromicpimstg.sites.hosting.454.agency\/fr-ca\/produit\/eclipse-smart-heat-electric\/#primaryimage"},"thumbnailUrl":"https:\/\/www-bromic-ca.bromicpimstg.sites.hosting.454.agency\/wp-content\/uploads\/sites\/3\/2025\/05\/Eclipse-Electric.png","datePublished":"2021-10-04T21:36:45+00:00","dateModified":"2025-11-12T22:52:37+00:00","description":"Tamisez les lumi\u00e8res et augmentez la chaleur gr\u00e2ce \u00e0 notre radiateur \u00e9lectrique Eclipse Smart-Heat\u2122. Disponible en six options de montage uniques, la gamme Bromic Eclipse Smart-Heat\u2122 apporte \u00e9l\u00e9gance, chaleur et lumi\u00e8re aux espaces ext\u00e9rieurs ax\u00e9s sur le design.","breadcrumb":{"@id":"https:\/\/www-bromic-ca.bromicpimstg.sites.hosting.454.agency\/fr-ca\/produit\/eclipse-smart-heat-electric\/#breadcrumb"},"inLanguage":"fr-CA","potentialAction":[{"@type":"ReadAction","target":["https:\/\/www-bromic-ca.bromicpimstg.sites.hosting.454.agency\/fr-ca\/produit\/eclipse-smart-heat-electric\/"]}]},{"@type":"ImageObject","inLanguage":"fr-CA","@id":"https:\/\/www-bromic-ca.bromicpimstg.sites.hosting.454.agency\/fr-ca\/produit\/eclipse-smart-heat-electric\/#primaryimage","url":"https:\/\/www-bromic-ca.bromicpimstg.sites.hosting.454.agency\/wp-content\/uploads\/sites\/3\/2025\/05\/Eclipse-Electric.png","contentUrl":"https:\/\/www-bromic-ca.bromicpimstg.sites.hosting.454.agency\/wp-content\/uploads\/sites\/3\/2025\/05\/Eclipse-Electric.png","width":3375,"height":3375},{"@type":"BreadcrumbList","@id":"https:\/\/www-bromic-ca.bromicpimstg.sites.hosting.454.agency\/fr-ca\/produit\/eclipse-smart-heat-electric\/#breadcrumb","itemListElement":[{"@type":"ListItem","position":1,"name":"Home","item":"https:\/\/www-bromic-ca.bromicpimstg.sites.hosting.454.agency\/fr-ca\/"},{"@type":"ListItem","position":2,"name":"Products","item":"https:\/\/www-bromic-ca.bromicpimstg.sites.hosting.454.agency\/products\/"},{"@type":"ListItem","position":3,"name":"Eclipse Smart-Heat\u2122 Electric"}]},{"@type":"WebSite","@id":"https:\/\/www-bromic-ca.bromicpimstg.sites.hosting.454.agency\/fr-ca\/#website","url":"https:\/\/www-bromic-ca.bromicpimstg.sites.hosting.454.agency\/fr-ca\/","name":"Bromic Heating Canada","description":"","publisher":{"@id":"https:\/\/www-bromic-ca.bromicpimstg.sites.hosting.454.agency\/fr-ca\/#organization"},"potentialAction":[{"@type":"SearchAction","target":{"@type":"EntryPoint","urlTemplate":"https:\/\/www-bromic-ca.bromicpimstg.sites.hosting.454.agency\/fr-ca\/?s={search_term_string}"},"query-input":{"@type":"PropertyValueSpecification","valueRequired":true,"valueName":"search_term_string"}}],"inLanguage":"fr-CA"},{"@type":"Organization","@id":"https:\/\/www-bromic-ca.bromicpimstg.sites.hosting.454.agency\/fr-ca\/#organization","name":"Bromic Heating Canada","url":"https:\/\/www-bromic-ca.bromicpimstg.sites.hosting.454.agency\/fr-ca\/","logo":{"@type":"ImageObject","inLanguage":"fr-CA","@id":"https:\/\/www-bromic-ca.bromicpimstg.sites.hosting.454.agency\/fr-ca\/#\/schema\/logo\/image\/","url":"https:\/\/www-bromic-ca.bromicpimstg.sites.hosting.454.agency\/wp-content\/uploads\/sites\/3\/2021\/09\/bromic-logo.png","contentUrl":"https:\/\/www-bromic-ca.bromicpimstg.sites.hosting.454.agency\/wp-content\/uploads\/sites\/3\/2021\/09\/bromic-logo.png","width":1000,"height":342,"caption":"Bromic Heating Canada"},"image":{"@id":"https:\/\/www-bromic-ca.bromicpimstg.sites.hosting.454.agency\/fr-ca\/#\/schema\/logo\/image\/"}}]}},"_links":{"self":[{"href":"https:\/\/www-bromic-ca.bromicpimstg.sites.hosting.454.agency\/fr-ca\/wp-json\/wp\/v2\/product\/78314","targetHints":{"allow":["GET"]}}],"collection":[{"href":"https:\/\/www-bromic-ca.bromicpimstg.sites.hosting.454.agency\/fr-ca\/wp-json\/wp\/v2\/product"}],"about":[{"href":"https:\/\/www-bromic-ca.bromicpimstg.sites.hosting.454.agency\/fr-ca\/wp-json\/wp\/v2\/types\/product"}],"replies":[{"embeddable":true,"href":"https:\/\/www-bromic-ca.bromicpimstg.sites.hosting.454.agency\/fr-ca\/wp-json\/wp\/v2\/comments?post=78314"}],"wp:featuredmedia":[{"embeddable":true,"href":"https:\/\/www-bromic-ca.bromicpimstg.sites.hosting.454.agency\/fr-ca\/wp-json\/wp\/v2\/media\/76952"}],"wp:attachment":[{"href":"https:\/\/www-bromic-ca.bromicpimstg.sites.hosting.454.agency\/fr-ca\/wp-json\/wp\/v2\/media?parent=78314"}],"wp:term":[{"taxonomy":"product_brand","embeddable":true,"href":"https:\/\/www-bromic-ca.bromicpimstg.sites.hosting.454.agency\/fr-ca\/wp-json\/wp\/v2\/product_brand?post=78314"},{"taxonomy":"product_cat","embeddable":true,"href":"https:\/\/www-bromic-ca.bromicpimstg.sites.hosting.454.agency\/fr-ca\/wp-json\/wp\/v2\/product_cat?post=78314"},{"taxonomy":"product_tag","embeddable":true,"href":"https:\/\/www-bromic-ca.bromicpimstg.sites.hosting.454.agency\/fr-ca\/wp-json\/wp\/v2\/product_tag?post=78314"}],"curies":[{"name":"wp","href":"https:\/\/api.w.org\/{rel}","templated":true}]}}